{"id":8090,"date":"2025-08-19T11:15:06","date_gmt":"2025-08-19T09:15:06","guid":{"rendered":"https:\/\/kurioworld.com\/shop-fr\/?post_type=product&#038;p=8090"},"modified":"2025-10-01T16:20:44","modified_gmt":"2025-10-01T14:20:44","slug":"haut-parleur","status":"publish","type":"product","link":"https:\/\/kurioworld.com\/shop-fr\/product\/haut-parleur\/","title":{"rendered":"Haut-parleur"},"content":{"rendered":"","protected":false},"excerpt":{"rendered":"<p>SAV Kurio met \u00e0 votre disposition :<br \/>\nHaut-parleur &#8211; pi\u00e8ce de rechange neuve et authentique pour votre tablette Kurio 7 pouces.<\/p>\n","protected":false},"featured_media":8091,"comment_status":"closed","ping_status":"closed","template":"","meta":[],"product_brand":[],"product_cat":[34],"product_tag":[],"class_list":{"0":"post-8090","1":"product","2":"type-product","3":"status-publish","4":"has-post-thumbnail","6":"product_cat-kurio-7-pouces-motion","8":"first","9":"instock","10":"shipping-taxable","11":"purchasable","12":"product-type-simple"},"yoast_head":"<!-- This site is optimized with the Yoast SEO plugin v27.3 - https:\/\/yoast.com\/product\/yoast-seo-wordpress\/ -->\n<title>Haut-parleur - Pi\u00e8ces d\u00e9tach\u00e9es Kurio<\/title>\n<meta name=\"robots\" content=\"noindex, follow, max-snippet:-1, max-image-preview:large, max-video-preview:-1\" \/>\n<meta property=\"og:locale\" content=\"fr_FR\" \/>\n<meta property=\"og:type\" content=\"article\" \/>\n<meta property=\"og:title\" content=\"Haut-parleur - Pi\u00e8ces d\u00e9tach\u00e9es Kurio\" \/>\n<meta property=\"og:description\" content=\"SAV Kurio met \u00e0 votre disposition : Haut-parleur - pi\u00e8ce de rechange neuve et authentique pour votre tablette Kurio 7 pouces.\" \/>\n<meta property=\"og:url\" content=\"https:\/\/kurioworld.com\/shop-fr\/product\/haut-parleur\/\" \/>\n<meta property=\"og:site_name\" content=\"Pi\u00e8ces d\u00e9tach\u00e9es Kurio\" \/>\n<meta property=\"article:modified_time\" content=\"2025-10-01T14:20:44+00:00\" \/>\n<meta property=\"og:image\" content=\"https:\/\/kurioworld.com\/shop-fr\/wp-content\/uploads\/sites\/26\/2025\/08\/1121500193_Speaker.png\" \/>\n\t<meta property=\"og:image:width\" content=\"1200\" \/>\n\t<meta property=\"og:image:height\" content=\"900\" \/>\n\t<meta property=\"og:image:type\" content=\"image\/png\" \/>\n<meta name=\"twitter:card\" content=\"summary_large_image\" \/>\n<meta name=\"twitter:label1\" content=\"Dur\u00e9e de lecture estim\u00e9e\" \/>\n\t<meta name=\"twitter:data1\" content=\"1 minute\" \/>\n<script type=\"application\/ld+json\" class=\"yoast-schema-graph\">{\"@context\":\"https:\\\/\\\/schema.org\",\"@graph\":[{\"@type\":\"WebPage\",\"@id\":\"https:\\\/\\\/kurioworld.com\\\/shop-fr\\\/product\\\/haut-parleur\\\/\",\"url\":\"https:\\\/\\\/kurioworld.com\\\/shop-fr\\\/product\\\/haut-parleur\\\/\",\"name\":\"Haut-parleur - Pi\u00e8ces d\u00e9tach\u00e9es Kurio\",\"isPartOf\":{\"@id\":\"https:\\\/\\\/kurioworld.com\\\/shop-fr\\\/#website\"},\"primaryImageOfPage\":{\"@id\":\"https:\\\/\\\/kurioworld.com\\\/shop-fr\\\/product\\\/haut-parleur\\\/#primaryimage\"},\"image\":{\"@id\":\"https:\\\/\\\/kurioworld.com\\\/shop-fr\\\/product\\\/haut-parleur\\\/#primaryimage\"},\"thumbnailUrl\":\"https:\\\/\\\/kurioworld.com\\\/shop-fr\\\/wp-content\\\/uploads\\\/sites\\\/26\\\/2025\\\/08\\\/1121500193_Speaker.png\",\"datePublished\":\"2025-08-19T09:15:06+00:00\",\"dateModified\":\"2025-10-01T14:20:44+00:00\",\"breadcrumb\":{\"@id\":\"https:\\\/\\\/kurioworld.com\\\/shop-fr\\\/product\\\/haut-parleur\\\/#breadcrumb\"},\"inLanguage\":\"fr-FR\",\"potentialAction\":[{\"@type\":\"ReadAction\",\"target\":[\"https:\\\/\\\/kurioworld.com\\\/shop-fr\\\/product\\\/haut-parleur\\\/\"]}]},{\"@type\":\"ImageObject\",\"inLanguage\":\"fr-FR\",\"@id\":\"https:\\\/\\\/kurioworld.com\\\/shop-fr\\\/product\\\/haut-parleur\\\/#primaryimage\",\"url\":\"https:\\\/\\\/kurioworld.com\\\/shop-fr\\\/wp-content\\\/uploads\\\/sites\\\/26\\\/2025\\\/08\\\/1121500193_Speaker.png\",\"contentUrl\":\"https:\\\/\\\/kurioworld.com\\\/shop-fr\\\/wp-content\\\/uploads\\\/sites\\\/26\\\/2025\\\/08\\\/1121500193_Speaker.png\",\"width\":1200,\"height\":900},{\"@type\":\"BreadcrumbList\",\"@id\":\"https:\\\/\\\/kurioworld.com\\\/shop-fr\\\/product\\\/haut-parleur\\\/#breadcrumb\",\"itemListElement\":[{\"@type\":\"ListItem\",\"position\":1,\"name\":\"Portada\",\"item\":\"https:\\\/\\\/kurioworld.com\\\/shop-fr\\\/\"},{\"@type\":\"ListItem\",\"position\":2,\"name\":\"Products\",\"item\":\"https:\\\/\\\/kurioworld.com\\\/shop-fr\\\/shop\\\/\"},{\"@type\":\"ListItem\",\"position\":3,\"name\":\"Haut-parleur\"}]},{\"@type\":\"WebSite\",\"@id\":\"https:\\\/\\\/kurioworld.com\\\/shop-fr\\\/#website\",\"url\":\"https:\\\/\\\/kurioworld.com\\\/shop-fr\\\/\",\"name\":\"Pi\u00e8ces d\u00e9tach\u00e9es Kurio\",\"description\":\"SAFE TECH FOR KIDS\",\"potentialAction\":[{\"@type\":\"SearchAction\",\"target\":{\"@type\":\"EntryPoint\",\"urlTemplate\":\"https:\\\/\\\/kurioworld.com\\\/shop-fr\\\/?s={search_term_string}\"},\"query-input\":{\"@type\":\"PropertyValueSpecification\",\"valueRequired\":true,\"valueName\":\"search_term_string\"}}],\"inLanguage\":\"fr-FR\"}]}<\/script>\n<!-- \/ Yoast SEO plugin. -->","yoast_head_json":{"title":"Haut-parleur - Pi\u00e8ces d\u00e9tach\u00e9es Kurio","robots":{"index":"noindex","follow":"follow","max-snippet":"max-snippet:-1","max-image-preview":"max-image-preview:large","max-video-preview":"max-video-preview:-1"},"og_locale":"fr_FR","og_type":"article","og_title":"Haut-parleur - Pi\u00e8ces d\u00e9tach\u00e9es Kurio","og_description":"SAV Kurio met \u00e0 votre disposition : Haut-parleur - pi\u00e8ce de rechange neuve et authentique pour votre tablette Kurio 7 pouces.","og_url":"https:\/\/kurioworld.com\/shop-fr\/product\/haut-parleur\/","og_site_name":"Pi\u00e8ces d\u00e9tach\u00e9es Kurio","article_modified_time":"2025-10-01T14:20:44+00:00","og_image":[{"width":1200,"height":900,"url":"https:\/\/kurioworld.com\/shop-fr\/wp-content\/uploads\/sites\/26\/2025\/08\/1121500193_Speaker.png","type":"image\/png"}],"twitter_card":"summary_large_image","twitter_misc":{"Dur\u00e9e de lecture estim\u00e9e":"1 minute"},"schema":{"@context":"https:\/\/schema.org","@graph":[{"@type":"WebPage","@id":"https:\/\/kurioworld.com\/shop-fr\/product\/haut-parleur\/","url":"https:\/\/kurioworld.com\/shop-fr\/product\/haut-parleur\/","name":"Haut-parleur - Pi\u00e8ces d\u00e9tach\u00e9es Kurio","isPartOf":{"@id":"https:\/\/kurioworld.com\/shop-fr\/#website"},"primaryImageOfPage":{"@id":"https:\/\/kurioworld.com\/shop-fr\/product\/haut-parleur\/#primaryimage"},"image":{"@id":"https:\/\/kurioworld.com\/shop-fr\/product\/haut-parleur\/#primaryimage"},"thumbnailUrl":"https:\/\/kurioworld.com\/shop-fr\/wp-content\/uploads\/sites\/26\/2025\/08\/1121500193_Speaker.png","datePublished":"2025-08-19T09:15:06+00:00","dateModified":"2025-10-01T14:20:44+00:00","breadcrumb":{"@id":"https:\/\/kurioworld.com\/shop-fr\/product\/haut-parleur\/#breadcrumb"},"inLanguage":"fr-FR","potentialAction":[{"@type":"ReadAction","target":["https:\/\/kurioworld.com\/shop-fr\/product\/haut-parleur\/"]}]},{"@type":"ImageObject","inLanguage":"fr-FR","@id":"https:\/\/kurioworld.com\/shop-fr\/product\/haut-parleur\/#primaryimage","url":"https:\/\/kurioworld.com\/shop-fr\/wp-content\/uploads\/sites\/26\/2025\/08\/1121500193_Speaker.png","contentUrl":"https:\/\/kurioworld.com\/shop-fr\/wp-content\/uploads\/sites\/26\/2025\/08\/1121500193_Speaker.png","width":1200,"height":900},{"@type":"BreadcrumbList","@id":"https:\/\/kurioworld.com\/shop-fr\/product\/haut-parleur\/#breadcrumb","itemListElement":[{"@type":"ListItem","position":1,"name":"Portada","item":"https:\/\/kurioworld.com\/shop-fr\/"},{"@type":"ListItem","position":2,"name":"Products","item":"https:\/\/kurioworld.com\/shop-fr\/shop\/"},{"@type":"ListItem","position":3,"name":"Haut-parleur"}]},{"@type":"WebSite","@id":"https:\/\/kurioworld.com\/shop-fr\/#website","url":"https:\/\/kurioworld.com\/shop-fr\/","name":"Pi\u00e8ces d\u00e9tach\u00e9es Kurio","description":"SAFE TECH FOR KIDS","potentialAction":[{"@type":"SearchAction","target":{"@type":"EntryPoint","urlTemplate":"https:\/\/kurioworld.com\/shop-fr\/?s={search_term_string}"},"query-input":{"@type":"PropertyValueSpecification","valueRequired":true,"valueName":"search_term_string"}}],"inLanguage":"fr-FR"}]}},"_links":{"self":[{"href":"https:\/\/kurioworld.com\/shop-fr\/wp-json\/wp\/v2\/product\/8090","targetHints":{"allow":["GET"]}}],"collection":[{"href":"https:\/\/kurioworld.com\/shop-fr\/wp-json\/wp\/v2\/product"}],"about":[{"href":"https:\/\/kurioworld.com\/shop-fr\/wp-json\/wp\/v2\/types\/product"}],"replies":[{"embeddable":true,"href":"https:\/\/kurioworld.com\/shop-fr\/wp-json\/wp\/v2\/comments?post=8090"}],"wp:featuredmedia":[{"embeddable":true,"href":"https:\/\/kurioworld.com\/shop-fr\/wp-json\/wp\/v2\/media\/8091"}],"wp:attachment":[{"href":"https:\/\/kurioworld.com\/shop-fr\/wp-json\/wp\/v2\/media?parent=8090"}],"wp:term":[{"taxonomy":"product_brand","embeddable":true,"href":"https:\/\/kurioworld.com\/shop-fr\/wp-json\/wp\/v2\/product_brand?post=8090"},{"taxonomy":"product_cat","embeddable":true,"href":"https:\/\/kurioworld.com\/shop-fr\/wp-json\/wp\/v2\/product_cat?post=8090"},{"taxonomy":"product_tag","embeddable":true,"href":"https:\/\/kurioworld.com\/shop-fr\/wp-json\/wp\/v2\/product_tag?post=8090"}],"curies":[{"name":"wp","href":"https:\/\/api.w.org\/{rel}","templated":true}]}}