{"id":8079,"date":"2025-08-06T17:49:32","date_gmt":"2025-08-06T15:49:32","guid":{"rendered":"https:\/\/kurioworld.com\/shop-fr\/?post_type=product&#038;p=8079"},"modified":"2025-09-02T16:15:36","modified_gmt":"2025-09-02T14:15:36","slug":"carte-mere","status":"publish","type":"product","link":"https:\/\/kurioworld.com\/shop-fr\/product\/carte-mere\/","title":{"rendered":"Carte m\u00e8re"},"content":{"rendered":"","protected":false},"excerpt":{"rendered":"<p>SAV Kurio met \u00e0 votre disposition :<br \/>\nCarte m\u00e8re &#8211; pi\u00e8ce de rechange neuve et authentique pour votre tablette Kurio 7 pouces.<\/p>\n","protected":false},"featured_media":8081,"comment_status":"closed","ping_status":"closed","template":"","meta":[],"product_brand":[],"product_cat":[34],"product_tag":[],"class_list":{"0":"post-8079","1":"product","2":"type-product","3":"status-publish","4":"has-post-thumbnail","6":"product_cat-kurio-7-pouces-motion","8":"first","9":"instock","10":"shipping-taxable","11":"purchasable","12":"product-type-simple"},"yoast_head":"<!-- This site is optimized with the Yoast SEO plugin v27.3 - https:\/\/yoast.com\/product\/yoast-seo-wordpress\/ -->\n<title>Carte m\u00e8re - Pi\u00e8ces d\u00e9tach\u00e9es Kurio<\/title>\n<meta name=\"robots\" content=\"noindex, follow, max-snippet:-1, max-image-preview:large, max-video-preview:-1\" \/>\n<meta property=\"og:locale\" content=\"fr_FR\" \/>\n<meta property=\"og:type\" content=\"article\" \/>\n<meta property=\"og:title\" content=\"Carte m\u00e8re - Pi\u00e8ces d\u00e9tach\u00e9es Kurio\" \/>\n<meta property=\"og:description\" content=\"SAV Kurio met \u00e0 votre disposition : Carte m\u00e8re - pi\u00e8ce de rechange neuve et authentique pour votre tablette Kurio 7 pouces.\" \/>\n<meta property=\"og:url\" content=\"https:\/\/kurioworld.com\/shop-fr\/product\/carte-mere\/\" \/>\n<meta property=\"og:site_name\" content=\"Pi\u00e8ces d\u00e9tach\u00e9es Kurio\" \/>\n<meta property=\"article:modified_time\" content=\"2025-09-02T14:15:36+00:00\" \/>\n<meta property=\"og:image\" content=\"https:\/\/kurioworld.com\/shop-fr\/wp-content\/uploads\/sites\/26\/2025\/08\/1121500189_Mainboard.png\" \/>\n\t<meta property=\"og:image:width\" content=\"2016\" \/>\n\t<meta property=\"og:image:height\" content=\"1512\" \/>\n\t<meta property=\"og:image:type\" content=\"image\/png\" \/>\n<meta name=\"twitter:card\" content=\"summary_large_image\" \/>\n<meta name=\"twitter:label1\" content=\"Dur\u00e9e de lecture estim\u00e9e\" \/>\n\t<meta name=\"twitter:data1\" content=\"1 minute\" \/>\n<script type=\"application\/ld+json\" class=\"yoast-schema-graph\">{\"@context\":\"https:\\\/\\\/schema.org\",\"@graph\":[{\"@type\":\"WebPage\",\"@id\":\"https:\\\/\\\/kurioworld.com\\\/shop-fr\\\/product\\\/carte-mere\\\/\",\"url\":\"https:\\\/\\\/kurioworld.com\\\/shop-fr\\\/product\\\/carte-mere\\\/\",\"name\":\"Carte m\u00e8re - Pi\u00e8ces d\u00e9tach\u00e9es Kurio\",\"isPartOf\":{\"@id\":\"https:\\\/\\\/kurioworld.com\\\/shop-fr\\\/#website\"},\"primaryImageOfPage\":{\"@id\":\"https:\\\/\\\/kurioworld.com\\\/shop-fr\\\/product\\\/carte-mere\\\/#primaryimage\"},\"image\":{\"@id\":\"https:\\\/\\\/kurioworld.com\\\/shop-fr\\\/product\\\/carte-mere\\\/#primaryimage\"},\"thumbnailUrl\":\"https:\\\/\\\/kurioworld.com\\\/shop-fr\\\/wp-content\\\/uploads\\\/sites\\\/26\\\/2025\\\/08\\\/1121500189_Mainboard.png\",\"datePublished\":\"2025-08-06T15:49:32+00:00\",\"dateModified\":\"2025-09-02T14:15:36+00:00\",\"breadcrumb\":{\"@id\":\"https:\\\/\\\/kurioworld.com\\\/shop-fr\\\/product\\\/carte-mere\\\/#breadcrumb\"},\"inLanguage\":\"fr-FR\",\"potentialAction\":[{\"@type\":\"ReadAction\",\"target\":[\"https:\\\/\\\/kurioworld.com\\\/shop-fr\\\/product\\\/carte-mere\\\/\"]}]},{\"@type\":\"ImageObject\",\"inLanguage\":\"fr-FR\",\"@id\":\"https:\\\/\\\/kurioworld.com\\\/shop-fr\\\/product\\\/carte-mere\\\/#primaryimage\",\"url\":\"https:\\\/\\\/kurioworld.com\\\/shop-fr\\\/wp-content\\\/uploads\\\/sites\\\/26\\\/2025\\\/08\\\/1121500189_Mainboard.png\",\"contentUrl\":\"https:\\\/\\\/kurioworld.com\\\/shop-fr\\\/wp-content\\\/uploads\\\/sites\\\/26\\\/2025\\\/08\\\/1121500189_Mainboard.png\",\"width\":2016,\"height\":1512},{\"@type\":\"BreadcrumbList\",\"@id\":\"https:\\\/\\\/kurioworld.com\\\/shop-fr\\\/product\\\/carte-mere\\\/#breadcrumb\",\"itemListElement\":[{\"@type\":\"ListItem\",\"position\":1,\"name\":\"Portada\",\"item\":\"https:\\\/\\\/kurioworld.com\\\/shop-fr\\\/\"},{\"@type\":\"ListItem\",\"position\":2,\"name\":\"Products\",\"item\":\"https:\\\/\\\/kurioworld.com\\\/shop-fr\\\/shop\\\/\"},{\"@type\":\"ListItem\",\"position\":3,\"name\":\"Carte m\u00e8re\"}]},{\"@type\":\"WebSite\",\"@id\":\"https:\\\/\\\/kurioworld.com\\\/shop-fr\\\/#website\",\"url\":\"https:\\\/\\\/kurioworld.com\\\/shop-fr\\\/\",\"name\":\"Pi\u00e8ces d\u00e9tach\u00e9es Kurio\",\"description\":\"SAFE TECH FOR KIDS\",\"potentialAction\":[{\"@type\":\"SearchAction\",\"target\":{\"@type\":\"EntryPoint\",\"urlTemplate\":\"https:\\\/\\\/kurioworld.com\\\/shop-fr\\\/?s={search_term_string}\"},\"query-input\":{\"@type\":\"PropertyValueSpecification\",\"valueRequired\":true,\"valueName\":\"search_term_string\"}}],\"inLanguage\":\"fr-FR\"}]}<\/script>\n<!-- \/ Yoast SEO plugin. -->","yoast_head_json":{"title":"Carte m\u00e8re - Pi\u00e8ces d\u00e9tach\u00e9es Kurio","robots":{"index":"noindex","follow":"follow","max-snippet":"max-snippet:-1","max-image-preview":"max-image-preview:large","max-video-preview":"max-video-preview:-1"},"og_locale":"fr_FR","og_type":"article","og_title":"Carte m\u00e8re - Pi\u00e8ces d\u00e9tach\u00e9es Kurio","og_description":"SAV Kurio met \u00e0 votre disposition : Carte m\u00e8re - pi\u00e8ce de rechange neuve et authentique pour votre tablette Kurio 7 pouces.","og_url":"https:\/\/kurioworld.com\/shop-fr\/product\/carte-mere\/","og_site_name":"Pi\u00e8ces d\u00e9tach\u00e9es Kurio","article_modified_time":"2025-09-02T14:15:36+00:00","og_image":[{"width":2016,"height":1512,"url":"https:\/\/kurioworld.com\/shop-fr\/wp-content\/uploads\/sites\/26\/2025\/08\/1121500189_Mainboard.png","type":"image\/png"}],"twitter_card":"summary_large_image","twitter_misc":{"Dur\u00e9e de lecture estim\u00e9e":"1 minute"},"schema":{"@context":"https:\/\/schema.org","@graph":[{"@type":"WebPage","@id":"https:\/\/kurioworld.com\/shop-fr\/product\/carte-mere\/","url":"https:\/\/kurioworld.com\/shop-fr\/product\/carte-mere\/","name":"Carte m\u00e8re - Pi\u00e8ces d\u00e9tach\u00e9es Kurio","isPartOf":{"@id":"https:\/\/kurioworld.com\/shop-fr\/#website"},"primaryImageOfPage":{"@id":"https:\/\/kurioworld.com\/shop-fr\/product\/carte-mere\/#primaryimage"},"image":{"@id":"https:\/\/kurioworld.com\/shop-fr\/product\/carte-mere\/#primaryimage"},"thumbnailUrl":"https:\/\/kurioworld.com\/shop-fr\/wp-content\/uploads\/sites\/26\/2025\/08\/1121500189_Mainboard.png","datePublished":"2025-08-06T15:49:32+00:00","dateModified":"2025-09-02T14:15:36+00:00","breadcrumb":{"@id":"https:\/\/kurioworld.com\/shop-fr\/product\/carte-mere\/#breadcrumb"},"inLanguage":"fr-FR","potentialAction":[{"@type":"ReadAction","target":["https:\/\/kurioworld.com\/shop-fr\/product\/carte-mere\/"]}]},{"@type":"ImageObject","inLanguage":"fr-FR","@id":"https:\/\/kurioworld.com\/shop-fr\/product\/carte-mere\/#primaryimage","url":"https:\/\/kurioworld.com\/shop-fr\/wp-content\/uploads\/sites\/26\/2025\/08\/1121500189_Mainboard.png","contentUrl":"https:\/\/kurioworld.com\/shop-fr\/wp-content\/uploads\/sites\/26\/2025\/08\/1121500189_Mainboard.png","width":2016,"height":1512},{"@type":"BreadcrumbList","@id":"https:\/\/kurioworld.com\/shop-fr\/product\/carte-mere\/#breadcrumb","itemListElement":[{"@type":"ListItem","position":1,"name":"Portada","item":"https:\/\/kurioworld.com\/shop-fr\/"},{"@type":"ListItem","position":2,"name":"Products","item":"https:\/\/kurioworld.com\/shop-fr\/shop\/"},{"@type":"ListItem","position":3,"name":"Carte m\u00e8re"}]},{"@type":"WebSite","@id":"https:\/\/kurioworld.com\/shop-fr\/#website","url":"https:\/\/kurioworld.com\/shop-fr\/","name":"Pi\u00e8ces d\u00e9tach\u00e9es Kurio","description":"SAFE TECH FOR KIDS","potentialAction":[{"@type":"SearchAction","target":{"@type":"EntryPoint","urlTemplate":"https:\/\/kurioworld.com\/shop-fr\/?s={search_term_string}"},"query-input":{"@type":"PropertyValueSpecification","valueRequired":true,"valueName":"search_term_string"}}],"inLanguage":"fr-FR"}]}},"_links":{"self":[{"href":"https:\/\/kurioworld.com\/shop-fr\/wp-json\/wp\/v2\/product\/8079","targetHints":{"allow":["GET"]}}],"collection":[{"href":"https:\/\/kurioworld.com\/shop-fr\/wp-json\/wp\/v2\/product"}],"about":[{"href":"https:\/\/kurioworld.com\/shop-fr\/wp-json\/wp\/v2\/types\/product"}],"replies":[{"embeddable":true,"href":"https:\/\/kurioworld.com\/shop-fr\/wp-json\/wp\/v2\/comments?post=8079"}],"wp:featuredmedia":[{"embeddable":true,"href":"https:\/\/kurioworld.com\/shop-fr\/wp-json\/wp\/v2\/media\/8081"}],"wp:attachment":[{"href":"https:\/\/kurioworld.com\/shop-fr\/wp-json\/wp\/v2\/media?parent=8079"}],"wp:term":[{"taxonomy":"product_brand","embeddable":true,"href":"https:\/\/kurioworld.com\/shop-fr\/wp-json\/wp\/v2\/product_brand?post=8079"},{"taxonomy":"product_cat","embeddable":true,"href":"https:\/\/kurioworld.com\/shop-fr\/wp-json\/wp\/v2\/product_cat?post=8079"},{"taxonomy":"product_tag","embeddable":true,"href":"https:\/\/kurioworld.com\/shop-fr\/wp-json\/wp\/v2\/product_tag?post=8079"}],"curies":[{"name":"wp","href":"https:\/\/api.w.org\/{rel}","templated":true}]}}