{"id":8119,"date":"2025-08-20T10:48:52","date_gmt":"2025-08-20T08:48:52","guid":{"rendered":"https:\/\/kurioworld.com\/shop-fr\/?page_id=8119"},"modified":"2025-09-02T15:29:17","modified_gmt":"2025-09-02T13:29:17","slug":"quote","status":"publish","type":"page","link":"https:\/\/kurioworld.com\/shop-fr\/quote\/","title":{"rendered":"Devis"},"content":{"rendered":"<section class=\"l-section wpb_row height_medium\"><div class=\"l-section-h i-cf\"><div class=\"g-cols vc_row via_flex valign_top type_default stacking_default\"><div class=\"vc_col-sm-12 wpb_column vc_column_container\"><div class=\"vc_column-inner\"><div class=\"wpb_wrapper\"><div class=\"wpb_text_column\"><div class=\"wpb_wrapper\">\n<div class=\"woocommerce ywraq-wrapper ywraq-empty\">\n\t\t\t<div id=\"yith-ywraq-message\"><div class=\"ywraq-question-message\">\n\t<\/div>\n<\/div>\n\t\t\n\t\t\t\t<div class=\"ywraq-form-table-wrapper wide\">\n\t\t\t<div class=\"ywraq-before-form\">\n\t<p class=\"ywraq_list_empty_message\">Votre liste est vide, ajoutez des produits \u00e0 la liste pour envoyer une demande<p><p class=\"return-to-shop\"><a class=\"button wc-backward\" href=\"https:\/\/kurioworld.com\/shop-fr\/\">Retourner \u00e0 la boutique<\/a><\/p><\/div>\n\t\t\t\t\t<\/div>\n\t<\/div>\n\n<\/div><\/div><\/div><\/div><\/div><\/div><\/div><\/section><section class=\"l-section wpb_row height_medium color_secondary\"><div class=\"l-section-h i-cf\"><div class=\"g-cols vc_row via_flex valign_top type_default stacking_default\"><div class=\"vc_col-sm-12 wpb_column vc_column_container\"><div class=\"vc_column-inner\"><div class=\"wpb_wrapper\"><div class=\"w-grid us_product_list type_grid layout_shop_modern cols_5 overflow_hidden preload_style_spinner with_css_animation\" id=\"us_product_list_u42b\" style=\"--columns:5;--gap:1.5rem;\"><style>@media (max-width:1024px){#us_product_list_u42b{--columns:2!important}}@media (max-width:600px){#us_product_list_u42b{--columns:1!important}}.layout_shop_modern .w-grid-item-h{background:var(--color-content-bg);color:var(--color-content-text);border-radius:var(--site-border-radius);box-shadow:0 0.03rem 0.06rem rgba(0,0,0,0.1),0 0.1rem 0.3rem rgba(0,0,0,0.1);transition-duration:0.3s}.no-touch .layout_shop_modern .w-grid-item-h:hover{box-shadow:0 0.1rem 0.2rem rgba(0,0,0,0.1),0 0.33rem 1rem rgba(0,0,0,0.15);z-index:4}.layout_shop_modern .usg_vwrapper_1{transition-duration:0.2s;transform-origin:50% 50%;transform:scale(1) translate(0%,0%)}.layout_shop_modern .w-grid-item-h:focus-within .usg_vwrapper_1,.layout_shop_modern .w-grid-item-h:hover .usg_vwrapper_1{transform:scale(1) translate(0%,-2.4rem);opacity:1}.layout_shop_modern .usg_add_to_cart_1{transition-duration:0.3s;transform-origin:50% 50%;transform:scale(1) translate(0%,0%);opacity:0}.layout_shop_modern .w-grid-item-h:focus-within .usg_add_to_cart_1,.layout_shop_modern .w-grid-item-h:hover .usg_add_to_cart_1{transform:scale(1) translate(0%,0%);opacity:1}.layout_shop_modern .usg_product_field_1{color:#fff!important;font-size:12px!important;font-weight:700!important;text-transform:uppercase!important;position:absolute!important;top:10px!important;left:10px!important;padding-right:0.8rem!important;padding-left:0.8rem!important;border-radius:9em!important;background:var(--color-content-primary)!important}.layout_shop_modern .usg_vwrapper_1{background:inherit!important;padding:1rem 1.2rem 1rem 1.2rem!important}.layout_shop_modern .usg_post_title_1{color:inherit!important;font-size:1rem!important;margin-bottom:0.3rem!important}.layout_shop_modern .usg_product_field_2{margin-bottom:0.3rem!important}.layout_shop_modern .usg_product_field_3{font-weight:700!important}.layout_shop_modern .usg_add_to_cart_1{font-size:0.8rem!important;width:100%!important;border-radius:0!important;position:absolute!important;right:0!important;bottom:0!important;left:0!important}<\/style><div class=\"w-grid-list\">\t<article class=\"w-grid-item us_animate_afb size_1x1 post-8079 product type-product status-publish has-post-thumbnail product_cat-kurio-7-pouces-motion first instock shipping-taxable purchasable product-type-simple\" data-id=\"8079\" style=\"animation-delay:0s\">\r\n\t\t<div class=\"w-grid-item-h\">\r\n\t\t\t\t\t\t<div class=\"w-post-elm post_image usg_post_image_1 stretched\"><a href=\"https:\/\/kurioworld.com\/shop-fr\/product\/carte-mere\/\" aria-label=\"Carte m\u00e8re\"><img loading=\"lazy\" decoding=\"async\" width=\"300\" height=\"300\" src=\"https:\/\/kurioworld.com\/shop-fr\/wp-content\/uploads\/sites\/26\/2025\/08\/1121500189_Mainboard-300x300.png\" class=\"attachment-woocommerce_thumbnail size-woocommerce_thumbnail wp-post-image\" alt=\"\" srcset=\"https:\/\/kurioworld.com\/shop-fr\/wp-content\/uploads\/sites\/26\/2025\/08\/1121500189_Mainboard-300x300.png 300w, https:\/\/kurioworld.com\/shop-fr\/wp-content\/uploads\/sites\/26\/2025\/08\/1121500189_Mainboard-150x150.png 150w, https:\/\/kurioworld.com\/shop-fr\/wp-content\/uploads\/sites\/26\/2025\/08\/1121500189_Mainboard-350x350.png 350w, https:\/\/kurioworld.com\/shop-fr\/wp-content\/uploads\/sites\/26\/2025\/08\/1121500189_Mainboard-600x600.png 600w\" sizes=\"auto, (max-width: 300px) 100vw, 300px\" \/><\/a><\/div><div class=\"w-vwrapper usg_vwrapper_1 align_center valign_top\"><h2 class=\"w-post-elm post_title usg_post_title_1 has_text_color woocommerce-loop-product__title color_link_inherit\"><a href=\"https:\/\/kurioworld.com\/shop-fr\/product\/carte-mere\/\">Carte m\u00e8re<\/a><\/h2><p class=\"w-post-elm product_field price usg_product_field_3\"><span class=\"woocommerce-Price-amount amount\"><bdi>27,00&nbsp;<span class=\"woocommerce-Price-currencySymbol\">&euro;<\/span><\/bdi><\/span><\/p><\/div><div class=\"w-btn-wrapper woocommerce usg_add_to_cart_1 has_border_radius has_font_size no_view_cart_link\">\t<span id=\"woocommerce_loop_add_to_cart_link_describedby_8079\" class=\"screen-reader-text\">\n\t\t\t<\/span>\n<\/div>\t\t<\/div>\r\n\t\t\t<\/article>\r\n\t<article class=\"w-grid-item us_animate_afb size_1x1 post-8083 product type-product status-publish has-post-thumbnail product_cat-kurio-7-pouces-motion  instock shipping-taxable purchasable product-type-simple\" data-id=\"8083\" style=\"animation-delay:0.1s\">\r\n\t\t<div class=\"w-grid-item-h\">\r\n\t\t\t\t\t\t<div class=\"w-post-elm post_image usg_post_image_1 stretched\"><a href=\"https:\/\/kurioworld.com\/shop-fr\/product\/antenne-wi-fi\/\" aria-label=\"Antenne Wi-Fi\"><img loading=\"lazy\" decoding=\"async\" width=\"300\" height=\"300\" src=\"https:\/\/kurioworld.com\/shop-fr\/wp-content\/uploads\/sites\/26\/2025\/08\/1121500190_WIFI_Antenna-300x300.png\" class=\"attachment-woocommerce_thumbnail size-woocommerce_thumbnail wp-post-image\" alt=\"\" srcset=\"https:\/\/kurioworld.com\/shop-fr\/wp-content\/uploads\/sites\/26\/2025\/08\/1121500190_WIFI_Antenna-300x300.png 300w, https:\/\/kurioworld.com\/shop-fr\/wp-content\/uploads\/sites\/26\/2025\/08\/1121500190_WIFI_Antenna-150x150.png 150w, https:\/\/kurioworld.com\/shop-fr\/wp-content\/uploads\/sites\/26\/2025\/08\/1121500190_WIFI_Antenna-350x350.png 350w, https:\/\/kurioworld.com\/shop-fr\/wp-content\/uploads\/sites\/26\/2025\/08\/1121500190_WIFI_Antenna-600x600.png 600w, https:\/\/kurioworld.com\/shop-fr\/wp-content\/uploads\/sites\/26\/2025\/08\/1121500190_WIFI_Antenna-768x768.png 768w, https:\/\/kurioworld.com\/shop-fr\/wp-content\/uploads\/sites\/26\/2025\/08\/1121500190_WIFI_Antenna.png 1000w\" sizes=\"auto, (max-width: 300px) 100vw, 300px\" \/><\/a><\/div><div class=\"w-vwrapper usg_vwrapper_1 align_center valign_top\"><h2 class=\"w-post-elm post_title usg_post_title_1 has_text_color woocommerce-loop-product__title color_link_inherit\"><a href=\"https:\/\/kurioworld.com\/shop-fr\/product\/antenne-wi-fi\/\">Antenne Wi-Fi<\/a><\/h2><p class=\"w-post-elm product_field price usg_product_field_3\"><span class=\"woocommerce-Price-amount amount\"><bdi>5,00&nbsp;<span class=\"woocommerce-Price-currencySymbol\">&euro;<\/span><\/bdi><\/span><\/p><\/div><div class=\"w-btn-wrapper woocommerce usg_add_to_cart_1 has_border_radius has_font_size no_view_cart_link\">\t<span id=\"woocommerce_loop_add_to_cart_link_describedby_8083\" class=\"screen-reader-text\">\n\t\t\t<\/span>\n<\/div>\t\t<\/div>\r\n\t\t\t<\/article>\r\n\t<article class=\"w-grid-item us_animate_afb size_1x1 post-8086 product type-product status-publish has-post-thumbnail product_cat-kurio-7-pouces-motion last instock shipping-taxable purchasable product-type-simple\" data-id=\"8086\" style=\"animation-delay:0.2s\">\r\n\t\t<div class=\"w-grid-item-h\">\r\n\t\t\t\t\t\t<div class=\"w-post-elm post_image usg_post_image_1 stretched\"><a href=\"https:\/\/kurioworld.com\/shop-fr\/product\/camera\/\" aria-label=\"Camera\"><img loading=\"lazy\" decoding=\"async\" width=\"300\" height=\"300\" src=\"https:\/\/kurioworld.com\/shop-fr\/wp-content\/uploads\/sites\/26\/2025\/08\/1121500191_Camera-300x300.png\" class=\"attachment-woocommerce_thumbnail size-woocommerce_thumbnail wp-post-image\" alt=\"\" srcset=\"https:\/\/kurioworld.com\/shop-fr\/wp-content\/uploads\/sites\/26\/2025\/08\/1121500191_Camera-300x300.png 300w, https:\/\/kurioworld.com\/shop-fr\/wp-content\/uploads\/sites\/26\/2025\/08\/1121500191_Camera-150x150.png 150w, https:\/\/kurioworld.com\/shop-fr\/wp-content\/uploads\/sites\/26\/2025\/08\/1121500191_Camera-350x350.png 350w, https:\/\/kurioworld.com\/shop-fr\/wp-content\/uploads\/sites\/26\/2025\/08\/1121500191_Camera-600x600.png 600w, https:\/\/kurioworld.com\/shop-fr\/wp-content\/uploads\/sites\/26\/2025\/08\/1121500191_Camera.png 682w\" sizes=\"auto, (max-width: 300px) 100vw, 300px\" \/><\/a><\/div><div class=\"w-vwrapper usg_vwrapper_1 align_center valign_top\"><h2 class=\"w-post-elm post_title usg_post_title_1 has_text_color woocommerce-loop-product__title color_link_inherit\"><a href=\"https:\/\/kurioworld.com\/shop-fr\/product\/camera\/\">Camera<\/a><\/h2><p class=\"w-post-elm product_field price usg_product_field_3\"><span class=\"woocommerce-Price-amount amount\"><bdi>7,00&nbsp;<span class=\"woocommerce-Price-currencySymbol\">&euro;<\/span><\/bdi><\/span><\/p><\/div><div class=\"w-btn-wrapper woocommerce usg_add_to_cart_1 has_border_radius has_font_size no_view_cart_link\">\t<span id=\"woocommerce_loop_add_to_cart_link_describedby_8086\" class=\"screen-reader-text\">\n\t\t\t<\/span>\n<\/div>\t\t<\/div>\r\n\t\t\t<\/article>\r\n\t<article class=\"w-grid-item us_animate_afb size_1x1 post-8088 product type-product status-publish has-post-thumbnail product_cat-kurio-7-pouces-motion first instock shipping-taxable purchasable product-type-simple\" data-id=\"8088\" style=\"animation-delay:0.3s\">\r\n\t\t<div class=\"w-grid-item-h\">\r\n\t\t\t\t\t\t<div class=\"w-post-elm post_image usg_post_image_1 stretched\"><a href=\"https:\/\/kurioworld.com\/shop-fr\/product\/microphone\/\" aria-label=\"Microphone\"><img loading=\"lazy\" decoding=\"async\" width=\"300\" height=\"300\" src=\"https:\/\/kurioworld.com\/shop-fr\/wp-content\/uploads\/sites\/26\/2025\/08\/1121500192_Microphone-300x300.png\" class=\"attachment-woocommerce_thumbnail size-woocommerce_thumbnail wp-post-image\" alt=\"\" srcset=\"https:\/\/kurioworld.com\/shop-fr\/wp-content\/uploads\/sites\/26\/2025\/08\/1121500192_Microphone-300x300.png 300w, https:\/\/kurioworld.com\/shop-fr\/wp-content\/uploads\/sites\/26\/2025\/08\/1121500192_Microphone-150x150.png 150w, https:\/\/kurioworld.com\/shop-fr\/wp-content\/uploads\/sites\/26\/2025\/08\/1121500192_Microphone-350x350.png 350w\" sizes=\"auto, (max-width: 300px) 100vw, 300px\" \/><\/a><\/div><div class=\"w-vwrapper usg_vwrapper_1 align_center valign_top\"><h2 class=\"w-post-elm post_title usg_post_title_1 has_text_color woocommerce-loop-product__title color_link_inherit\"><a href=\"https:\/\/kurioworld.com\/shop-fr\/product\/microphone\/\">Microphone<\/a><\/h2><p class=\"w-post-elm product_field price usg_product_field_3\"><span class=\"woocommerce-Price-amount amount\"><bdi>5,00&nbsp;<span class=\"woocommerce-Price-currencySymbol\">&euro;<\/span><\/bdi><\/span><\/p><\/div><div class=\"w-btn-wrapper woocommerce usg_add_to_cart_1 has_border_radius has_font_size no_view_cart_link\">\t<span id=\"woocommerce_loop_add_to_cart_link_describedby_8088\" class=\"screen-reader-text\">\n\t\t\t<\/span>\n<\/div>\t\t<\/div>\r\n\t\t\t<\/article>\r\n\t<article class=\"w-grid-item us_animate_afb size_1x1 post-8090 product type-product status-publish has-post-thumbnail product_cat-kurio-7-pouces-motion  instock shipping-taxable purchasable product-type-simple\" data-id=\"8090\" style=\"animation-delay:0.4s\">\r\n\t\t<div class=\"w-grid-item-h\">\r\n\t\t\t\t\t\t<div class=\"w-post-elm post_image usg_post_image_1 stretched\"><a href=\"https:\/\/kurioworld.com\/shop-fr\/product\/haut-parleur\/\" aria-label=\"Haut-parleur\"><img loading=\"lazy\" decoding=\"async\" width=\"300\" height=\"300\" src=\"https:\/\/kurioworld.com\/shop-fr\/wp-content\/uploads\/sites\/26\/2025\/08\/1121500193_Speaker-300x300.png\" class=\"attachment-woocommerce_thumbnail size-woocommerce_thumbnail wp-post-image\" alt=\"\" srcset=\"https:\/\/kurioworld.com\/shop-fr\/wp-content\/uploads\/sites\/26\/2025\/08\/1121500193_Speaker-300x300.png 300w, https:\/\/kurioworld.com\/shop-fr\/wp-content\/uploads\/sites\/26\/2025\/08\/1121500193_Speaker-150x150.png 150w, https:\/\/kurioworld.com\/shop-fr\/wp-content\/uploads\/sites\/26\/2025\/08\/1121500193_Speaker-350x350.png 350w, https:\/\/kurioworld.com\/shop-fr\/wp-content\/uploads\/sites\/26\/2025\/08\/1121500193_Speaker-600x600.png 600w\" sizes=\"auto, (max-width: 300px) 100vw, 300px\" \/><\/a><\/div><div class=\"w-vwrapper usg_vwrapper_1 align_center valign_top\"><h2 class=\"w-post-elm post_title usg_post_title_1 has_text_color woocommerce-loop-product__title color_link_inherit\"><a href=\"https:\/\/kurioworld.com\/shop-fr\/product\/haut-parleur\/\">Haut-parleur<\/a><\/h2><p class=\"w-post-elm product_field price usg_product_field_3\"><span class=\"woocommerce-Price-amount amount\"><bdi>5,00&nbsp;<span class=\"woocommerce-Price-currencySymbol\">&euro;<\/span><\/bdi><\/span><\/p><\/div><div class=\"w-btn-wrapper woocommerce usg_add_to_cart_1 has_border_radius has_font_size no_view_cart_link\">\t<span id=\"woocommerce_loop_add_to_cart_link_describedby_8090\" class=\"screen-reader-text\">\n\t\t\t<\/span>\n<\/div>\t\t<\/div>\r\n\t\t\t<\/article>\r\n<\/div><div class=\"g-loadmore hidden\"><div class=\"g-preloader type_1\"><div><\/div><\/div><\/div><div class=\"w-grid-list-json hidden\" onclick='return {&quot;max_num_pages&quot;:0,&quot;paginationBase&quot;:&quot;page&quot;,&quot;pagination&quot;:&quot;none&quot;,&quot;paged&quot;:1,&quot;ajaxData&quot;:{&quot;action&quot;:&quot;us_ajax_product_list&quot;,&quot;meta_type&quot;:&quot;post&quot;,&quot;object_id&quot;:0,&quot;template_vars&quot;:{&quot;shortcode_base&quot;:&quot;us_product_list&quot;,&quot;paged&quot;:1,&quot;max_num_pages&quot;:0,&quot;no_results&quot;:false,&quot;is_product_list&quot;:true,&quot;found_posts&quot;:0,&quot;per_page&quot;:5,&quot;items_count&quot;:5,&quot;orderby_random_seed&quot;:null,&quot;source&quot;:&quot;post__not_in&quot;,&quot;ids&quot;:&quot;&quot;,&quot;apply_url_params&quot;:0,&quot;onsale_only&quot;:0,&quot;featured_only&quot;:0,&quot;exclude_out_of_stock&quot;:0,&quot;exclude_hidden&quot;:1,&quot;exclude_current_product&quot;:1,&quot;exclude_prev_posts&quot;:0,&quot;enable_items_offset&quot;:0,&quot;items_offset&quot;:&quot;1&quot;,&quot;price_compare&quot;:&quot;none&quot;,&quot;price&quot;:&quot;99.99&quot;,&quot;price_max&quot;:&quot;299.99&quot;,&quot;tax_query_relation&quot;:&quot;none&quot;,&quot;tax_query&quot;:[{&quot;operator&quot;:&quot;IN&quot;,&quot;taxonomy&quot;:&quot;product_cat&quot;,&quot;terms&quot;:&quot;&quot;,&quot;include_children&quot;:0}],&quot;meta_query_relation&quot;:&quot;none&quot;,&quot;meta_query&quot;:[{&quot;key&quot;:&quot;custom_field_name&quot;,&quot;compare&quot;:&quot;=&quot;,&quot;value&quot;:&quot;&quot;}],&quot;orderby&quot;:&quot;date&quot;,&quot;orderby_custom_field&quot;:&quot;&quot;,&quot;orderby_recent_sales_days&quot;:&quot;30&quot;,&quot;orderby_custom_type&quot;:0,&quot;order_invert&quot;:0,&quot;show_all&quot;:0,&quot;quantity&quot;:&quot;5&quot;,&quot;posts_per_archive_page&quot;:0,&quot;no_items_action&quot;:&quot;message&quot;,&quot;no_items_message&quot;:&quot;Aucun r\\u00e9sultat.&quot;,&quot;no_items_page_block&quot;:&quot;&quot;,&quot;pagination&quot;:&quot;none&quot;,&quot;pagination_style&quot;:&quot;&quot;,&quot;pagination_btn_text&quot;:&quot;Charger plus&quot;,&quot;pagination_btn_size&quot;:&quot;&quot;,&quot;pagination_btn_style&quot;:&quot;1&quot;,&quot;pagination_btn_fullwidth&quot;:0,&quot;items_layout&quot;:&quot;shop_modern&quot;,&quot;type&quot;:&quot;grid&quot;,&quot;items_valign&quot;:0,&quot;ignore_items_size&quot;:0,&quot;columns&quot;:&quot;5&quot;,&quot;items_gap&quot;:&quot;1.5rem&quot;,&quot;load_animation&quot;:&quot;afb&quot;,&quot;items_preload_style&quot;:&quot;spinner&quot;,&quot;img_size&quot;:&quot;default&quot;,&quot;title_size&quot;:&quot;&quot;,&quot;items_ratio&quot;:&quot;default&quot;,&quot;items_ratio_width&quot;:&quot;21&quot;,&quot;items_ratio_height&quot;:&quot;9&quot;,&quot;overriding_link&quot;:&quot;%7B%22url%22%3A%22%22%7D&quot;,&quot;popup_page_template&quot;:&quot;0&quot;,&quot;popup_width&quot;:&quot;&quot;,&quot;popup_arrows&quot;:1,&quot;breakpoint_1_width&quot;:&quot;1281px&quot;,&quot;breakpoint_1_cols&quot;:&quot;default&quot;,&quot;breakpoint_1_quantity&quot;:&quot;&quot;,&quot;breakpoint_1_gap&quot;:&quot;&quot;,&quot;breakpoint_2_width&quot;:&quot;1025px&quot;,&quot;breakpoint_2_cols&quot;:&quot;2&quot;,&quot;breakpoint_2_quantity&quot;:&quot;&quot;,&quot;breakpoint_2_gap&quot;:&quot;&quot;,&quot;breakpoint_3_width&quot;:&quot;601px&quot;,&quot;breakpoint_3_cols&quot;:&quot;1&quot;,&quot;breakpoint_3_quantity&quot;:&quot;&quot;,&quot;breakpoint_3_gap&quot;:&quot;&quot;,&quot;conditions_operator&quot;:&quot;always&quot;,&quot;conditions&quot;:[],&quot;css&quot;:null,&quot;el_class&quot;:&quot;&quot;,&quot;el_id&quot;:&quot;&quot;,&quot;enable_custom_html_atts&quot;:0,&quot;custom_html_atts&quot;:null,&quot;hide_on_states&quot;:&quot;&quot;,&quot;hide_for_sticky&quot;:0,&quot;hide_for_not_sticky&quot;:0,&quot;hide_below&quot;:&quot;0px&quot;,&quot;hide_above&quot;:&quot;0px&quot;,&quot;classes&quot;:&quot;&quot;},&quot;found_posts&quot;:0,&quot;per_page&quot;:5},&quot;facetedFilter&quot;:[]}'><\/div><\/div><\/div><\/div><\/div><\/div><\/div><\/section>\n","protected":false},"excerpt":{"rendered":"","protected":false},"author":3,"featured_media":0,"parent":0,"menu_order":0,"comment_status":"closed","ping_status":"closed","template":"","meta":{"footnotes":""},"class_list":["post-8119","page","type-page","status-publish","hentry"],"yoast_head":"<!-- This site is optimized with the Yoast SEO plugin v27.3 - https:\/\/yoast.com\/product\/yoast-seo-wordpress\/ -->\n<title>Devis - Pi\u00e8ces d\u00e9tach\u00e9es Kurio<\/title>\n<meta name=\"robots\" content=\"noindex, follow, max-snippet:-1, max-image-preview:large, max-video-preview:-1\" \/>\n<meta property=\"og:locale\" content=\"fr_FR\" \/>\n<meta property=\"og:type\" content=\"article\" \/>\n<meta property=\"og:title\" content=\"Devis - Pi\u00e8ces d\u00e9tach\u00e9es Kurio\" \/>\n<meta property=\"og:url\" content=\"https:\/\/kurioworld.com\/shop-fr\/quote\/\" \/>\n<meta property=\"og:site_name\" content=\"Pi\u00e8ces d\u00e9tach\u00e9es Kurio\" \/>\n<meta property=\"article:modified_time\" content=\"2025-09-02T13:29:17+00:00\" \/>\n<meta name=\"twitter:card\" content=\"summary_large_image\" \/>\n<meta name=\"twitter:label1\" content=\"Dur\u00e9e de lecture estim\u00e9e\" \/>\n\t<meta name=\"twitter:data1\" content=\"1 minute\" \/>\n<script type=\"application\/ld+json\" class=\"yoast-schema-graph\">{\"@context\":\"https:\\\/\\\/schema.org\",\"@graph\":[{\"@type\":\"WebPage\",\"@id\":\"https:\\\/\\\/kurioworld.com\\\/shop-fr\\\/quote\\\/\",\"url\":\"https:\\\/\\\/kurioworld.com\\\/shop-fr\\\/quote\\\/\",\"name\":\"Devis - Pi\u00e8ces d\u00e9tach\u00e9es Kurio\",\"isPartOf\":{\"@id\":\"https:\\\/\\\/kurioworld.com\\\/shop-fr\\\/#website\"},\"datePublished\":\"2025-08-20T08:48:52+00:00\",\"dateModified\":\"2025-09-02T13:29:17+00:00\",\"breadcrumb\":{\"@id\":\"https:\\\/\\\/kurioworld.com\\\/shop-fr\\\/quote\\\/#breadcrumb\"},\"inLanguage\":\"fr-FR\",\"potentialAction\":[{\"@type\":\"ReadAction\",\"target\":[\"https:\\\/\\\/kurioworld.com\\\/shop-fr\\\/quote\\\/\"]}]},{\"@type\":\"BreadcrumbList\",\"@id\":\"https:\\\/\\\/kurioworld.com\\\/shop-fr\\\/quote\\\/#breadcrumb\",\"itemListElement\":[{\"@type\":\"ListItem\",\"position\":1,\"name\":\"Portada\",\"item\":\"https:\\\/\\\/kurioworld.com\\\/shop-fr\\\/\"},{\"@type\":\"ListItem\",\"position\":2,\"name\":\"Devis\"}]},{\"@type\":\"WebSite\",\"@id\":\"https:\\\/\\\/kurioworld.com\\\/shop-fr\\\/#website\",\"url\":\"https:\\\/\\\/kurioworld.com\\\/shop-fr\\\/\",\"name\":\"Pi\u00e8ces d\u00e9tach\u00e9es Kurio\",\"description\":\"SAFE TECH FOR KIDS\",\"potentialAction\":[{\"@type\":\"SearchAction\",\"target\":{\"@type\":\"EntryPoint\",\"urlTemplate\":\"https:\\\/\\\/kurioworld.com\\\/shop-fr\\\/?s={search_term_string}\"},\"query-input\":{\"@type\":\"PropertyValueSpecification\",\"valueRequired\":true,\"valueName\":\"search_term_string\"}}],\"inLanguage\":\"fr-FR\"}]}<\/script>\n<!-- \/ Yoast SEO plugin. -->","yoast_head_json":{"title":"Devis - Pi\u00e8ces d\u00e9tach\u00e9es Kurio","robots":{"index":"noindex","follow":"follow","max-snippet":"max-snippet:-1","max-image-preview":"max-image-preview:large","max-video-preview":"max-video-preview:-1"},"og_locale":"fr_FR","og_type":"article","og_title":"Devis - Pi\u00e8ces d\u00e9tach\u00e9es Kurio","og_url":"https:\/\/kurioworld.com\/shop-fr\/quote\/","og_site_name":"Pi\u00e8ces d\u00e9tach\u00e9es Kurio","article_modified_time":"2025-09-02T13:29:17+00:00","twitter_card":"summary_large_image","twitter_misc":{"Dur\u00e9e de lecture estim\u00e9e":"1 minute"},"schema":{"@context":"https:\/\/schema.org","@graph":[{"@type":"WebPage","@id":"https:\/\/kurioworld.com\/shop-fr\/quote\/","url":"https:\/\/kurioworld.com\/shop-fr\/quote\/","name":"Devis - Pi\u00e8ces d\u00e9tach\u00e9es Kurio","isPartOf":{"@id":"https:\/\/kurioworld.com\/shop-fr\/#website"},"datePublished":"2025-08-20T08:48:52+00:00","dateModified":"2025-09-02T13:29:17+00:00","breadcrumb":{"@id":"https:\/\/kurioworld.com\/shop-fr\/quote\/#breadcrumb"},"inLanguage":"fr-FR","potentialAction":[{"@type":"ReadAction","target":["https:\/\/kurioworld.com\/shop-fr\/quote\/"]}]},{"@type":"BreadcrumbList","@id":"https:\/\/kurioworld.com\/shop-fr\/quote\/#breadcrumb","itemListElement":[{"@type":"ListItem","position":1,"name":"Portada","item":"https:\/\/kurioworld.com\/shop-fr\/"},{"@type":"ListItem","position":2,"name":"Devis"}]},{"@type":"WebSite","@id":"https:\/\/kurioworld.com\/shop-fr\/#website","url":"https:\/\/kurioworld.com\/shop-fr\/","name":"Pi\u00e8ces d\u00e9tach\u00e9es Kurio","description":"SAFE TECH FOR KIDS","potentialAction":[{"@type":"SearchAction","target":{"@type":"EntryPoint","urlTemplate":"https:\/\/kurioworld.com\/shop-fr\/?s={search_term_string}"},"query-input":{"@type":"PropertyValueSpecification","valueRequired":true,"valueName":"search_term_string"}}],"inLanguage":"fr-FR"}]}},"_links":{"self":[{"href":"https:\/\/kurioworld.com\/shop-fr\/wp-json\/wp\/v2\/pages\/8119","targetHints":{"allow":["GET"]}}],"collection":[{"href":"https:\/\/kurioworld.com\/shop-fr\/wp-json\/wp\/v2\/pages"}],"about":[{"href":"https:\/\/kurioworld.com\/shop-fr\/wp-json\/wp\/v2\/types\/page"}],"author":[{"embeddable":true,"href":"https:\/\/kurioworld.com\/shop-fr\/wp-json\/wp\/v2\/users\/3"}],"replies":[{"embeddable":true,"href":"https:\/\/kurioworld.com\/shop-fr\/wp-json\/wp\/v2\/comments?post=8119"}],"version-history":[{"count":0,"href":"https:\/\/kurioworld.com\/shop-fr\/wp-json\/wp\/v2\/pages\/8119\/revisions"}],"wp:attachment":[{"href":"https:\/\/kurioworld.com\/shop-fr\/wp-json\/wp\/v2\/media?parent=8119"}],"curies":[{"name":"wp","href":"https:\/\/api.w.org\/{rel}","templated":true}]}}