{"id":39,"date":"2013-05-31T12:09:26","date_gmt":"2013-05-31T12:09:26","guid":{"rendered":"http:\/\/impreza3.us-themes.com\/portfolio\/"},"modified":"2023-01-10T10:10:07","modified_gmt":"2023-01-10T10:10:07","slug":"products","status":"publish","type":"page","link":"https:\/\/kurioworld.com\/se\/products\/","title":{"rendered":"Produkter"},"content":{"rendered":"<section class=\"l-section wpb_row height_auto full_height valign_center width_full\"><div class=\"l-section-h i-cf\"><div class=\"g-cols vc_row via_flex valign_top type_default stacking_default\"><div class=\"vc_col-sm-12 wpb_column vc_column_container\"><div class=\"vc_column-inner\"><div class=\"wpb_wrapper\"><div class=\"w-separator size_custom\" style=\"height:100px\"><\/div><div class=\"w-grid us_grid type_grid layout_7462 cols_3 preload_style_spinner ratio_4x3\" id=\"us_grid_1\" style=\"--columns:3;--gap:1rem;--item-ratio:0.75;\" data-filterable=\"true\"><style>@media (max-width:1024px){#us_grid_1{--columns:2!important}}@media (max-width:600px){#us_grid_1{--columns:1!important}}@media (min-width:1024px){#us_grid_1 .w-post-elm.post_title{font-size:30px!important}}.layout_7462 .w-grid-item-h{background:#edf0f2;color:#5d6770;border-radius:0.6000000000000001;box-shadow:0 0.06rem 0.12rem rgba(0,0,0,0.1),0 0.2rem 0.6rem rgba(0,0,0,0.1);transition-duration:0.3s}.no-touch .layout_7462 .w-grid-item-h:hover{box-shadow:0 0.12rem 0.24rem rgba(0,0,0,0.1),0 0.4rem 1.2rem rgba(0,0,0,0.15);z-index:4}.layout_7462 .usg_post_image_1{transition-duration:0.35s;transform:scale(1) translate(0%,0%)}.layout_7462 .w-grid-item-h:focus-within .usg_post_image_1,.layout_7462 .w-grid-item-h:hover .usg_post_image_1{transform:scale(1) translate(0%,-10%);opacity:1}.layout_7462 .usg_vwrapper_1{transition-duration:0.35s;transform:scale(1) translate(0%,101%)}.layout_7462 .w-grid-item-h:focus-within .usg_vwrapper_1,.layout_7462 .w-grid-item-h:hover .usg_vwrapper_1{transform:scale(1) translate(0%,0%);opacity:1}.layout_7462 .usg_post_custom_field_1{transition-duration:0.35s;transform:scale(1) translate(0%,100%)}.layout_7462 .w-grid-item-h:focus-within .usg_post_custom_field_1,.layout_7462 .w-grid-item-h:hover .usg_post_custom_field_1{transform:scale(1) translate(0%,0%);opacity:1}.layout_7462 .usg_post_image_1{position:absolute!important;top:0!important;right:0!important;bottom:0!important;left:0!important}.layout_7462 .usg_vwrapper_1{position:absolute!important;right:0!important;bottom:-1px!important;left:0!important;background:inherit!important;padding:1.2rem 1.5rem 1.2rem 1.5rem!important}.layout_7462 .usg_post_title_1{font-family:var(--h1-font-family)!important;font-weight:700!important;color:inherit!important}.layout_7462 .usg_post_custom_field_1{position:absolute!important;top:0!important;right:0!important;bottom:0!important;left:0!important}<\/style><div class=\"w-grid-list\">\t<article class=\"w-grid-item size_1x1 post-7805 us_portfolio type-us_portfolio status-publish has-post-thumbnail hentry us_portfolio_category-products\" data-id=\"7805\">\r\n\t\t<div class=\"w-grid-item-h\">\r\n\t\t\t\t\t\t\t<a href=\"https:\/\/kurioworld.com\/se\/products\/kurio-tab-ultra\/\" class=\"w-grid-item-anchor\" aria-label=\"Kurio TAB Ultra\"><\/a>\r\n\t\t\t\t\t\t<div class=\"w-post-elm post_image usg_post_image_1 stretched\"><img loading=\"lazy\" decoding=\"async\" width=\"800\" height=\"600\" src=\"https:\/\/kurioworld.com\/se\/wp-content\/uploads\/sites\/14\/2020\/12\/Portfolio_DK.png\" class=\"attachment-full size-full wp-post-image\" alt=\"\" srcset=\"https:\/\/kurioworld.com\/se\/wp-content\/uploads\/sites\/14\/2020\/12\/Portfolio_DK.png 800w, https:\/\/kurioworld.com\/se\/wp-content\/uploads\/sites\/14\/2020\/12\/Portfolio_DK-300x225.png 300w\" sizes=\"auto, (max-width: 800px) 100vw, 800px\" \/><\/div><div class=\"w-post-elm post_custom_field usg_post_custom_field_1 type_image us_tile_additional_image color_link_inherit\"><img loading=\"lazy\" decoding=\"async\" width=\"1024\" height=\"768\" src=\"https:\/\/kurioworld.com\/se\/wp-content\/uploads\/sites\/14\/2020\/12\/Portfolio_DK_Bis.png\" class=\"attachment-full size-full\" alt=\"\" srcset=\"https:\/\/kurioworld.com\/se\/wp-content\/uploads\/sites\/14\/2020\/12\/Portfolio_DK_Bis.png 1024w, https:\/\/kurioworld.com\/se\/wp-content\/uploads\/sites\/14\/2020\/12\/Portfolio_DK_Bis-300x225.png 300w\" sizes=\"auto, (max-width: 1024px) 100vw, 1024px\" \/><\/div><div class=\"w-vwrapper usg_vwrapper_1 grid_arrow_top align_center valign_top\"><h2 class=\"w-post-elm post_title usg_post_title_1 has_text_color entry-title color_link_inherit\">Kurio TAB Ultra<\/h2><\/div>\t\t<\/div>\r\n\t\t\t<\/article>\r\n\t<article class=\"w-grid-item size_1x1 post-7626 us_portfolio type-us_portfolio status-publish has-post-thumbnail hentry us_portfolio_category-products\" data-id=\"7626\">\r\n\t\t<div class=\"w-grid-item-h\">\r\n\t\t\t\t\t\t\t<a href=\"https:\/\/kurioworld.com\/se\/products\/kurio-tab-xl-2\/\" class=\"w-grid-item-anchor\" aria-label=\"Kurio TAB XL\"><\/a>\r\n\t\t\t\t\t\t<div class=\"w-post-elm post_image usg_post_image_1 stretched\"><img loading=\"lazy\" decoding=\"async\" width=\"800\" height=\"600\" src=\"https:\/\/kurioworld.com\/se\/wp-content\/uploads\/sites\/14\/2019\/01\/Kurio-TAB-XL_Porfolio.jpg\" class=\"attachment-full size-full wp-post-image\" alt=\"\" srcset=\"https:\/\/kurioworld.com\/se\/wp-content\/uploads\/sites\/14\/2019\/01\/Kurio-TAB-XL_Porfolio.jpg 800w, https:\/\/kurioworld.com\/se\/wp-content\/uploads\/sites\/14\/2019\/01\/Kurio-TAB-XL_Porfolio-300x225.jpg 300w\" sizes=\"auto, (max-width: 800px) 100vw, 800px\" \/><\/div><div class=\"w-post-elm post_custom_field usg_post_custom_field_1 type_image us_tile_additional_image color_link_inherit\"><img loading=\"lazy\" decoding=\"async\" width=\"800\" height=\"600\" src=\"https:\/\/kurioworld.com\/se\/wp-content\/uploads\/sites\/14\/2019\/01\/Kurio-TAB-XL_Porfolio_BIS.jpg\" class=\"attachment-full size-full\" alt=\"\" srcset=\"https:\/\/kurioworld.com\/se\/wp-content\/uploads\/sites\/14\/2019\/01\/Kurio-TAB-XL_Porfolio_BIS.jpg 800w, https:\/\/kurioworld.com\/se\/wp-content\/uploads\/sites\/14\/2019\/01\/Kurio-TAB-XL_Porfolio_BIS-300x225.jpg 300w\" sizes=\"auto, (max-width: 800px) 100vw, 800px\" \/><\/div><div class=\"w-vwrapper usg_vwrapper_1 grid_arrow_top align_center valign_top\"><h2 class=\"w-post-elm post_title usg_post_title_1 has_text_color entry-title color_link_inherit\">Kurio TAB XL<\/h2><\/div>\t\t<\/div>\r\n\t\t\t<\/article>\r\n\t<article class=\"w-grid-item size_1x1 post-7441 us_portfolio type-us_portfolio status-publish has-post-thumbnail hentry us_portfolio_category-products\" data-id=\"7441\">\r\n\t\t<div class=\"w-grid-item-h\">\r\n\t\t\t\t\t\t\t<a href=\"https:\/\/kurioworld.com\/se\/products\/kurio-watch-2-0\/\" class=\"w-grid-item-anchor\" aria-label=\"Kurio Watch 2.0\"><\/a>\r\n\t\t\t\t\t\t<div class=\"w-post-elm post_image usg_post_image_1 stretched\"><img loading=\"lazy\" decoding=\"async\" width=\"1024\" height=\"1024\" src=\"https:\/\/kurioworld.com\/se\/wp-content\/uploads\/sites\/14\/2018\/09\/Portfolio_Kurio_WATCH2-1024x1024-1.jpg\" class=\"attachment-full size-full wp-post-image\" alt=\"\" srcset=\"https:\/\/kurioworld.com\/se\/wp-content\/uploads\/sites\/14\/2018\/09\/Portfolio_Kurio_WATCH2-1024x1024-1.jpg 1024w, https:\/\/kurioworld.com\/se\/wp-content\/uploads\/sites\/14\/2018\/09\/Portfolio_Kurio_WATCH2-1024x1024-1-300x300.jpg 300w, https:\/\/kurioworld.com\/se\/wp-content\/uploads\/sites\/14\/2018\/09\/Portfolio_Kurio_WATCH2-1024x1024-1-150x150.jpg 150w\" sizes=\"auto, (max-width: 1024px) 100vw, 1024px\" \/><\/div><div class=\"w-post-elm post_custom_field usg_post_custom_field_1 type_image us_tile_additional_image color_link_inherit\"><img loading=\"lazy\" decoding=\"async\" width=\"1024\" height=\"768\" src=\"https:\/\/kurioworld.com\/se\/wp-content\/uploads\/sites\/14\/2018\/09\/Kurio_WATCH2_Portfolio_bis-1024x768-1024x768-1.jpg\" class=\"attachment-full size-full\" alt=\"\" srcset=\"https:\/\/kurioworld.com\/se\/wp-content\/uploads\/sites\/14\/2018\/09\/Kurio_WATCH2_Portfolio_bis-1024x768-1024x768-1.jpg 1024w, https:\/\/kurioworld.com\/se\/wp-content\/uploads\/sites\/14\/2018\/09\/Kurio_WATCH2_Portfolio_bis-1024x768-1024x768-1-300x225.jpg 300w\" sizes=\"auto, (max-width: 1024px) 100vw, 1024px\" \/><\/div><div class=\"w-vwrapper usg_vwrapper_1 grid_arrow_top align_center valign_top\"><h2 class=\"w-post-elm post_title usg_post_title_1 has_text_color entry-title color_link_inherit\">Kurio Watch 2.0<\/h2><\/div>\t\t<\/div>\r\n\t\t\t<\/article>\r\n<\/div>\t<div class=\"w-grid-preloader\">\r\n\t\t<div class=\"g-preloader type_1\">\r\n\t\t\t<div><\/div>\r\n\t\t<\/div>\r\n\t<\/div>\r\n\t\t<div class=\"w-grid-json hidden\" onclick='return {&quot;action&quot;:&quot;us_ajax_grid&quot;,&quot;infinite_scroll&quot;:0,&quot;max_num_pages&quot;:1,&quot;pagination&quot;:&quot;none&quot;,&quot;template_vars&quot;:{&quot;columns&quot;:&quot;3&quot;,&quot;exclude_items&quot;:&quot;none&quot;,&quot;img_size&quot;:&quot;full&quot;,&quot;ignore_items_size&quot;:0,&quot;items_layout&quot;:&quot;7462&quot;,&quot;items_offset&quot;:&quot;1&quot;,&quot;load_animation&quot;:&quot;none&quot;,&quot;overriding_link&quot;:&quot;%7B%22type%22%3A%22post%22%7D&quot;,&quot;post_id&quot;:0,&quot;query_args&quot;:{&quot;post_type&quot;:[&quot;us_portfolio&quot;],&quot;tax_query&quot;:[{&quot;taxonomy&quot;:&quot;us_portfolio_category&quot;,&quot;field&quot;:&quot;slug&quot;,&quot;terms&quot;:[&quot;products&quot;]}],&quot;post_status&quot;:[&quot;publish&quot;],&quot;posts_per_page&quot;:999},&quot;orderby_query_args&quot;:{&quot;orderby&quot;:{&quot;date&quot;:&quot;DESC&quot;}},&quot;type&quot;:&quot;grid&quot;,&quot;us_grid_post_type&quot;:&quot;us_portfolio&quot;,&quot;us_grid_ajax_index&quot;:1,&quot;us_grid_filter_query_string&quot;:null,&quot;us_grid_index&quot;:1,&quot;page_args&quot;:[]}}'><\/div>\r\n\t<\/div><\/div><\/div><\/div><\/div><\/div><\/section>\n","protected":false},"excerpt":{"rendered":"Den ultimata smartklockan f\u00f6r barn! HuvufunktionerDemovideoFunktioner photo_cameraKamera &amp; FilmTa bilder, Spela in filmer och redigera dem! messageMeddelandenMeddela andra Kurio Watches tablet_androidKompatibel med AndriodMeddela andra Androidenheter! Roliga Appar &amp; SpelTonvis och spel! F\u00f6r en eller tv\u00e5 spelare! R\u00f6relsestyrda SpelSkaka Loss! Spela! watchEn riktig klockaInklusive alla funktioner du kan beh\u00f6va i en klocka! Kamera &amp; Video Ta...","protected":false},"author":2,"featured_media":0,"parent":0,"menu_order":0,"comment_status":"closed","ping_status":"closed","template":"","meta":{"footnotes":""},"class_list":["post-39","page","type-page","status-publish","hentry"],"yoast_head":"<!-- This site is optimized with the Yoast SEO plugin v27.3 - https:\/\/yoast.com\/product\/yoast-seo-wordpress\/ -->\n<title>Produkter - Kurioworld SE<\/title>\n<meta name=\"robots\" content=\"noindex, follow, max-snippet:-1, max-image-preview:large, max-video-preview:-1\" \/>\n<meta property=\"og:locale\" content=\"sv_SE\" \/>\n<meta property=\"og:type\" content=\"article\" \/>\n<meta property=\"og:title\" content=\"Produkter - Kurioworld SE\" \/>\n<meta property=\"og:url\" content=\"https:\/\/kurioworld.com\/se\/products\/\" \/>\n<meta property=\"og:site_name\" content=\"Kurioworld SE\" \/>\n<meta property=\"article:modified_time\" content=\"2023-01-10T10:10:07+00:00\" \/>\n<meta name=\"twitter:card\" content=\"summary_large_image\" \/>\n<meta name=\"twitter:label1\" content=\"Ber\u00e4knad l\u00e4stid\" \/>\n\t<meta name=\"twitter:data1\" content=\"1 minut\" \/>\n<script type=\"application\/ld+json\" class=\"yoast-schema-graph\">{\"@context\":\"https:\\\/\\\/schema.org\",\"@graph\":[{\"@type\":\"WebPage\",\"@id\":\"https:\\\/\\\/kurioworld.com\\\/se\\\/products\\\/\",\"url\":\"https:\\\/\\\/kurioworld.com\\\/se\\\/products\\\/\",\"name\":\"Produkter - Kurioworld SE\",\"isPartOf\":{\"@id\":\"https:\\\/\\\/kurioworld.com\\\/se\\\/#website\"},\"datePublished\":\"2013-05-31T12:09:26+00:00\",\"dateModified\":\"2023-01-10T10:10:07+00:00\",\"breadcrumb\":{\"@id\":\"https:\\\/\\\/kurioworld.com\\\/se\\\/products\\\/#breadcrumb\"},\"inLanguage\":\"sv-SE\",\"potentialAction\":[{\"@type\":\"ReadAction\",\"target\":[\"https:\\\/\\\/kurioworld.com\\\/se\\\/products\\\/\"]}]},{\"@type\":\"BreadcrumbList\",\"@id\":\"https:\\\/\\\/kurioworld.com\\\/se\\\/products\\\/#breadcrumb\",\"itemListElement\":[{\"@type\":\"ListItem\",\"position\":1,\"name\":\"Portada\",\"item\":\"https:\\\/\\\/kurioworld.com\\\/se\\\/\"},{\"@type\":\"ListItem\",\"position\":2,\"name\":\"Produkter\"}]},{\"@type\":\"WebSite\",\"@id\":\"https:\\\/\\\/kurioworld.com\\\/se\\\/#website\",\"url\":\"https:\\\/\\\/kurioworld.com\\\/se\\\/\",\"name\":\"Kurioworld SE\",\"description\":\"Ultimate Devices Built for Kids\",\"potentialAction\":[{\"@type\":\"SearchAction\",\"target\":{\"@type\":\"EntryPoint\",\"urlTemplate\":\"https:\\\/\\\/kurioworld.com\\\/se\\\/?s={search_term_string}\"},\"query-input\":{\"@type\":\"PropertyValueSpecification\",\"valueRequired\":true,\"valueName\":\"search_term_string\"}}],\"inLanguage\":\"sv-SE\"}]}<\/script>\n<!-- \/ Yoast SEO plugin. -->","yoast_head_json":{"title":"Produkter - Kurioworld SE","robots":{"index":"noindex","follow":"follow","max-snippet":"max-snippet:-1","max-image-preview":"max-image-preview:large","max-video-preview":"max-video-preview:-1"},"og_locale":"sv_SE","og_type":"article","og_title":"Produkter - Kurioworld SE","og_url":"https:\/\/kurioworld.com\/se\/products\/","og_site_name":"Kurioworld SE","article_modified_time":"2023-01-10T10:10:07+00:00","twitter_card":"summary_large_image","twitter_misc":{"Ber\u00e4knad l\u00e4stid":"1 minut"},"schema":{"@context":"https:\/\/schema.org","@graph":[{"@type":"WebPage","@id":"https:\/\/kurioworld.com\/se\/products\/","url":"https:\/\/kurioworld.com\/se\/products\/","name":"Produkter - Kurioworld SE","isPartOf":{"@id":"https:\/\/kurioworld.com\/se\/#website"},"datePublished":"2013-05-31T12:09:26+00:00","dateModified":"2023-01-10T10:10:07+00:00","breadcrumb":{"@id":"https:\/\/kurioworld.com\/se\/products\/#breadcrumb"},"inLanguage":"sv-SE","potentialAction":[{"@type":"ReadAction","target":["https:\/\/kurioworld.com\/se\/products\/"]}]},{"@type":"BreadcrumbList","@id":"https:\/\/kurioworld.com\/se\/products\/#breadcrumb","itemListElement":[{"@type":"ListItem","position":1,"name":"Portada","item":"https:\/\/kurioworld.com\/se\/"},{"@type":"ListItem","position":2,"name":"Produkter"}]},{"@type":"WebSite","@id":"https:\/\/kurioworld.com\/se\/#website","url":"https:\/\/kurioworld.com\/se\/","name":"Kurioworld SE","description":"Ultimate Devices Built for Kids","potentialAction":[{"@type":"SearchAction","target":{"@type":"EntryPoint","urlTemplate":"https:\/\/kurioworld.com\/se\/?s={search_term_string}"},"query-input":{"@type":"PropertyValueSpecification","valueRequired":true,"valueName":"search_term_string"}}],"inLanguage":"sv-SE"}]}},"_links":{"self":[{"href":"https:\/\/kurioworld.com\/se\/wp-json\/wp\/v2\/pages\/39","targetHints":{"allow":["GET"]}}],"collection":[{"href":"https:\/\/kurioworld.com\/se\/wp-json\/wp\/v2\/pages"}],"about":[{"href":"https:\/\/kurioworld.com\/se\/wp-json\/wp\/v2\/types\/page"}],"author":[{"embeddable":true,"href":"https:\/\/kurioworld.com\/se\/wp-json\/wp\/v2\/users\/2"}],"replies":[{"embeddable":true,"href":"https:\/\/kurioworld.com\/se\/wp-json\/wp\/v2\/comments?post=39"}],"version-history":[{"count":0,"href":"https:\/\/kurioworld.com\/se\/wp-json\/wp\/v2\/pages\/39\/revisions"}],"wp:attachment":[{"href":"https:\/\/kurioworld.com\/se\/wp-json\/wp\/v2\/media?parent=39"}],"curies":[{"name":"wp","href":"https:\/\/api.w.org\/{rel}","templated":true}]}}