{"id":8437,"date":"2021-12-06T15:14:05","date_gmt":"2021-12-06T15:14:05","guid":{"rendered":"https:\/\/kurioworld.com\/fr-Gulli\/?page_id=8437"},"modified":"2023-01-09T11:25:30","modified_gmt":"2023-01-09T11:25:30","slug":"kurio-genius","status":"publish","type":"page","link":"https:\/\/kurioworld.com\/fr-gulli\/support\/kurio-genius\/","title":{"rendered":"Kurio Genius"},"content":{"rendered":"<section class=\"l-section wpb_row height_medium\"><div class=\"l-section-h i-cf\"><div class=\"g-cols vc_row via_flex valign_top type_default stacking_default\"><div class=\"vc_col-sm-12 wpb_column vc_column_container\"><div class=\"vc_column-inner\"><div class=\"wpb_wrapper\"><div class=\"wpb_text_column\"><div class=\"wpb_wrapper\"><h2 style=\"text-align: center;\">Proc\u00e9dure d\u2019acc\u00e8s \u00e0 Kurio Genius<\/h2>\n<\/div><\/div><div class=\"w-separator size_medium with_line width_default thick_1 style_solid color_border align_center\"><div class=\"w-separator-h\"><\/div><\/div><div class=\"wpb_text_column\"><div class=\"wpb_wrapper\"><p>Dans le cas o\u00f9 vous ne recevez pas l\u2019email de r\u00e9initialisation du mot de passe ou si la r\u00e9initialisation n&rsquo;a pas fonctionn\u00e9, vous pouvez utiliser la proc\u00e9dure ci-dessous pour acc\u00e9dez au Kurio Genius sans avoir \u00e0 entrer votre mot de passe.<\/p>\n<p>Une fois dans le Kurio Genius vous pouvez modifier votre mot de passe en cliquant sur \u00ab\u00a0Modifier le mot de passe\u00a0\u00bb<\/p>\n<\/div><\/div><\/div><\/div><\/div><\/div><\/div><\/section><section class=\"l-section wpb_row height_medium color_alternate\"><div class=\"l-section-h i-cf\"><div class=\"g-cols vc_row via_flex valign_middle type_default stacking_default\"><div class=\"vc_col-sm-6 wpb_column vc_column_container\"><div class=\"vc_column-inner\"><div class=\"wpb_wrapper\"><div class=\"w-slider shadow style_none fit_scaledown nav_none count_16\"><div class=\"w-slider-h\" aria-hidden=\"true\"><div class=\"royalSlider\"><div class=\"rsContent\"><a class=\"rsImg\" data-rsw=\"1024\" data-rsh=\"600\" href=\"https:\/\/kurioworld.com\/fr-gulli\/wp-content\/uploads\/sites\/11\/2021\/12\/KurioGenius_FR_00.jpg\"><span data-alt=\"\"><\/span><\/a><\/div><div class=\"rsContent\"><a class=\"rsImg\" data-rsw=\"1024\" data-rsh=\"600\" href=\"https:\/\/kurioworld.com\/fr-gulli\/wp-content\/uploads\/sites\/11\/2021\/12\/KurioGenius_FR_01.jpg\"><span data-alt=\"\"><\/span><\/a><\/div><div class=\"rsContent\"><a class=\"rsImg\" data-rsw=\"1024\" data-rsh=\"600\" href=\"https:\/\/kurioworld.com\/fr-gulli\/wp-content\/uploads\/sites\/11\/2021\/12\/KurioGenius_FR_02.jpg\"><span data-alt=\"\"><\/span><\/a><\/div><div class=\"rsContent\"><a class=\"rsImg\" data-rsw=\"1024\" data-rsh=\"600\" href=\"https:\/\/kurioworld.com\/fr-gulli\/wp-content\/uploads\/sites\/11\/2021\/12\/KurioGenius_FR_03.jpg\"><span data-alt=\"\"><\/span><\/a><\/div><div class=\"rsContent\"><a class=\"rsImg\" data-rsw=\"1024\" data-rsh=\"600\" href=\"https:\/\/kurioworld.com\/fr-gulli\/wp-content\/uploads\/sites\/11\/2021\/12\/KurioGenius_FR_04.jpg\"><span data-alt=\"\"><\/span><\/a><\/div><div class=\"rsContent\"><a class=\"rsImg\" data-rsw=\"1024\" data-rsh=\"600\" href=\"https:\/\/kurioworld.com\/fr-gulli\/wp-content\/uploads\/sites\/11\/2021\/12\/KurioGenius_FR_05.jpg\"><span data-alt=\"\"><\/span><\/a><\/div><div class=\"rsContent\"><a class=\"rsImg\" data-rsw=\"1024\" data-rsh=\"600\" href=\"https:\/\/kurioworld.com\/fr-gulli\/wp-content\/uploads\/sites\/11\/2021\/12\/KurioGenius_FR_06.jpg\"><span data-alt=\"\"><\/span><\/a><\/div><div class=\"rsContent\"><a class=\"rsImg\" data-rsw=\"1024\" data-rsh=\"600\" href=\"https:\/\/kurioworld.com\/fr-gulli\/wp-content\/uploads\/sites\/11\/2021\/12\/KurioGenius_FR_07.jpg\"><span data-alt=\"\"><\/span><\/a><\/div><div class=\"rsContent\"><a class=\"rsImg\" data-rsw=\"1024\" data-rsh=\"600\" href=\"https:\/\/kurioworld.com\/fr-gulli\/wp-content\/uploads\/sites\/11\/2021\/12\/KurioGenius_FR_08.jpg\"><span data-alt=\"\"><\/span><\/a><\/div><div class=\"rsContent\"><a class=\"rsImg\" data-rsw=\"1024\" data-rsh=\"600\" href=\"https:\/\/kurioworld.com\/fr-gulli\/wp-content\/uploads\/sites\/11\/2021\/12\/KurioGenius_FR_09.jpg\"><span data-alt=\"\"><\/span><\/a><\/div><div class=\"rsContent\"><a class=\"rsImg\" data-rsw=\"1024\" data-rsh=\"600\" href=\"https:\/\/kurioworld.com\/fr-gulli\/wp-content\/uploads\/sites\/11\/2021\/12\/KurioGenius_FR_10.jpg\"><span data-alt=\"\"><\/span><\/a><\/div><div class=\"rsContent\"><a class=\"rsImg\" data-rsw=\"1024\" data-rsh=\"600\" href=\"https:\/\/kurioworld.com\/fr-gulli\/wp-content\/uploads\/sites\/11\/2021\/12\/KurioGenius_FR_11.jpg\"><span data-alt=\"\"><\/span><\/a><\/div><div class=\"rsContent\"><a class=\"rsImg\" data-rsw=\"1024\" data-rsh=\"600\" href=\"https:\/\/kurioworld.com\/fr-gulli\/wp-content\/uploads\/sites\/11\/2021\/12\/KurioGenius_FR_12.jpg\"><span data-alt=\"\"><\/span><\/a><\/div><div class=\"rsContent\"><a class=\"rsImg\" data-rsw=\"1024\" data-rsh=\"600\" href=\"https:\/\/kurioworld.com\/fr-gulli\/wp-content\/uploads\/sites\/11\/2021\/12\/KurioGenius_FR_13.jpg\"><span data-alt=\"\"><\/span><\/a><\/div><div class=\"rsContent\"><a class=\"rsImg\" data-rsw=\"1024\" data-rsh=\"600\" href=\"https:\/\/kurioworld.com\/fr-gulli\/wp-content\/uploads\/sites\/11\/2021\/12\/KurioGenius_FR_14.jpg\"><span data-alt=\"\"><\/span><\/a><\/div><div class=\"rsContent\"><a class=\"rsImg\" data-rsw=\"1024\" data-rsh=\"600\" href=\"https:\/\/kurioworld.com\/fr-gulli\/wp-content\/uploads\/sites\/11\/2021\/12\/KurioGenius_FR_15.jpg\"><span data-alt=\"\"><\/span><\/a><\/div><\/div><img decoding=\"async\" src=\"https:\/\/kurioworld.com\/fr-gulli\/wp-content\/uploads\/sites\/11\/2021\/12\/KurioGenius_FR_00.jpg\" width=\"1024\" height=\"600\" alt loading=\"lazy\"><\/div><div class=\"w-slider-json\" onclick='return {&quot;autoScaleSlider&quot;:true,&quot;addActiveClass&quot;:true,&quot;loop&quot;:true,&quot;fadeInLoadedSlide&quot;:false,&quot;slidesSpacing&quot;:0,&quot;imageScalePadding&quot;:0,&quot;numImagesToPreload&quot;:2,&quot;arrowsNav&quot;:false,&quot;arrowsNavAutoHide&quot;:false,&quot;transitionType&quot;:&quot;fade&quot;,&quot;transitionSpeed&quot;:200,&quot;block&quot;:{&quot;moveEffect&quot;:&quot;none&quot;,&quot;speed&quot;:300},&quot;thumbs&quot;:{&quot;fitInViewport&quot;:false,&quot;firstMargin&quot;:false,&quot;spacing&quot;:4},&quot;controlNavigation&quot;:&quot;none&quot;,&quot;autoplay&quot;:{&quot;enabled&quot;:true,&quot;pauseOnHover&quot;:false,&quot;delay&quot;:300},&quot;autoScaleSliderWidth&quot;:1024,&quot;autoScaleSliderHeight&quot;:600}'><\/div><\/div><\/div><\/div><\/div><div class=\"vc_col-sm-6 wpb_column vc_column_container\"><div class=\"vc_column-inner\"><div class=\"wpb_wrapper\"><div class=\"wpb_text_column\"><div class=\"wpb_wrapper\"><h4>Appuyez dans l&rsquo;ordre sur les points ci-dessous pour acc\u00e9der au Kurio Genius<\/h4>\n<\/div><\/div><\/div><\/div><\/div><\/div><\/div><\/section><section class=\"l-section wpb_row height_small\"><div class=\"l-section-h i-cf\"><div class=\"g-cols vc_row via_flex valign_middle type_default stacking_default\"><div class=\"vc_col-sm-6 wpb_column vc_column_container\"><div class=\"vc_column-inner\"><div class=\"wpb_wrapper\"><div class=\"wpb_text_column\"><div class=\"wpb_wrapper\"><h4>Si vous n\u2019avez pas appuy\u00e9 au bon endroit, vous pouvez r\u00e9initialiser votre essai en appuyant \u00e0 l\u2019emplacement suivant<\/h4>\n<\/div><\/div><\/div><\/div><\/div><div class=\"vc_col-sm-6 wpb_column vc_column_container\"><div class=\"vc_column-inner\"><div class=\"wpb_wrapper\"><div class=\"w-slider shadow style_none fit_scaledown nav_none count_2\"><div class=\"w-slider-h\" aria-hidden=\"true\"><div class=\"royalSlider\"><div class=\"rsContent\"><a class=\"rsImg\" data-rsw=\"1024\" data-rsh=\"600\" href=\"https:\/\/kurioworld.com\/fr-gulli\/wp-content\/uploads\/sites\/11\/2021\/12\/KurioGenius_FR_17.jpg\"><span data-alt=\"\"><\/span><\/a><\/div><div class=\"rsContent\"><a class=\"rsImg\" data-rsw=\"1024\" data-rsh=\"600\" href=\"https:\/\/kurioworld.com\/fr-gulli\/wp-content\/uploads\/sites\/11\/2021\/12\/KurioGenius_FR_00.jpg\"><span data-alt=\"\"><\/span><\/a><\/div><\/div><img decoding=\"async\" src=\"https:\/\/kurioworld.com\/fr-gulli\/wp-content\/uploads\/sites\/11\/2021\/12\/KurioGenius_FR_17.jpg\" width=\"1024\" height=\"600\" alt loading=\"lazy\"><\/div><div class=\"w-slider-json\" onclick='return {&quot;autoScaleSlider&quot;:true,&quot;addActiveClass&quot;:true,&quot;loop&quot;:true,&quot;fadeInLoadedSlide&quot;:false,&quot;slidesSpacing&quot;:0,&quot;imageScalePadding&quot;:0,&quot;numImagesToPreload&quot;:2,&quot;arrowsNav&quot;:false,&quot;arrowsNavAutoHide&quot;:false,&quot;transitionType&quot;:&quot;fade&quot;,&quot;transitionSpeed&quot;:200,&quot;block&quot;:{&quot;moveEffect&quot;:&quot;none&quot;,&quot;speed&quot;:300},&quot;thumbs&quot;:{&quot;fitInViewport&quot;:false,&quot;firstMargin&quot;:false,&quot;spacing&quot;:4},&quot;controlNavigation&quot;:&quot;none&quot;,&quot;autoplay&quot;:{&quot;enabled&quot;:true,&quot;pauseOnHover&quot;:true,&quot;delay&quot;:200},&quot;autoScaleSliderWidth&quot;:1024,&quot;autoScaleSliderHeight&quot;:600}'><\/div><\/div><\/div><\/div><\/div><\/div><\/div><\/section>\n","protected":false},"excerpt":{"rendered":"Proc\u00e9dure d\u2019acc\u00e8s \u00e0 Kurio Genius Dans le cas o\u00f9 vous ne recevez pas l\u2019email de r\u00e9initialisation du mot de passe ou si la r\u00e9initialisation n&rsquo;a pas fonctionn\u00e9, vous pouvez utiliser la proc\u00e9dure ci-dessous pour acc\u00e9dez au Kurio Genius sans avoir \u00e0 entrer votre mot de passe. Une fois dans le Kurio Genius vous pouvez modifier...","protected":false},"author":2,"featured_media":0,"parent":6332,"menu_order":0,"comment_status":"closed","ping_status":"closed","template":"","meta":{"footnotes":""},"class_list":["post-8437","page","type-page","status-publish","hentry"],"yoast_head":"<!-- This site is optimized with the Yoast SEO plugin v27.5 - https:\/\/yoast.com\/product\/yoast-seo-wordpress\/ -->\n<title>Kurio Genius - Kurio - recommand\u00e9 par Gulli<\/title>\n<meta name=\"robots\" content=\"index, follow, max-snippet:-1, max-image-preview:large, max-video-preview:-1\" \/>\n<link rel=\"canonical\" href=\"https:\/\/kurioworld.com\/fr-gulli\/support\/kurio-genius\/\" \/>\n<meta property=\"og:locale\" content=\"fr_FR\" \/>\n<meta property=\"og:type\" content=\"article\" \/>\n<meta property=\"og:title\" content=\"Kurio Genius - Kurio - recommand\u00e9 par Gulli\" \/>\n<meta property=\"og:url\" content=\"https:\/\/kurioworld.com\/fr-gulli\/support\/kurio-genius\/\" \/>\n<meta property=\"og:site_name\" content=\"Kurio - recommand\u00e9 par Gulli\" \/>\n<meta property=\"article:modified_time\" content=\"2023-01-09T11:25:30+00:00\" \/>\n<meta property=\"og:image\" content=\"https:\/\/kurioworld.com\/fr-gulli\/wp-content\/uploads\/sites\/11\/2025\/07\/kurioworld_home_FR.png\" \/>\n\t<meta property=\"og:image:width\" content=\"1200\" \/>\n\t<meta property=\"og:image:height\" content=\"675\" \/>\n\t<meta property=\"og:image:type\" content=\"image\/png\" \/>\n<meta name=\"twitter:card\" content=\"summary_large_image\" \/>\n<meta name=\"twitter:label1\" content=\"Dur\u00e9e de lecture estim\u00e9e\" \/>\n\t<meta name=\"twitter:data1\" content=\"1 minute\" \/>\n<script type=\"application\/ld+json\" class=\"yoast-schema-graph\">{\"@context\":\"https:\\\/\\\/schema.org\",\"@graph\":[{\"@type\":\"WebPage\",\"@id\":\"https:\\\/\\\/kurioworld.com\\\/fr-gulli\\\/support\\\/kurio-genius\\\/\",\"url\":\"https:\\\/\\\/kurioworld.com\\\/fr-gulli\\\/support\\\/kurio-genius\\\/\",\"name\":\"Kurio Genius - Kurio - recommand\u00e9 par Gulli\",\"isPartOf\":{\"@id\":\"https:\\\/\\\/kurioworld.com\\\/fr-gulli\\\/#website\"},\"datePublished\":\"2021-12-06T15:14:05+00:00\",\"dateModified\":\"2023-01-09T11:25:30+00:00\",\"breadcrumb\":{\"@id\":\"https:\\\/\\\/kurioworld.com\\\/fr-gulli\\\/support\\\/kurio-genius\\\/#breadcrumb\"},\"inLanguage\":\"fr-FR\",\"potentialAction\":[{\"@type\":\"ReadAction\",\"target\":[\"https:\\\/\\\/kurioworld.com\\\/fr-gulli\\\/support\\\/kurio-genius\\\/\"]}]},{\"@type\":\"BreadcrumbList\",\"@id\":\"https:\\\/\\\/kurioworld.com\\\/fr-gulli\\\/support\\\/kurio-genius\\\/#breadcrumb\",\"itemListElement\":[{\"@type\":\"ListItem\",\"position\":1,\"name\":\"Portada\",\"item\":\"https:\\\/\\\/kurioworld.com\\\/fr-gulli\\\/\"},{\"@type\":\"ListItem\",\"position\":2,\"name\":\"Assistance\",\"item\":\"https:\\\/\\\/kurioworld.com\\\/fr-gulli\\\/support\\\/\"},{\"@type\":\"ListItem\",\"position\":3,\"name\":\"Kurio Genius\"}]},{\"@type\":\"WebSite\",\"@id\":\"https:\\\/\\\/kurioworld.com\\\/fr-gulli\\\/#website\",\"url\":\"https:\\\/\\\/kurioworld.com\\\/fr-gulli\\\/\",\"name\":\"Kurio - recommand\u00e9 par Gulli\",\"description\":\"SAFE TECH FOR KIDS\",\"alternateName\":\"Kurio\",\"potentialAction\":[{\"@type\":\"SearchAction\",\"target\":{\"@type\":\"EntryPoint\",\"urlTemplate\":\"https:\\\/\\\/kurioworld.com\\\/fr-gulli\\\/?s={search_term_string}\"},\"query-input\":{\"@type\":\"PropertyValueSpecification\",\"valueRequired\":true,\"valueName\":\"search_term_string\"}}],\"inLanguage\":\"fr-FR\"}]}<\/script>\n<!-- \/ Yoast SEO plugin. -->","yoast_head_json":{"title":"Kurio Genius - Kurio - recommand\u00e9 par Gulli","robots":{"index":"index","follow":"follow","max-snippet":"max-snippet:-1","max-image-preview":"max-image-preview:large","max-video-preview":"max-video-preview:-1"},"canonical":"https:\/\/kurioworld.com\/fr-gulli\/support\/kurio-genius\/","og_locale":"fr_FR","og_type":"article","og_title":"Kurio Genius - Kurio - recommand\u00e9 par Gulli","og_url":"https:\/\/kurioworld.com\/fr-gulli\/support\/kurio-genius\/","og_site_name":"Kurio - recommand\u00e9 par Gulli","article_modified_time":"2023-01-09T11:25:30+00:00","og_image":[{"width":1200,"height":675,"url":"https:\/\/kurioworld.com\/fr-gulli\/wp-content\/uploads\/sites\/11\/2025\/07\/kurioworld_home_FR.png","type":"image\/png"}],"twitter_card":"summary_large_image","twitter_misc":{"Dur\u00e9e de lecture estim\u00e9e":"1 minute"},"schema":{"@context":"https:\/\/schema.org","@graph":[{"@type":"WebPage","@id":"https:\/\/kurioworld.com\/fr-gulli\/support\/kurio-genius\/","url":"https:\/\/kurioworld.com\/fr-gulli\/support\/kurio-genius\/","name":"Kurio Genius - Kurio - recommand\u00e9 par Gulli","isPartOf":{"@id":"https:\/\/kurioworld.com\/fr-gulli\/#website"},"datePublished":"2021-12-06T15:14:05+00:00","dateModified":"2023-01-09T11:25:30+00:00","breadcrumb":{"@id":"https:\/\/kurioworld.com\/fr-gulli\/support\/kurio-genius\/#breadcrumb"},"inLanguage":"fr-FR","potentialAction":[{"@type":"ReadAction","target":["https:\/\/kurioworld.com\/fr-gulli\/support\/kurio-genius\/"]}]},{"@type":"BreadcrumbList","@id":"https:\/\/kurioworld.com\/fr-gulli\/support\/kurio-genius\/#breadcrumb","itemListElement":[{"@type":"ListItem","position":1,"name":"Portada","item":"https:\/\/kurioworld.com\/fr-gulli\/"},{"@type":"ListItem","position":2,"name":"Assistance","item":"https:\/\/kurioworld.com\/fr-gulli\/support\/"},{"@type":"ListItem","position":3,"name":"Kurio Genius"}]},{"@type":"WebSite","@id":"https:\/\/kurioworld.com\/fr-gulli\/#website","url":"https:\/\/kurioworld.com\/fr-gulli\/","name":"Kurio - recommand\u00e9 par Gulli","description":"SAFE TECH FOR KIDS","alternateName":"Kurio","potentialAction":[{"@type":"SearchAction","target":{"@type":"EntryPoint","urlTemplate":"https:\/\/kurioworld.com\/fr-gulli\/?s={search_term_string}"},"query-input":{"@type":"PropertyValueSpecification","valueRequired":true,"valueName":"search_term_string"}}],"inLanguage":"fr-FR"}]}},"_links":{"self":[{"href":"https:\/\/kurioworld.com\/fr-gulli\/wp-json\/wp\/v2\/pages\/8437","targetHints":{"allow":["GET"]}}],"collection":[{"href":"https:\/\/kurioworld.com\/fr-gulli\/wp-json\/wp\/v2\/pages"}],"about":[{"href":"https:\/\/kurioworld.com\/fr-gulli\/wp-json\/wp\/v2\/types\/page"}],"author":[{"embeddable":true,"href":"https:\/\/kurioworld.com\/fr-gulli\/wp-json\/wp\/v2\/users\/2"}],"replies":[{"embeddable":true,"href":"https:\/\/kurioworld.com\/fr-gulli\/wp-json\/wp\/v2\/comments?post=8437"}],"version-history":[{"count":0,"href":"https:\/\/kurioworld.com\/fr-gulli\/wp-json\/wp\/v2\/pages\/8437\/revisions"}],"up":[{"embeddable":true,"href":"https:\/\/kurioworld.com\/fr-gulli\/wp-json\/wp\/v2\/pages\/6332"}],"wp:attachment":[{"href":"https:\/\/kurioworld.com\/fr-gulli\/wp-json\/wp\/v2\/media?parent=8437"}],"curies":[{"name":"wp","href":"https:\/\/api.w.org\/{rel}","templated":true}]}}