{"id":8273,"date":"2020-08-24T15:17:12","date_gmt":"2020-08-24T15:17:12","guid":{"rendered":"http:\/\/kurioworld.com\/fr-Gulli\/?page_id=8273"},"modified":"2020-08-24T15:17:12","modified_gmt":"2020-08-24T15:17:12","slug":"support-technique","status":"publish","type":"page","link":"https:\/\/kurioworld.com\/fr-gulli\/support\/la-tablette-gulli-kurio-ultra\/support-technique\/","title":{"rendered":"Support Technique"},"content":{"rendered":"<section class=\"l-section wpb_row Features-Right height_medium with_img\"><div class=\"l-section-img\" role=\"img\" aria-label=\"Image\" data-img-width=\"1920\" data-img-height=\"1080\" style=\"background-image: url(https:\/\/kurioworld.com\/fr-gulli\/wp-content\/uploads\/sites\/11\/2019\/06\/TechnicalSupport_2.jpg);background-position: bottom left;background-repeat: no-repeat;background-size: contain;\"><\/div><div class=\"l-section-h i-cf\"><div class=\"g-cols vc_row via_flex valign_top type_default stacking_default\"><div class=\"vc_col-sm-6 wpb_column vc_column_container\"><div class=\"vc_column-inner\"><div class=\"wpb_wrapper\"><div class=\"wpb_text_column\"><div class=\"wpb_wrapper\"><h2>Contact par email<\/h2>\n<\/div><\/div><div class=\"ult-just-icon-wrapper  \"><div class=\"align-icon\" style=\"text-align:left;\">\n<div class=\"aio-icon none \" data-animation=\"fadeInRightBig\" data-animation-delay=\"03\" style=\"color:#333;font-size:32px;\">\n\t<i class=\"Defaults-envelope-o\"><\/i>\n<\/div><\/div><\/div><div class=\"w-separator size_medium with_line width_default thick_1 style_solid color_border align_center\"><div class=\"w-separator-h\"><\/div><\/div>\n<div class=\"wpcf7 no-js\" id=\"wpcf7-f8275-o1\" lang=\"en-GB\" dir=\"ltr\" data-wpcf7-id=\"8275\">\n<div class=\"screen-reader-response\"><p role=\"status\" aria-live=\"polite\" aria-atomic=\"true\"><\/p> <ul><\/ul><\/div>\n<form action=\"\/fr-gulli\/wp-json\/wp\/v2\/pages\/8273#wpcf7-f8275-o1\" method=\"post\" class=\"wpcf7-form init\" aria-label=\"Contact form\" novalidate=\"novalidate\" data-status=\"init\">\n<fieldset class=\"hidden-fields-container\"><input type=\"hidden\" name=\"_wpcf7\" value=\"8275\" \/><input type=\"hidden\" name=\"_wpcf7_version\" value=\"6.1.5\" \/><input type=\"hidden\" name=\"_wpcf7_locale\" value=\"en_GB\" \/><input type=\"hidden\" name=\"_wpcf7_unit_tag\" value=\"wpcf7-f8275-o1\" \/><input type=\"hidden\" name=\"_wpcf7_container_post\" value=\"0\" \/><input type=\"hidden\" name=\"_wpcf7_posted_data_hash\" value=\"\" \/><input type=\"hidden\" name=\"_wpcf7_recaptcha_response\" value=\"\" \/>\n<\/fieldset>\n<p><label> Nom et Pr\u00e9nom*<br \/>\n<span class=\"wpcf7-form-control-wrap\" data-name=\"your-name\"><input size=\"40\" maxlength=\"400\" class=\"wpcf7-form-control wpcf7-text wpcf7-validates-as-required\" aria-required=\"true\" aria-invalid=\"false\" value=\"\" type=\"text\" name=\"your-name\" \/><\/span> <\/label>\n<\/p>\n<p><label> Email*<br \/>\n<span class=\"wpcf7-form-control-wrap\" data-name=\"your-email\"><input size=\"40\" maxlength=\"400\" class=\"wpcf7-form-control wpcf7-email wpcf7-validates-as-required wpcf7-text wpcf7-validates-as-email\" aria-required=\"true\" aria-invalid=\"false\" value=\"\" type=\"email\" name=\"your-email\" \/><\/span> <\/label>\n<\/p>\n<p><label> Objet*<br \/>\n<span class=\"wpcf7-form-control-wrap\" data-name=\"your-subject\"><input size=\"40\" maxlength=\"400\" class=\"wpcf7-form-control wpcf7-text wpcf7-validates-as-required\" aria-required=\"true\" aria-invalid=\"false\" value=\"La Tablette Gulli - Kurio Ultra\" type=\"text\" name=\"your-subject\" \/><\/span> <\/label>\n<\/p>\n<p><label> Num\u00e9ro de s\u00e9rie<br \/>\n<span class=\"wpcf7-form-control-wrap\" data-name=\"serial\"><input size=\"40\" maxlength=\"400\" class=\"wpcf7-form-control wpcf7-text\" aria-invalid=\"false\" value=\"\" type=\"text\" name=\"serial\" \/><\/span> <\/label>\n<\/p>\n<p><label> Message*<br \/>\n<span class=\"wpcf7-form-control-wrap\" data-name=\"your-message\"><textarea cols=\"40\" rows=\"10\" maxlength=\"2000\" class=\"wpcf7-form-control wpcf7-textarea wpcf7-validates-as-required\" aria-required=\"true\" aria-invalid=\"false\" name=\"your-message\"><\/textarea><\/span> <\/label>\n<\/p>\n<p><span class=\"wpcf7-form-control-wrap kc_captcha\" data-name=\"kc_captcha\"><span class=\"wpcf7-form-control wpcf7-radio\"><span class=\"captcha-image\" ><span class=\"cf7ic_instructions\">Please prove you are human by selecting the<span> house<\/span>.<\/span><label><input aria-label=\"1\" type=\"radio\" name=\"kc_captcha\" value=\"kc_human\" \/><svg aria-hidden=\"true\" role=\"img\" xmlns=\"http:\/\/www.w3.org\/2000\/svg\" viewBox=\"0 0 576 512\"><path fill=\"currentColor\" d=\"M488 313v143c0 13-11 24-24 24H348c-7 0-12-5-12-12V356c0-7-5-12-12-12h-72c-7 0-12 5-12 12v112c0 7-5 12-12 12H112c-13 0-24-11-24-24V313c0-4 2-7 4-10l188-154c5-4 11-4 16 0l188 154c2 3 4 6 4 10zm84-61l-84-69V44c0-6-5-12-12-12h-56c-7 0-12 6-12 12v73l-89-74a48 48 0 00-61 0L4 252c-5 4-5 12-1 17l25 31c5 5 12 5 17 1l235-193c5-4 11-4 16 0l235 193c5 5 13 4 17-1l25-31c4-6 4-13-1-17z\"\/><\/svg><\/label><label><input aria-label=\"2\" type=\"radio\" name=\"kc_captcha\" value=\"bot\" \/><svg aria-hidden=\"true\" role=\"img\" xmlns=\"http:\/\/www.w3.org\/2000\/svg\" viewBox=\"0 0 512 512\"><path fill=\"currentColor\" d=\"M500 168h-55l-8-21a127 127 0 00-120-83H195a127 127 0 00-120 83l-8 21H12c-8 0-14 8-11 16l8 24a12 12 0 0011 8h29a64 64 0 00-33 56v48c0 16 6 31 16 42v62c0 13 11 24 24 24h48c13 0 24-11 24-24v-40h256v40c0 13 11 24 24 24h48c13 0 24-11 24-24v-62c10-11 16-26 16-42v-48c0-24-13-45-33-56h29a12 12 0 0011-8l8-24c3-8-3-16-11-16zm-365 2c9-25 33-42 60-42h122c27 0 51 17 60 42l15 38H120l15-38zM88 328a32 32 0 010-64c18 0 48 30 48 48s-30 16-48 16zm336 0c-18 0-48 2-48-16s30-48 48-48 32 14 32 32-14 32-32 32z\"\/><\/svg><\/label><label><input aria-label=\"3\" type=\"radio\" name=\"kc_captcha\" value=\"bot\" \/><svg aria-hidden=\"true\" role=\"img\" xmlns=\"http:\/\/www.w3.org\/2000\/svg\" viewBox=\"0 0 384 512\"><path fill=\"currentColor\" d=\"M377 375l-83-87h34c21 0 32-25 17-40l-82-88h33c21 0 32-25 18-40L210 8c-10-11-26-11-36 0L70 120c-14 15-3 40 18 40h33l-82 88c-15 15-4 40 17 40h34L7 375c-15 16-4 41 17 41h120c0 33-11 49-34 68-12 9-5 28 10 28h144c15 0 22-19 10-28-20-16-34-32-34-68h120c21 0 32-25 17-41z\"\/><\/svg><\/label>\r\n    <\/span>\r\n    <span style=\"display:none\">\r\n        <input type=\"text\" name=\"kc_honeypot\">\r\n    <\/span><\/span><\/span>\n<\/p>\n<p><input class=\"wpcf7-form-control wpcf7-submit has-spinner\" type=\"submit\" value=\"Send\" \/>\n<\/p><div class=\"wpcf7-response-output\" aria-hidden=\"true\"><\/div>\n<\/form>\n<\/div>\n<\/div><\/div><\/div><div class=\"vc_col-sm-6 wpb_column vc_column_container\"><div class=\"vc_column-inner\"><div class=\"wpb_wrapper\"><div class=\"wpb_text_column\"><div class=\"wpb_wrapper\"><h2 style=\"text-align: left\">Kurio Chat<\/h2>\n<\/div><\/div><div class=\"ult-just-icon-wrapper  \"><div class=\"align-icon\" style=\"text-align:left;\">\n<div class=\"aio-icon none \" data-animation=\"fadeInRightBig\" data-animation-delay=\"03\" style=\"color:#333;font-size:32px;\">\n\t<i class=\"Defaults-wechat weixin\"><\/i>\n<\/div><\/div><\/div><div class=\"w-separator size_medium with_line width_default thick_1 style_solid color_border align_center\"><div class=\"w-separator-h\"><\/div><\/div><div class=\"wpb_text_column\"><div class=\"wpb_wrapper\"><h4 style=\"text-align: left\">Cliquez sur l\u2019icone \u00e0 droite de l\u2019\u00e9cran pour d\u00e9marrer le Chat.<\/h4>\n<\/div><\/div><div class=\"w-separator img_xs size_custom\" style=\"height:200px\"><\/div><\/div><\/div><\/div><\/div><\/div><\/section>\n","protected":false},"excerpt":{"rendered":"Contact par email Nom et Pr\u00e9nom* Email* Objet* Num\u00e9ro de s\u00e9rie Message* Please prove you are human by selecting the key. Kurio Chat Cliquez sur l\u2019icone \u00e0 droite de l\u2019\u00e9cran pour d\u00e9marrer le Chat.","protected":false},"author":2,"featured_media":0,"parent":8269,"menu_order":0,"comment_status":"closed","ping_status":"closed","template":"","meta":{"footnotes":""},"class_list":["post-8273","page","type-page","status-publish","hentry"],"yoast_head":"<!-- This site is optimized with the Yoast SEO plugin v27.3 - https:\/\/yoast.com\/product\/yoast-seo-wordpress\/ -->\n<title>Support Technique - Kurio - recommand\u00e9 par Gulli<\/title>\n<meta name=\"robots\" content=\"index, follow, max-snippet:-1, max-image-preview:large, max-video-preview:-1\" \/>\n<link rel=\"canonical\" href=\"https:\/\/kurioworld.com\/fr-gulli\/support\/la-tablette-gulli-kurio-ultra\/support-technique\/\" \/>\n<meta property=\"og:locale\" content=\"fr_FR\" \/>\n<meta property=\"og:type\" content=\"article\" \/>\n<meta property=\"og:title\" content=\"Support Technique - Kurio - recommand\u00e9 par Gulli\" \/>\n<meta property=\"og:url\" content=\"https:\/\/kurioworld.com\/fr-gulli\/support\/la-tablette-gulli-kurio-ultra\/support-technique\/\" \/>\n<meta property=\"og:site_name\" content=\"Kurio - recommand\u00e9 par Gulli\" \/>\n<meta property=\"og:image\" content=\"https:\/\/kurioworld.com\/fr-gulli\/wp-content\/uploads\/sites\/11\/2025\/07\/kurioworld_home_FR.png\" \/>\n\t<meta property=\"og:image:width\" content=\"1200\" \/>\n\t<meta property=\"og:image:height\" content=\"675\" \/>\n\t<meta property=\"og:image:type\" content=\"image\/png\" \/>\n<meta name=\"twitter:card\" content=\"summary_large_image\" \/>\n<meta name=\"twitter:label1\" content=\"Dur\u00e9e de lecture estim\u00e9e\" \/>\n\t<meta name=\"twitter:data1\" content=\"1 minute\" \/>\n<script type=\"application\/ld+json\" class=\"yoast-schema-graph\">{\"@context\":\"https:\\\/\\\/schema.org\",\"@graph\":[{\"@type\":\"WebPage\",\"@id\":\"https:\\\/\\\/kurioworld.com\\\/fr-gulli\\\/support\\\/la-tablette-gulli-kurio-ultra\\\/support-technique\\\/\",\"url\":\"https:\\\/\\\/kurioworld.com\\\/fr-gulli\\\/support\\\/la-tablette-gulli-kurio-ultra\\\/support-technique\\\/\",\"name\":\"Support Technique - Kurio - recommand\u00e9 par Gulli\",\"isPartOf\":{\"@id\":\"https:\\\/\\\/kurioworld.com\\\/fr-gulli\\\/#website\"},\"datePublished\":\"2020-08-24T15:17:12+00:00\",\"breadcrumb\":{\"@id\":\"https:\\\/\\\/kurioworld.com\\\/fr-gulli\\\/support\\\/la-tablette-gulli-kurio-ultra\\\/support-technique\\\/#breadcrumb\"},\"inLanguage\":\"fr-FR\",\"potentialAction\":[{\"@type\":\"ReadAction\",\"target\":[\"https:\\\/\\\/kurioworld.com\\\/fr-gulli\\\/support\\\/la-tablette-gulli-kurio-ultra\\\/support-technique\\\/\"]}]},{\"@type\":\"BreadcrumbList\",\"@id\":\"https:\\\/\\\/kurioworld.com\\\/fr-gulli\\\/support\\\/la-tablette-gulli-kurio-ultra\\\/support-technique\\\/#breadcrumb\",\"itemListElement\":[{\"@type\":\"ListItem\",\"position\":1,\"name\":\"Portada\",\"item\":\"https:\\\/\\\/kurioworld.com\\\/fr-gulli\\\/\"},{\"@type\":\"ListItem\",\"position\":2,\"name\":\"Assistance\",\"item\":\"https:\\\/\\\/kurioworld.com\\\/fr-gulli\\\/support\\\/\"},{\"@type\":\"ListItem\",\"position\":3,\"name\":\"La Tablette Gulli &#8211; Kurio Ultra\",\"item\":\"https:\\\/\\\/kurioworld.com\\\/fr-gulli\\\/support\\\/la-tablette-gulli-kurio-ultra\\\/\"},{\"@type\":\"ListItem\",\"position\":4,\"name\":\"Support Technique\"}]},{\"@type\":\"WebSite\",\"@id\":\"https:\\\/\\\/kurioworld.com\\\/fr-gulli\\\/#website\",\"url\":\"https:\\\/\\\/kurioworld.com\\\/fr-gulli\\\/\",\"name\":\"Kurio - recommand\u00e9 par Gulli\",\"description\":\"SAFE TECH FOR KIDS\",\"alternateName\":\"Kurio\",\"potentialAction\":[{\"@type\":\"SearchAction\",\"target\":{\"@type\":\"EntryPoint\",\"urlTemplate\":\"https:\\\/\\\/kurioworld.com\\\/fr-gulli\\\/?s={search_term_string}\"},\"query-input\":{\"@type\":\"PropertyValueSpecification\",\"valueRequired\":true,\"valueName\":\"search_term_string\"}}],\"inLanguage\":\"fr-FR\"}]}<\/script>\n<!-- \/ Yoast SEO plugin. -->","yoast_head_json":{"title":"Support Technique - Kurio - recommand\u00e9 par Gulli","robots":{"index":"index","follow":"follow","max-snippet":"max-snippet:-1","max-image-preview":"max-image-preview:large","max-video-preview":"max-video-preview:-1"},"canonical":"https:\/\/kurioworld.com\/fr-gulli\/support\/la-tablette-gulli-kurio-ultra\/support-technique\/","og_locale":"fr_FR","og_type":"article","og_title":"Support Technique - Kurio - recommand\u00e9 par Gulli","og_url":"https:\/\/kurioworld.com\/fr-gulli\/support\/la-tablette-gulli-kurio-ultra\/support-technique\/","og_site_name":"Kurio - recommand\u00e9 par Gulli","og_image":[{"width":1200,"height":675,"url":"https:\/\/kurioworld.com\/fr-gulli\/wp-content\/uploads\/sites\/11\/2025\/07\/kurioworld_home_FR.png","type":"image\/png"}],"twitter_card":"summary_large_image","twitter_misc":{"Dur\u00e9e de lecture estim\u00e9e":"1 minute"},"schema":{"@context":"https:\/\/schema.org","@graph":[{"@type":"WebPage","@id":"https:\/\/kurioworld.com\/fr-gulli\/support\/la-tablette-gulli-kurio-ultra\/support-technique\/","url":"https:\/\/kurioworld.com\/fr-gulli\/support\/la-tablette-gulli-kurio-ultra\/support-technique\/","name":"Support Technique - Kurio - recommand\u00e9 par Gulli","isPartOf":{"@id":"https:\/\/kurioworld.com\/fr-gulli\/#website"},"datePublished":"2020-08-24T15:17:12+00:00","breadcrumb":{"@id":"https:\/\/kurioworld.com\/fr-gulli\/support\/la-tablette-gulli-kurio-ultra\/support-technique\/#breadcrumb"},"inLanguage":"fr-FR","potentialAction":[{"@type":"ReadAction","target":["https:\/\/kurioworld.com\/fr-gulli\/support\/la-tablette-gulli-kurio-ultra\/support-technique\/"]}]},{"@type":"BreadcrumbList","@id":"https:\/\/kurioworld.com\/fr-gulli\/support\/la-tablette-gulli-kurio-ultra\/support-technique\/#breadcrumb","itemListElement":[{"@type":"ListItem","position":1,"name":"Portada","item":"https:\/\/kurioworld.com\/fr-gulli\/"},{"@type":"ListItem","position":2,"name":"Assistance","item":"https:\/\/kurioworld.com\/fr-gulli\/support\/"},{"@type":"ListItem","position":3,"name":"La Tablette Gulli &#8211; Kurio Ultra","item":"https:\/\/kurioworld.com\/fr-gulli\/support\/la-tablette-gulli-kurio-ultra\/"},{"@type":"ListItem","position":4,"name":"Support Technique"}]},{"@type":"WebSite","@id":"https:\/\/kurioworld.com\/fr-gulli\/#website","url":"https:\/\/kurioworld.com\/fr-gulli\/","name":"Kurio - recommand\u00e9 par Gulli","description":"SAFE TECH FOR KIDS","alternateName":"Kurio","potentialAction":[{"@type":"SearchAction","target":{"@type":"EntryPoint","urlTemplate":"https:\/\/kurioworld.com\/fr-gulli\/?s={search_term_string}"},"query-input":{"@type":"PropertyValueSpecification","valueRequired":true,"valueName":"search_term_string"}}],"inLanguage":"fr-FR"}]}},"_links":{"self":[{"href":"https:\/\/kurioworld.com\/fr-gulli\/wp-json\/wp\/v2\/pages\/8273","targetHints":{"allow":["GET"]}}],"collection":[{"href":"https:\/\/kurioworld.com\/fr-gulli\/wp-json\/wp\/v2\/pages"}],"about":[{"href":"https:\/\/kurioworld.com\/fr-gulli\/wp-json\/wp\/v2\/types\/page"}],"author":[{"embeddable":true,"href":"https:\/\/kurioworld.com\/fr-gulli\/wp-json\/wp\/v2\/users\/2"}],"replies":[{"embeddable":true,"href":"https:\/\/kurioworld.com\/fr-gulli\/wp-json\/wp\/v2\/comments?post=8273"}],"version-history":[{"count":0,"href":"https:\/\/kurioworld.com\/fr-gulli\/wp-json\/wp\/v2\/pages\/8273\/revisions"}],"up":[{"embeddable":true,"href":"https:\/\/kurioworld.com\/fr-gulli\/wp-json\/wp\/v2\/pages\/8269"}],"wp:attachment":[{"href":"https:\/\/kurioworld.com\/fr-gulli\/wp-json\/wp\/v2\/media?parent=8273"}],"curies":[{"name":"wp","href":"https:\/\/api.w.org\/{rel}","templated":true}]}}