{"id":7090,"date":"2017-09-05T07:14:59","date_gmt":"2017-09-05T07:14:59","guid":{"rendered":"http:\/\/kurioworld.com\/fr-Gulli\/?page_id=7090"},"modified":"2024-10-28T10:44:29","modified_gmt":"2024-10-28T10:44:29","slug":"where-to-buy","status":"publish","type":"page","link":"https:\/\/kurioworld.com\/fr-gulli\/where-to-buy\/","title":{"rendered":"O\u00f9 les trouver ?"},"content":{"rendered":"<section class=\"l-section wpb_row height_medium\"><div class=\"l-section-h i-cf\"><div class=\"g-cols vc_row via_flex valign_top type_default stacking_default\"><div class=\"vc_col-sm-12 wpb_column vc_column_container\"><div class=\"vc_column-inner\"><div class=\"wpb_wrapper\"><div class=\"w-tabs layout_hor style_radio3 switch_hover has_scrolling remove_indents\" style=\"--sections-title-size:2em\"><div class=\"w-tabs-list items_2 align_center\"><div class=\"w-tabs-list-h\"><button class=\"w-tabs-item active defined-active\" aria-controls=\"content-f5ae\" aria-expanded=\"true\"><span class=\"w-tabs-item-title\">La montre connect\u00e9e<\/span><\/button><button class=\"w-tabs-item\" aria-controls=\"content-t832\" aria-expanded=\"false\"><span class=\"w-tabs-item-title\">La Tablette 7 pouces<\/span><\/button><\/div><\/div><div class=\"w-tabs-sections titles-align_center icon_chevron cpos_right\"><div class=\"w-tabs-section active\" id=\"f5ae\"><button class=\"w-tabs-section-header active\" aria-controls=\"content-f5ae\" aria-expanded=\"true\"><div class=\"w-tabs-section-title\">La montre connect\u00e9e<\/div><div class=\"w-tabs-section-control\"><\/div><\/button><div  class=\"w-tabs-section-content\" id=\"content-f5ae\"><div class=\"w-tabs-section-content-h i-cf\"><div class=\"g-cols wpb_row us_custom_46845caf us_animate_this via_flex valign_top type_default stacking_default\"><div class=\"vc_col-sm-4 wpb_column vc_column_container\"><div class=\"vc_column-inner\"><div class=\"wpb_wrapper\"><div class=\"w-image align_center\"><a target=\"_blank\" rel=\"nofollow\" href=\"https:\/\/www.amazon.fr\/dp\/B0D7D67BPB\" aria-label=\"Amazon\" class=\"w-image-h\"><img decoding=\"async\" width=\"300\" height=\"150\" src=\"https:\/\/kurioworld.com\/fr-gulli\/wp-content\/uploads\/sites\/11\/2024\/10\/Amazon.png\" class=\"attachment-large size-large\" alt=\"\" loading=\"lazy\" \/><\/a><\/div><\/div><\/div><\/div><div class=\"vc_col-sm-4 wpb_column vc_column_container\"><div class=\"vc_column-inner\"><div class=\"wpb_wrapper\"><div class=\"w-image align_center\"><a target=\"_blank\" rel=\"nofollow\" href=\"https:\/\/www.smythstoys.com\/fr\/fr-fr\/search?text=montre+kurio\" aria-label=\"Smyths\" class=\"w-image-h\"><img decoding=\"async\" width=\"300\" height=\"150\" src=\"https:\/\/kurioworld.com\/fr-gulli\/wp-content\/uploads\/sites\/11\/2024\/10\/Smyths.png\" class=\"attachment-full size-full\" alt=\"\" loading=\"lazy\" \/><\/a><\/div><\/div><\/div><\/div><div class=\"vc_col-sm-4 wpb_column vc_column_container\"><div class=\"vc_column-inner\"><div class=\"wpb_wrapper\"><div class=\"w-image align_center\"><a target=\"_blank\" rel=\"nofollow\" href=\"https:\/\/www.fnac.com\/Montre-connectee-Kurio-Gulli-Noir\/a20711723\/w-4\" aria-label=\"Fnac\" class=\"w-image-h\"><img decoding=\"async\" width=\"300\" height=\"150\" src=\"https:\/\/kurioworld.com\/fr-gulli\/wp-content\/uploads\/sites\/11\/2024\/10\/Fnac.png\" class=\"attachment-full size-full\" alt=\"\" loading=\"lazy\" \/><\/a><\/div><\/div><\/div><\/div><\/div><div class=\"g-cols wpb_row us_custom_4a593b65 us_animate_this via_flex valign_top type_default stacking_default\"><div class=\"vc_col-sm-6 wpb_column vc_column_container\"><div class=\"vc_column-inner\"><div class=\"wpb_wrapper\"><div class=\"w-image align_center\"><a target=\"_blank\" rel=\"nofollow\" href=\"https:\/\/www.cultura.com\/search\/results?search_query=montre connect\u00e9e Gulli Kurio\" aria-label=\"Cultura\" class=\"w-image-h\"><img decoding=\"async\" width=\"300\" height=\"150\" src=\"https:\/\/kurioworld.com\/fr-gulli\/wp-content\/uploads\/sites\/11\/2024\/10\/Cultura.png\" class=\"attachment-large size-large\" alt=\"\" loading=\"lazy\" \/><\/a><\/div><\/div><\/div><\/div><div class=\"vc_col-sm-6 wpb_column vc_column_container\"><div class=\"vc_column-inner\"><div class=\"wpb_wrapper\"><div class=\"w-image align_center\"><a target=\"_blank\" rel=\"nofollow\" href=\"https:\/\/www.joueclub.fr\/contenu\/resultat-de-recherche-produits.html?searchText=Kurio montre connect\u00e9e\" aria-label=\"JoueClub\" class=\"w-image-h\"><img decoding=\"async\" width=\"300\" height=\"150\" src=\"https:\/\/kurioworld.com\/fr-gulli\/wp-content\/uploads\/sites\/11\/2024\/10\/JoueClub.png\" class=\"attachment-full size-full\" alt=\"\" loading=\"lazy\" \/><\/a><\/div><\/div><\/div><\/div><\/div><\/div><\/div><\/div><div class=\"w-tabs-section\" id=\"t832\"><button class=\"w-tabs-section-header\" aria-controls=\"content-t832\" aria-expanded=\"false\"><div class=\"w-tabs-section-title\">La Tablette 7 pouces<\/div><div class=\"w-tabs-section-control\"><\/div><\/button><div  class=\"w-tabs-section-content\" id=\"content-t832\"><div class=\"w-tabs-section-content-h i-cf\"><div class=\"g-cols wpb_row us_custom_60e9caca us_animate_this via_flex valign_top type_default stacking_default\"><div class=\"vc_col-sm-4 wpb_column vc_column_container\"><div class=\"vc_column-inner\"><div class=\"wpb_wrapper\"><div class=\"w-image align_center\"><a target=\"_blank\" rel=\"nofollow\" href=\"https:\/\/www.joueclub.fr\/jeux-educatifs\/kurio-la-tablette-7-pouces-gulli-32go-android-13-8436542833585.html\" aria-label=\"JoueClub\" class=\"w-image-h\"><img decoding=\"async\" width=\"300\" height=\"150\" src=\"https:\/\/kurioworld.com\/fr-gulli\/wp-content\/uploads\/sites\/11\/2024\/10\/JoueClub.png\" class=\"attachment-full size-full\" alt=\"\" loading=\"lazy\" \/><\/a><\/div><\/div><\/div><\/div><div class=\"vc_col-sm-4 wpb_column vc_column_container\"><div class=\"vc_column-inner\"><div class=\"wpb_wrapper\"><div class=\"w-image align_center\"><a target=\"_blank\" rel=\"nofollow\" href=\"https:\/\/www.amazon.fr\/KURIO-Personnalisable-navigateur-\u00e9ducatifs-pr\u00e9-charg\u00e9s\/dp\/B0CGDVHWQB\/ref=sr_1_1_sspa?c=ts&amp;keywords=Tablettes+tactiles+pour+enfants&amp;qid=1695395899&amp;s=toys&amp;sr=1-1-spons&amp;ts_id=2866837031&amp;ufe=app_do:amzn1.fos.49fccda8-a887-4188-817b-b9a64bb30e43&amp;sp_csd=d2lkZ2V0TmFtZT1zcF9hdGY&amp;psc=1\" aria-label=\"Amazon\" class=\"w-image-h\"><img decoding=\"async\" width=\"300\" height=\"150\" src=\"https:\/\/kurioworld.com\/fr-gulli\/wp-content\/uploads\/sites\/11\/2024\/10\/Amazon.png\" class=\"attachment-full size-full\" alt=\"\" loading=\"lazy\" \/><\/a><\/div><\/div><\/div><\/div><div class=\"vc_col-sm-4 wpb_column vc_column_container\"><div class=\"vc_column-inner\"><div class=\"wpb_wrapper\"><div class=\"w-image align_center\"><a target=\"_blank\" rel=\"nofollow\" href=\"https:\/\/www.cultura.com\/p-tablette-kurio-connect-4-10149398.html\" aria-label=\"Cultura\" class=\"w-image-h\"><img decoding=\"async\" width=\"300\" height=\"150\" src=\"https:\/\/kurioworld.com\/fr-gulli\/wp-content\/uploads\/sites\/11\/2024\/10\/Cultura.png\" class=\"attachment-full size-full\" alt=\"\" loading=\"lazy\" \/><\/a><\/div><\/div><\/div><\/div><\/div><div class=\"g-cols wpb_row us_custom_46845caf us_animate_this via_flex valign_top type_default stacking_default\"><div class=\"vc_col-sm-3 wpb_column vc_column_container\"><div class=\"vc_column-inner\"><div class=\"wpb_wrapper\"><div class=\"w-image align_center\"><a target=\"_blank\" rel=\"nofollow\" href=\"https:\/\/www.fnac.com\/SearchResult\/ResultList.aspx?SCat=0!1&amp;Search=Tablette+Gulli&amp;sft=1&amp;sa=0\" aria-label=\"Fnac\" class=\"w-image-h\"><img decoding=\"async\" width=\"300\" height=\"150\" src=\"https:\/\/kurioworld.com\/fr-gulli\/wp-content\/uploads\/sites\/11\/2024\/10\/Fnac.png\" class=\"attachment-full size-full\" alt=\"\" loading=\"lazy\" \/><\/a><\/div><\/div><\/div><\/div><div class=\"vc_col-sm-3 wpb_column vc_column_container\"><div class=\"vc_column-inner\"><div class=\"wpb_wrapper\"><div class=\"w-image align_center\"><a target=\"_blank\" rel=\"nofollow\" href=\"https:\/\/www.smythstoys.com\/fr\/fr-fr\/jouets\/jouets-prescolaires\/vtech\/kurio-tablette-32-gb\/p\/226927\" aria-label=\"Smyths\" class=\"w-image-h\"><img decoding=\"async\" width=\"300\" height=\"150\" src=\"https:\/\/kurioworld.com\/fr-gulli\/wp-content\/uploads\/sites\/11\/2024\/10\/Smyths.png\" class=\"attachment-full size-full\" alt=\"\" loading=\"lazy\" \/><\/a><\/div><\/div><\/div><\/div><div class=\"vc_col-sm-3 wpb_column vc_column_container\"><div class=\"vc_column-inner\"><div class=\"wpb_wrapper\"><div class=\"w-image align_center\"><a target=\"_blank\" rel=\"nofollow\" href=\"https:\/\/www.lagranderecre.fr\/jeux-educatifs\/jeux-educatifs-electroniques\/ordinateurs-et-tablettes-educatives\/tablette-tactile-kurio-gulli.html\" aria-label=\"LaGrandeRecre\" class=\"w-image-h\"><img decoding=\"async\" width=\"300\" height=\"150\" src=\"https:\/\/kurioworld.com\/fr-gulli\/wp-content\/uploads\/sites\/11\/2024\/10\/LaGrandeRecre.png\" class=\"attachment-full size-full\" alt=\"\" loading=\"lazy\" \/><\/a><\/div><\/div><\/div><\/div><div class=\"vc_col-sm-3 wpb_column vc_column_container\"><div class=\"vc_column-inner\"><div class=\"wpb_wrapper\"><div class=\"w-image align_center\"><a target=\"_blank\" rel=\"nofollow\" href=\"https:\/\/www.king-jouet.com\/jeu-jouet\/jeux-jouets-educatifs\/ordinateurs-jeux-interactifs\/ref-946325-tablette-gulli-kurio-connect-4.htm\" aria-label=\"King-Jouet\" class=\"w-image-h\"><img decoding=\"async\" width=\"300\" height=\"150\" src=\"https:\/\/kurioworld.com\/fr-gulli\/wp-content\/uploads\/sites\/11\/2024\/10\/King-Jouet.png\" class=\"attachment-full size-full\" alt=\"\" loading=\"lazy\" \/><\/a><\/div><\/div><\/div><\/div><\/div><\/div><\/div><\/div><\/div><\/div><\/div><\/div><\/div><\/div><\/div><\/section>\n","protected":false},"excerpt":{"rendered":"La montre connect\u00e9eLa Tablette 7 poucesLa montre connect\u00e9eLa Tablette 7 pouces","protected":false},"author":2,"featured_media":0,"parent":0,"menu_order":0,"comment_status":"closed","ping_status":"closed","template":"","meta":{"footnotes":""},"class_list":["post-7090","page","type-page","status-publish","hentry"],"yoast_head":"<!-- This site is optimized with the Yoast SEO plugin v27.3 - https:\/\/yoast.com\/product\/yoast-seo-wordpress\/ -->\n<title>O\u00f9 les trouver ? - Kurio - recommand\u00e9 par Gulli<\/title>\n<meta name=\"robots\" content=\"index, follow, max-snippet:-1, max-image-preview:large, max-video-preview:-1\" \/>\n<link rel=\"canonical\" href=\"https:\/\/kurioworld.com\/fr-gulli\/where-to-buy\/\" \/>\n<meta property=\"og:locale\" content=\"fr_FR\" \/>\n<meta property=\"og:type\" content=\"article\" \/>\n<meta property=\"og:title\" content=\"O\u00f9 les trouver ? - Kurio - recommand\u00e9 par Gulli\" \/>\n<meta property=\"og:url\" content=\"https:\/\/kurioworld.com\/fr-gulli\/where-to-buy\/\" \/>\n<meta property=\"og:site_name\" content=\"Kurio - recommand\u00e9 par Gulli\" \/>\n<meta property=\"article:modified_time\" content=\"2024-10-28T10:44:29+00:00\" \/>\n<meta property=\"og:image\" content=\"https:\/\/kurioworld.com\/fr-gulli\/wp-content\/uploads\/sites\/11\/2025\/07\/kurioworld_home_FR.png\" \/>\n\t<meta property=\"og:image:width\" content=\"1200\" \/>\n\t<meta property=\"og:image:height\" content=\"675\" \/>\n\t<meta property=\"og:image:type\" content=\"image\/png\" \/>\n<meta name=\"twitter:card\" content=\"summary_large_image\" \/>\n<meta name=\"twitter:label1\" content=\"Dur\u00e9e de lecture estim\u00e9e\" \/>\n\t<meta name=\"twitter:data1\" content=\"3 minutes\" \/>\n<script type=\"application\/ld+json\" class=\"yoast-schema-graph\">{\"@context\":\"https:\\\/\\\/schema.org\",\"@graph\":[{\"@type\":\"WebPage\",\"@id\":\"https:\\\/\\\/kurioworld.com\\\/fr-gulli\\\/where-to-buy\\\/\",\"url\":\"https:\\\/\\\/kurioworld.com\\\/fr-gulli\\\/where-to-buy\\\/\",\"name\":\"O\u00f9 les trouver ? - Kurio - recommand\u00e9 par Gulli\",\"isPartOf\":{\"@id\":\"https:\\\/\\\/kurioworld.com\\\/fr-gulli\\\/#website\"},\"datePublished\":\"2017-09-05T07:14:59+00:00\",\"dateModified\":\"2024-10-28T10:44:29+00:00\",\"breadcrumb\":{\"@id\":\"https:\\\/\\\/kurioworld.com\\\/fr-gulli\\\/where-to-buy\\\/#breadcrumb\"},\"inLanguage\":\"fr-FR\",\"potentialAction\":[{\"@type\":\"ReadAction\",\"target\":[\"https:\\\/\\\/kurioworld.com\\\/fr-gulli\\\/where-to-buy\\\/\"]}]},{\"@type\":\"BreadcrumbList\",\"@id\":\"https:\\\/\\\/kurioworld.com\\\/fr-gulli\\\/where-to-buy\\\/#breadcrumb\",\"itemListElement\":[{\"@type\":\"ListItem\",\"position\":1,\"name\":\"Portada\",\"item\":\"https:\\\/\\\/kurioworld.com\\\/fr-gulli\\\/\"},{\"@type\":\"ListItem\",\"position\":2,\"name\":\"O\u00f9 les trouver ?\"}]},{\"@type\":\"WebSite\",\"@id\":\"https:\\\/\\\/kurioworld.com\\\/fr-gulli\\\/#website\",\"url\":\"https:\\\/\\\/kurioworld.com\\\/fr-gulli\\\/\",\"name\":\"Kurio - recommand\u00e9 par Gulli\",\"description\":\"SAFE TECH FOR KIDS\",\"alternateName\":\"Kurio\",\"potentialAction\":[{\"@type\":\"SearchAction\",\"target\":{\"@type\":\"EntryPoint\",\"urlTemplate\":\"https:\\\/\\\/kurioworld.com\\\/fr-gulli\\\/?s={search_term_string}\"},\"query-input\":{\"@type\":\"PropertyValueSpecification\",\"valueRequired\":true,\"valueName\":\"search_term_string\"}}],\"inLanguage\":\"fr-FR\"}]}<\/script>\n<!-- \/ Yoast SEO plugin. -->","yoast_head_json":{"title":"O\u00f9 les trouver ? - Kurio - recommand\u00e9 par Gulli","robots":{"index":"index","follow":"follow","max-snippet":"max-snippet:-1","max-image-preview":"max-image-preview:large","max-video-preview":"max-video-preview:-1"},"canonical":"https:\/\/kurioworld.com\/fr-gulli\/where-to-buy\/","og_locale":"fr_FR","og_type":"article","og_title":"O\u00f9 les trouver ? - Kurio - recommand\u00e9 par Gulli","og_url":"https:\/\/kurioworld.com\/fr-gulli\/where-to-buy\/","og_site_name":"Kurio - recommand\u00e9 par Gulli","article_modified_time":"2024-10-28T10:44:29+00:00","og_image":[{"width":1200,"height":675,"url":"https:\/\/kurioworld.com\/fr-gulli\/wp-content\/uploads\/sites\/11\/2025\/07\/kurioworld_home_FR.png","type":"image\/png"}],"twitter_card":"summary_large_image","twitter_misc":{"Dur\u00e9e de lecture estim\u00e9e":"3 minutes"},"schema":{"@context":"https:\/\/schema.org","@graph":[{"@type":"WebPage","@id":"https:\/\/kurioworld.com\/fr-gulli\/where-to-buy\/","url":"https:\/\/kurioworld.com\/fr-gulli\/where-to-buy\/","name":"O\u00f9 les trouver ? - Kurio - recommand\u00e9 par Gulli","isPartOf":{"@id":"https:\/\/kurioworld.com\/fr-gulli\/#website"},"datePublished":"2017-09-05T07:14:59+00:00","dateModified":"2024-10-28T10:44:29+00:00","breadcrumb":{"@id":"https:\/\/kurioworld.com\/fr-gulli\/where-to-buy\/#breadcrumb"},"inLanguage":"fr-FR","potentialAction":[{"@type":"ReadAction","target":["https:\/\/kurioworld.com\/fr-gulli\/where-to-buy\/"]}]},{"@type":"BreadcrumbList","@id":"https:\/\/kurioworld.com\/fr-gulli\/where-to-buy\/#breadcrumb","itemListElement":[{"@type":"ListItem","position":1,"name":"Portada","item":"https:\/\/kurioworld.com\/fr-gulli\/"},{"@type":"ListItem","position":2,"name":"O\u00f9 les trouver ?"}]},{"@type":"WebSite","@id":"https:\/\/kurioworld.com\/fr-gulli\/#website","url":"https:\/\/kurioworld.com\/fr-gulli\/","name":"Kurio - recommand\u00e9 par Gulli","description":"SAFE TECH FOR KIDS","alternateName":"Kurio","potentialAction":[{"@type":"SearchAction","target":{"@type":"EntryPoint","urlTemplate":"https:\/\/kurioworld.com\/fr-gulli\/?s={search_term_string}"},"query-input":{"@type":"PropertyValueSpecification","valueRequired":true,"valueName":"search_term_string"}}],"inLanguage":"fr-FR"}]}},"_links":{"self":[{"href":"https:\/\/kurioworld.com\/fr-gulli\/wp-json\/wp\/v2\/pages\/7090","targetHints":{"allow":["GET"]}}],"collection":[{"href":"https:\/\/kurioworld.com\/fr-gulli\/wp-json\/wp\/v2\/pages"}],"about":[{"href":"https:\/\/kurioworld.com\/fr-gulli\/wp-json\/wp\/v2\/types\/page"}],"author":[{"embeddable":true,"href":"https:\/\/kurioworld.com\/fr-gulli\/wp-json\/wp\/v2\/users\/2"}],"replies":[{"embeddable":true,"href":"https:\/\/kurioworld.com\/fr-gulli\/wp-json\/wp\/v2\/comments?post=7090"}],"version-history":[{"count":0,"href":"https:\/\/kurioworld.com\/fr-gulli\/wp-json\/wp\/v2\/pages\/7090\/revisions"}],"wp:attachment":[{"href":"https:\/\/kurioworld.com\/fr-gulli\/wp-json\/wp\/v2\/media?parent=7090"}],"curies":[{"name":"wp","href":"https:\/\/api.w.org\/{rel}","templated":true}]}}