{"id":4307,"date":"2015-10-21T09:31:45","date_gmt":"2015-10-21T09:31:45","guid":{"rendered":"http:\/\/impreza3.us-themes.com\/?page_id=4307"},"modified":"2015-10-21T09:31:45","modified_gmt":"2015-10-21T09:31:45","slug":"about-us","status":"publish","type":"page","link":"https:\/\/kurioworld.com\/fi\/about-us\/","title":{"rendered":"Tietoa meist\u00e4"},"content":{"rendered":"<section class=\"l-section wpb_row height_medium full_height valign_center color_secondary with_img\"><div class=\"l-section-img\" role=\"img\" aria-label=\"Kuva\" data-img-width=\"1528\" data-img-height=\"992\" style=\"background-image: url(https:\/\/kurioworld.com\/fi\/wp-content\/uploads\/sites\/9\/2015\/10\/Kurio_Watch_life-shot.jpg);\"><\/div><div class=\"l-section-h i-cf\"><div class=\"g-cols vc_row via_flex valign_bottom type_default stacking_default\"><div class=\"vc_col-sm-6 wpb_column vc_column_container\"><div class=\"vc_column-inner\"><div class=\"wpb_wrapper\"><div class=\"w-separator size_custom\" style=\"height:300px\"><\/div><div class=\"wpb_text_column TextShadow\"><div class=\"wpb_wrapper\"><h2 style=\"text-align: center\"><strong>Kaikkialla lapsia<\/strong><\/h2>\n<\/div><\/div><div class=\"w-iconbox iconpos_top style_circle color_secondary align_center no_text no_title\"><a href=\"#who-we-are\" class=\"w-iconbox-link\" aria-label=\"material|keyboard arrow down\"><div class=\"w-iconbox-icon\" style=\"font-size:2rem;\"><i class=\"material-icons\">keyboard_arrow_down<\/i><\/div><\/a><div class=\"w-iconbox-meta\"><\/div><\/div><\/div><\/div><\/div><div class=\"vc_col-sm-6 wpb_column vc_column_container\"><div class=\"vc_column-inner\"><div class=\"wpb_wrapper\"><\/div><\/div><\/div><\/div><\/div><\/section><section class=\"l-section wpb_row height_medium with_img\" id=\"who-we-are\"><div class=\"l-section-img\" role=\"img\" aria-label=\"Kuva\" data-img-width=\"965\" data-img-height=\"543\" style=\"background-image: url(https:\/\/kurioworld.com\/fi\/wp-content\/uploads\/sites\/9\/2015\/10\/BG_White-drawings.jpg);background-position: top left;background-size: auto;\"><\/div><div class=\"l-section-h i-cf\"><div class=\"g-cols vc_row via_flex valign_middle type_default stacking_default\"><div class=\"vc_col-sm-6 wpb_column vc_column_container\"><div class=\"vc_column-inner\"><div class=\"wpb_wrapper\"><div class=\"wpb_text_column Orange\"><div class=\"wpb_wrapper\"><h1 style=\"text-align: right\">KEIT\u00c4 ME OLEMME<\/h1>\n<p style=\"text-align: right\">Vuonna 1996 perustettu KD Group on globaali yritys, joka toimii Euroopassa, Aasiassa ja Pohjois-Amerikassa, joissa se myy sen tuotteitaan.<\/p>\n<\/div><\/div><\/div><\/div><\/div><div class=\"vc_col-sm-6 wpb_column vc_column_container\"><div class=\"vc_column-inner\"><div class=\"wpb_wrapper\"><div class=\"w-separator size_custom\" style=\"height:100px\"><\/div><div class=\"wpb_text_column\"><div class=\"wpb_wrapper\"><p>Meill\u00e4 on yli 20 vuoden kokemus kaikenik\u00e4isten lasten interaktiivisten lelujen ja teknologian kehitt\u00e4misest\u00e4! T\u00e4rkein tavoitteemme on kehitt\u00e4\u00e4 ja julkaista innovatiivisia ja turvallisia teknologiapainotteisia leluja, tabletteja ja tuotteita nuorille lapsille esikoului\u00e4st\u00e4 teini-ik\u00e4\u00e4n.<\/p>\n<p>Kiitos 100 ty\u00f6ntekij\u00e4llemme ymp\u00e4ri maailmaa, autamme muuttamaan, viihdytt\u00e4m\u00e4\u00e4n ja rikastamaan lasten ja vanhempien el\u00e4m\u00e4\u00e4. Omien br\u00e4ndiemme lis\u00e4ksi KD Group on ylpe\u00e4 menestyksekk\u00e4iden lisensioitujen br\u00e4ndien, kuten Ryhm\u00e4 Haun, Disneyn, Pipsa Possun tai Palomies Samin, portfoliosta.<\/p>\n<\/div><\/div><\/div><\/div><\/div><\/div><\/div><\/section><section class=\"l-section wpb_row height_huge with_img parallax_ver parallaxdir_reversed\" id=\"building\"><div class=\"l-section-img\" role=\"img\" aria-label=\"Kuva\" data-img-width=\"1920\" data-img-height=\"1280\" style=\"background-image: url(https:\/\/kurioworld.com\/fi\/wp-content\/uploads\/sites\/9\/2015\/10\/AboutUs-1.jpg);background-repeat: no-repeat;\"><\/div><div class=\"l-section-h i-cf\"><div class=\"g-cols vc_row via_flex valign_top type_default stacking_default\"><div class=\"vc_col-sm-12 wpb_column vc_column_container\"><div class=\"vc_column-inner\"><div class=\"wpb_wrapper\"><div class=\"w-separator size_custom\" style=\"height:200px\"><\/div><\/div><\/div><\/div><\/div><\/div><\/section><section class=\"l-section wpb_row height_medium with_img parallax_fixed\"><div class=\"l-section-img\" role=\"img\" aria-label=\"Kuva\" data-img-width=\"965\" data-img-height=\"543\" style=\"background-image: url(https:\/\/kurioworld.com\/fi\/wp-content\/uploads\/sites\/9\/2015\/10\/BG_White-drawings.jpg);background-position: top left;background-size: auto;\"><\/div><div class=\"l-section-h i-cf\"><div class=\"g-cols vc_row via_flex valign_top type_default stacking_default\"><div class=\"vc_col-sm-12 wpb_column vc_column_container\"><div class=\"vc_column-inner\"><div class=\"wpb_wrapper\"><div class=\"g-cols wpb_row via_flex valign_top type_default stacking_default\"><div class=\"vc_col-sm-2 wpb_column vc_column_container\"><div class=\"vc_column-inner\"><div class=\"wpb_wrapper\"><\/div><\/div><\/div><div class=\"vc_col-sm-8 wpb_column vc_column_container us_animate_aft\" style=\"animation-delay:0.2s\"><div class=\"vc_column-inner\"><div class=\"wpb_wrapper\"><\/div><\/div><\/div><div class=\"vc_col-sm-2 wpb_column vc_column_container\"><div class=\"vc_column-inner\"><div class=\"wpb_wrapper\"><\/div><\/div><\/div><\/div><div class=\"g-cols wpb_row via_flex valign_top type_default stacking_default\" style=\"--additional-gap:30;\"><div class=\"vc_col-sm-6 wpb_column vc_column_container us_animate_afl\"><div class=\"vc_column-inner\"><div class=\"wpb_wrapper\"><div class=\"wpb_text_column us_custom_4de3ce74 Green\"><div class=\"wpb_wrapper\"><h1>MISSIOT &amp; ARVOT<\/h1>\n<\/div><\/div><\/div><\/div><\/div><div class=\"vc_col-sm-6 wpb_column vc_column_container us_animate_afr\"><div class=\"vc_column-inner\"><div class=\"wpb_wrapper\"><div class=\"wpb_text_column us_custom_4de3ce74\"><div class=\"wpb_wrapper\"><p>Missiomme on tarjota lapsille ja perheille ymp\u00e4ri maailmaa opettavia ja hauskoja tuotteita, jotka yhdist\u00e4v\u00e4t t\u00e4ydellisesti innovaatiota, turvallisuutta ja teknologiaa luoden varsinaisen omaa laatuaan olevan kokemuksen!<\/p>\n<\/div><\/div><\/div><\/div><\/div><\/div><div class=\"g-cols wpb_row via_flex valign_top type_default stacking_default\" style=\"--additional-gap:30;\"><div class=\"vc_col-sm-6 wpb_column vc_column_container us_animate_afl\" style=\"animation-delay:0.2s\"><div class=\"vc_column-inner\"><div class=\"wpb_wrapper\"><div class=\"w-iconbox Green iconpos_left style_circle color_custom align_left\"><div class=\"w-iconbox-icon\" style=\"font-size:1.5em;--icon-color:#ffffff;\"><i class=\"far fa-lightbulb\"><\/i><\/div><div class=\"w-iconbox-meta\"><h4 class=\"w-iconbox-title\">INNOVAATIO<\/h4><div class=\"w-iconbox-text\"><p>Pyrimme lis\u00e4\u00e4m\u00e4\u00e4n jokaiseen tuotteeseen viimeisint\u00e4 teknologiaan j\u00e4rjestelm\u00e4n, laitteiden ja sis\u00e4ll\u00f6n muodossa.<\/p>\n<\/div><\/div><\/div><\/div><\/div><\/div><div class=\"vc_col-sm-6 wpb_column vc_column_container us_animate_afr\" style=\"animation-delay:0.2s\"><div class=\"vc_column-inner\"><div class=\"wpb_wrapper\"><div class=\"w-iconbox Green iconpos_left style_circle color_custom align_left\"><div class=\"w-iconbox-icon\" style=\"font-size:1.5em;--icon-color:#ffffff;\"><i class=\"material-icons\">verified_user<\/i><\/div><div class=\"w-iconbox-meta\"><h4 class=\"w-iconbox-title\">LAATU<\/h4><div class=\"w-iconbox-text\"><p>Korkein prioriteettimme on varmistaa, ett\u00e4 tuotteemme t\u00e4ytt\u00e4\u00e4 vaativimmatkin laadun ja turvallisuuden standardit.<\/p>\n<\/div><\/div><\/div><\/div><\/div><\/div><\/div><div class=\"g-cols wpb_row via_flex valign_top type_default stacking_default\" style=\"--additional-gap:30;\"><div class=\"vc_col-sm-6 wpb_column vc_column_container us_animate_afl\" style=\"animation-delay:0.4s\"><div class=\"vc_column-inner\"><div class=\"wpb_wrapper\"><div class=\"w-iconbox Green iconpos_left style_circle color_custom align_left\"><div class=\"w-iconbox-icon\" style=\"font-size:1.5em;--icon-color:#ffffff;\"><i class=\"material-icons\">security<\/i><\/div><div class=\"w-iconbox-meta\"><h4 class=\"w-iconbox-title\">TURVALLISUUS<\/h4><div class=\"w-iconbox-text\"><p>T\u00e4yt\u00e4mme COPPA- ja CE-vaatimukset ja tarjoamme lapsille turvallisia laitteita.<\/p>\n<\/div><\/div><\/div><\/div><\/div><\/div><div class=\"vc_col-sm-6 wpb_column vc_column_container us_animate_afr\" style=\"animation-delay:0.4s\"><div class=\"vc_column-inner\"><div class=\"wpb_wrapper\"><div class=\"w-iconbox Green iconpos_left style_circle color_custom align_left\"><div class=\"w-iconbox-icon\" style=\"font-size:1.5em;--icon-color:#ffffff;\"><i class=\"material-icons\">brush<\/i><\/div><div class=\"w-iconbox-meta\"><h4 class=\"w-iconbox-title\">LUOMINEN<\/h4><div class=\"w-iconbox-text\"><p>Olemme sitoutuneet luomaan lapsille parhaita laitteita.<br \/>\nPyrimme aina lis\u00e4\u00e4m\u00e4\u00e4n &#8221;taikaa&#8221; tuotteisiimme!<\/p>\n<\/div><\/div><\/div><\/div><\/div><\/div><\/div><div class=\"g-cols wpb_row via_flex valign_top type_default stacking_default\" style=\"--additional-gap:30;\"><div class=\"vc_col-sm-6 wpb_column vc_column_container us_animate_afl\" style=\"animation-delay:0.6s\"><div class=\"vc_column-inner\"><div class=\"wpb_wrapper\"><div class=\"w-iconbox Green iconpos_left style_circle color_custom align_left\"><div class=\"w-iconbox-icon\" style=\"font-size:1.5em;--icon-color:#ffffff;\"><i class=\"fas fa-cogs\"><\/i><\/div><div class=\"w-iconbox-meta\"><h4 class=\"w-iconbox-title\">TEKNOLOGIA<\/h4><div class=\"w-iconbox-text\"><p>Reagoimme nopeasti uuteen teknologiaan, uusimpiin trendeihin sek\u00e4 perheiden ja lasten alati muuttuviin tarpeisiin ja arvoihin.<\/p>\n<\/div><\/div><\/div><\/div><\/div><\/div><div class=\"vc_col-sm-6 wpb_column vc_column_container us_animate_afr\" style=\"animation-delay:0.6s\"><div class=\"vc_column-inner\"><div class=\"wpb_wrapper\"><div class=\"w-iconbox Green iconpos_left style_circle color_custom align_left\"><div class=\"w-iconbox-icon\" style=\"font-size:1.5em;--icon-color:#ffffff;\"><i class=\"fas fa-fighter-jet\"><\/i><\/div><div class=\"w-iconbox-meta\"><h4 class=\"w-iconbox-title\">TEHOKKUUS<\/h4><div class=\"w-iconbox-text\"><p>Olemme ylpeit\u00e4 valmistuksen ja jakelun tehokkuudesta ja joustavuudesta mit\u00e4 tulee asiakkaiden vaihtelevien tarpeiden t\u00e4ytt\u00e4miseen.<\/p>\n<\/div><\/div><\/div><\/div><\/div><\/div><\/div><\/div><\/div><\/div><\/div><\/div><\/section><section class=\"l-section wpb_row height_small color_secondary with_img\"><div class=\"l-section-img\" role=\"img\" aria-label=\"Kuva\" style=\"background-image: url(https:\/\/kurioworld.com\/fi\/wp-content\/plugins\/us-core\/assets\/images\/placeholder.svg);background-position: center left;background-repeat: no-repeat;background-size: auto;\"><\/div><div class=\"l-section-h i-cf\"><div class=\"g-cols vc_row via_flex valign_top type_default stacking_default\"><div class=\"vc_col-sm-12 wpb_column vc_column_container\"><div class=\"vc_column-inner\"><div class=\"wpb_wrapper\"><div class=\"w-actionbox color_secondary controls_right\"><div class=\"w-actionbox-text\"><h3 class=\"w-actionbox-title\" style=\"font-size:h3\">Lue lis\u00e4\u00e4\u2026<\/h3><\/div><div class=\"w-actionbox-controls\"><a class=\"w-btn us-btn-style_3 icon_atleft\" style=\"font-size:18px\" target=\" _blank\" rel=\"nofollow\" href=\"http:\/\/www.group-kd.com\"><i class=\"material-icons\">open_in_browser<\/i><span class=\"w-btn-label\">www.group-kd.com<\/span><\/a><\/div><\/div><\/div><\/div><\/div><\/div><\/div><\/section>\n","protected":false},"excerpt":{"rendered":"Kaikkialla lapsia keyboard_arrow_downKEIT\u00c4 ME OLEMME Vuonna 1996 perustettu KD Group on globaali yritys, joka toimii Euroopassa, Aasiassa ja Pohjois-Amerikassa, joissa se myy sen tuotteitaan. Meill\u00e4 on yli 20 vuoden kokemus kaikenik\u00e4isten lasten interaktiivisten lelujen ja teknologian kehitt\u00e4misest\u00e4! T\u00e4rkein tavoitteemme on kehitt\u00e4\u00e4 ja julkaista innovatiivisia ja turvallisia teknologiapainotteisia leluja, tabletteja ja tuotteita nuorille lapsille esikoului\u00e4st\u00e4 teini-ik\u00e4\u00e4n....","protected":false},"author":2,"featured_media":0,"parent":0,"menu_order":0,"comment_status":"closed","ping_status":"closed","template":"","meta":{"footnotes":""},"class_list":["post-4307","page","type-page","status-publish","hentry"],"yoast_head":"<!-- This site is optimized with the Yoast SEO plugin v27.3 - https:\/\/yoast.com\/product\/yoast-seo-wordpress\/ -->\n<title>Tietoa meist\u00e4 - Kurioworld FI<\/title>\n<meta name=\"robots\" content=\"noindex, follow, max-snippet:-1, max-image-preview:large, max-video-preview:-1\" \/>\n<meta property=\"og:locale\" content=\"fi_FI\" \/>\n<meta property=\"og:type\" content=\"article\" \/>\n<meta property=\"og:title\" content=\"Tietoa meist\u00e4 - Kurioworld FI\" \/>\n<meta property=\"og:url\" content=\"https:\/\/kurioworld.com\/fi\/about-us\/\" \/>\n<meta property=\"og:site_name\" content=\"Kurioworld FI\" \/>\n<meta name=\"twitter:card\" content=\"summary_large_image\" \/>\n<meta name=\"twitter:label1\" content=\"Arvioitu lukuaika\" \/>\n\t<meta name=\"twitter:data1\" content=\"4 minuuttia\" \/>\n<script type=\"application\/ld+json\" class=\"yoast-schema-graph\">{\"@context\":\"https:\\\/\\\/schema.org\",\"@graph\":[{\"@type\":\"WebPage\",\"@id\":\"https:\\\/\\\/kurioworld.com\\\/fi\\\/about-us\\\/\",\"url\":\"https:\\\/\\\/kurioworld.com\\\/fi\\\/about-us\\\/\",\"name\":\"Tietoa meist\u00e4 - Kurioworld FI\",\"isPartOf\":{\"@id\":\"https:\\\/\\\/kurioworld.com\\\/fi\\\/#website\"},\"datePublished\":\"2015-10-21T09:31:45+00:00\",\"breadcrumb\":{\"@id\":\"https:\\\/\\\/kurioworld.com\\\/fi\\\/about-us\\\/#breadcrumb\"},\"inLanguage\":\"fi\",\"potentialAction\":[{\"@type\":\"ReadAction\",\"target\":[\"https:\\\/\\\/kurioworld.com\\\/fi\\\/about-us\\\/\"]}]},{\"@type\":\"BreadcrumbList\",\"@id\":\"https:\\\/\\\/kurioworld.com\\\/fi\\\/about-us\\\/#breadcrumb\",\"itemListElement\":[{\"@type\":\"ListItem\",\"position\":1,\"name\":\"Portada\",\"item\":\"https:\\\/\\\/kurioworld.com\\\/fi\\\/\"},{\"@type\":\"ListItem\",\"position\":2,\"name\":\"Tietoa meist\u00e4\"}]},{\"@type\":\"WebSite\",\"@id\":\"https:\\\/\\\/kurioworld.com\\\/fi\\\/#website\",\"url\":\"https:\\\/\\\/kurioworld.com\\\/fi\\\/\",\"name\":\"Kurioworld FI\",\"description\":\"Ultimate Devices Built for Kids\",\"potentialAction\":[{\"@type\":\"SearchAction\",\"target\":{\"@type\":\"EntryPoint\",\"urlTemplate\":\"https:\\\/\\\/kurioworld.com\\\/fi\\\/?s={search_term_string}\"},\"query-input\":{\"@type\":\"PropertyValueSpecification\",\"valueRequired\":true,\"valueName\":\"search_term_string\"}}],\"inLanguage\":\"fi\"}]}<\/script>\n<!-- \/ Yoast SEO plugin. -->","yoast_head_json":{"title":"Tietoa meist\u00e4 - Kurioworld FI","robots":{"index":"noindex","follow":"follow","max-snippet":"max-snippet:-1","max-image-preview":"max-image-preview:large","max-video-preview":"max-video-preview:-1"},"og_locale":"fi_FI","og_type":"article","og_title":"Tietoa meist\u00e4 - Kurioworld FI","og_url":"https:\/\/kurioworld.com\/fi\/about-us\/","og_site_name":"Kurioworld FI","twitter_card":"summary_large_image","twitter_misc":{"Arvioitu lukuaika":"4 minuuttia"},"schema":{"@context":"https:\/\/schema.org","@graph":[{"@type":"WebPage","@id":"https:\/\/kurioworld.com\/fi\/about-us\/","url":"https:\/\/kurioworld.com\/fi\/about-us\/","name":"Tietoa meist\u00e4 - Kurioworld FI","isPartOf":{"@id":"https:\/\/kurioworld.com\/fi\/#website"},"datePublished":"2015-10-21T09:31:45+00:00","breadcrumb":{"@id":"https:\/\/kurioworld.com\/fi\/about-us\/#breadcrumb"},"inLanguage":"fi","potentialAction":[{"@type":"ReadAction","target":["https:\/\/kurioworld.com\/fi\/about-us\/"]}]},{"@type":"BreadcrumbList","@id":"https:\/\/kurioworld.com\/fi\/about-us\/#breadcrumb","itemListElement":[{"@type":"ListItem","position":1,"name":"Portada","item":"https:\/\/kurioworld.com\/fi\/"},{"@type":"ListItem","position":2,"name":"Tietoa meist\u00e4"}]},{"@type":"WebSite","@id":"https:\/\/kurioworld.com\/fi\/#website","url":"https:\/\/kurioworld.com\/fi\/","name":"Kurioworld FI","description":"Ultimate Devices Built for Kids","potentialAction":[{"@type":"SearchAction","target":{"@type":"EntryPoint","urlTemplate":"https:\/\/kurioworld.com\/fi\/?s={search_term_string}"},"query-input":{"@type":"PropertyValueSpecification","valueRequired":true,"valueName":"search_term_string"}}],"inLanguage":"fi"}]}},"_links":{"self":[{"href":"https:\/\/kurioworld.com\/fi\/wp-json\/wp\/v2\/pages\/4307","targetHints":{"allow":["GET"]}}],"collection":[{"href":"https:\/\/kurioworld.com\/fi\/wp-json\/wp\/v2\/pages"}],"about":[{"href":"https:\/\/kurioworld.com\/fi\/wp-json\/wp\/v2\/types\/page"}],"author":[{"embeddable":true,"href":"https:\/\/kurioworld.com\/fi\/wp-json\/wp\/v2\/users\/2"}],"replies":[{"embeddable":true,"href":"https:\/\/kurioworld.com\/fi\/wp-json\/wp\/v2\/comments?post=4307"}],"version-history":[{"count":0,"href":"https:\/\/kurioworld.com\/fi\/wp-json\/wp\/v2\/pages\/4307\/revisions"}],"wp:attachment":[{"href":"https:\/\/kurioworld.com\/fi\/wp-json\/wp\/v2\/media?parent=4307"}],"curies":[{"name":"wp","href":"https:\/\/api.w.org\/{rel}","templated":true}]}}