{"id":7639,"date":"2024-10-16T18:00:27","date_gmt":"2024-10-16T16:00:27","guid":{"rendered":"https:\/\/kurioworld.com\/es\/?page_id=7639"},"modified":"2024-11-03T21:01:54","modified_gmt":"2024-11-03T20:01:54","slug":"home","status":"publish","type":"page","link":"https:\/\/kurioworld.com\/es\/","title":{"rendered":"Home"},"content":{"rendered":"<section class=\"l-section wpb_row height_auto width_full with_shape\"><div class=\"l-section-shape type_triangle-2 pos_bottom on_front\" style=\"height:15vmin;color:\"><svg xmlns=\"http:\/\/www.w3.org\/2000\/svg\" viewBox=\"0 0 64 8\" preserveAspectRatio=\"none\" width=\"100%\" height=\"100%\">\r\n\t<path fill=\"currentColor\" d=\"M64 8 L0 8 L0 0 L48 7.9 L64 0 Z\"\/>\r\n<\/svg><\/div><div class=\"l-section-h i-cf\"><div class=\"g-cols vc_row via_grid cols_1 laptops-cols_inherit tablets-cols_inherit mobiles-cols_1 valign_middle type_default stacking_default\"><div class=\"wpb_column vc_column_container\"><div class=\"vc_column-inner\"><div class=\"w-image align_none\"><div class=\"w-image-h\"><img decoding=\"async\" width=\"2114\" height=\"1300\" src=\"https:\/\/kurioworld.com\/es\/wp-content\/uploads\/sites\/19\/2024\/10\/Home_lifeshot_08_OK.jpg\" class=\"attachment-full size-full\" alt=\"\" loading=\"lazy\" srcset=\"https:\/\/kurioworld.com\/es\/wp-content\/uploads\/sites\/19\/2024\/10\/Home_lifeshot_08_OK.jpg 2114w, https:\/\/kurioworld.com\/es\/wp-content\/uploads\/sites\/19\/2024\/10\/Home_lifeshot_08_OK-300x184.jpg 300w, https:\/\/kurioworld.com\/es\/wp-content\/uploads\/sites\/19\/2024\/10\/Home_lifeshot_08_OK-1024x630.jpg 1024w, https:\/\/kurioworld.com\/es\/wp-content\/uploads\/sites\/19\/2024\/10\/Home_lifeshot_08_OK-600x369.jpg 600w, https:\/\/kurioworld.com\/es\/wp-content\/uploads\/sites\/19\/2024\/10\/Home_lifeshot_08_OK-768x472.jpg 768w\" sizes=\"auto, (max-width: 2114px) 100vw, 2114px\" \/><\/div><\/div><\/div><\/div><\/div><\/div><\/section><section class=\"l-section wpb_row height_medium\" id=\"features\"><div class=\"l-section-h i-cf\"><div class=\"g-cols vc_row via_grid cols_1 laptops-cols_inherit tablets-cols_inherit mobiles-cols_1 valign_top type_default stacking_default\"><div class=\"wpb_column vc_column_container\"><div class=\"vc_column-inner\"><div class=\"wpb_text_column\"><div class=\"wpb_wrapper\"><h3>Kurio, marca reconocida y lider en desarrollar dispositivos tecnol\u00f3gicos para ni\u00f1os dise\u00f1ados pensando principalmente en su seguridad . Nos dedicamos a ofrecer experiencias interactivas que promueven un estilo de vida activo, combinando hardware y software de calidad profesional, siempre con la seguridad de los ni\u00f1os como prioridad.<\/h3>\n<\/div><\/div><\/div><\/div><\/div><\/div><\/section><section class=\"l-section wpb_row height_medium color_footer-top\" id=\"products\"><div class=\"l-section-h i-cf\"><div class=\"g-cols vc_row via_grid cols_2 laptops-cols_inherit tablets-cols_inherit mobiles-cols_1 valign_middle type_default stacking_default\"><div class=\"wpb_column vc_column_container us_animate_fade\"><div class=\"vc_column-inner\"><div class=\"w-grid us_grid type_masonry layout_7664 cols_1 preload_style_spinner ratio_4x3\" id=\"us_grid_1\" style=\"--columns:1;--gap:7rem;--item-ratio:0.75;\" data-filterable=\"true\"><style>@media (min-width:1024px){#us_grid_1 .w-post-elm.post_title{font-size:30px!important}}.layout_7664 .w-grid-item-h{background:#edf0f2;color:#5d6770;border-radius:0.6000000000000001;box-shadow:0 0.06rem 0.12rem rgba(0,0,0,0.1),0 0.2rem 0.6rem rgba(0,0,0,0.1);transition-duration:0.3s}.no-touch .layout_7664 .w-grid-item-h:hover{box-shadow:0 0.12rem 0.24rem rgba(0,0,0,0.1),0 0.4rem 1.2rem rgba(0,0,0,0.15);z-index:4}.layout_7664 .usg_post_image_1{transition-duration:0.35s;transform-origin:50% 50%;transform:scale(1) translate(0%,0%)}.layout_7664 .w-grid-item-h:focus-within .usg_post_image_1,.layout_7664 .w-grid-item-h:hover .usg_post_image_1{transform:scale(1) translate(0%,-10%);opacity:1}.layout_7664 .usg_vwrapper_1{transition-duration:0.35s;transform-origin:50% 50%;transform:scale(1) translate(0%,101%)}.layout_7664 .w-grid-item-h:focus-within .usg_vwrapper_1,.layout_7664 .w-grid-item-h:hover .usg_vwrapper_1{transform:scale(1) translate(0%,0%);opacity:1}.layout_7664 .usg_post_custom_field_1{transition-duration:0.35s;transform-origin:50% 50%;transform:scale(1) translate(0%,100%)}.layout_7664 .w-grid-item-h:focus-within .usg_post_custom_field_1,.layout_7664 .w-grid-item-h:hover .usg_post_custom_field_1{transform:scale(1) translate(0%,0%);opacity:1}.layout_7664 .usg_post_image_1{position:absolute!important;left:0!important;top:0!important;bottom:0!important;right:0!important}.layout_7664 .usg_vwrapper_1{position:absolute!important;left:0!important;bottom:-1px!important;right:0!important;background:inherit!important;padding:1.2rem 1.5rem 1.2rem 1.5rem!important}.layout_7664 .usg_post_title_1{font-family:var(--h1-font-family)!important;font-weight:700!important;color:inherit!important}.layout_7664 .usg_post_custom_field_1{position:absolute!important;left:0!important;top:0!important;bottom:0!important;right:0!important}<\/style><div class=\"w-grid-list\">\t<article class=\"w-grid-item size_1x1 post-7662 us_portfolio type-us_portfolio status-publish has-post-thumbnail hentry us_portfolio_category-products\" data-id=\"7662\">\r\n\t\t<div class=\"w-grid-item-h\" style=\"background:#52a7dd;color:#ffffff;\">\r\n\t\t\t\t\t\t\t<a href=\"https:\/\/kurioworld.com\/es\/products\/tablet-boing\/\" class=\"w-grid-item-anchor\" aria-label=\"Tablet Boing\"><\/a>\r\n\t\t\t\t\t\t<div class=\"w-post-elm post_image usg_post_image_1 stretched\"><img loading=\"lazy\" decoding=\"async\" width=\"1200\" height=\"900\" src=\"https:\/\/kurioworld.com\/es\/wp-content\/uploads\/sites\/19\/2024\/10\/Tablet_Boing_Portfolio-1.jpg\" class=\"attachment-full size-full wp-post-image\" alt=\"\" srcset=\"https:\/\/kurioworld.com\/es\/wp-content\/uploads\/sites\/19\/2024\/10\/Tablet_Boing_Portfolio-1.jpg 1200w, https:\/\/kurioworld.com\/es\/wp-content\/uploads\/sites\/19\/2024\/10\/Tablet_Boing_Portfolio-1-300x225.jpg 300w, https:\/\/kurioworld.com\/es\/wp-content\/uploads\/sites\/19\/2024\/10\/Tablet_Boing_Portfolio-1-1024x768.jpg 1024w, https:\/\/kurioworld.com\/es\/wp-content\/uploads\/sites\/19\/2024\/10\/Tablet_Boing_Portfolio-1-600x450.jpg 600w, https:\/\/kurioworld.com\/es\/wp-content\/uploads\/sites\/19\/2024\/10\/Tablet_Boing_Portfolio-1-768x576.jpg 768w\" sizes=\"auto, (max-width: 1200px) 100vw, 1200px\" \/><\/div><div class=\"w-post-elm post_custom_field usg_post_custom_field_1 type_image us_tile_additional_image color_link_inherit\"><img loading=\"lazy\" decoding=\"async\" width=\"1200\" height=\"900\" src=\"https:\/\/kurioworld.com\/es\/wp-content\/uploads\/sites\/19\/2024\/10\/Tablet_Boing_Portfolio_Bis.jpg\" class=\"attachment-full size-full\" alt=\"\" srcset=\"https:\/\/kurioworld.com\/es\/wp-content\/uploads\/sites\/19\/2024\/10\/Tablet_Boing_Portfolio_Bis.jpg 1200w, https:\/\/kurioworld.com\/es\/wp-content\/uploads\/sites\/19\/2024\/10\/Tablet_Boing_Portfolio_Bis-300x225.jpg 300w, https:\/\/kurioworld.com\/es\/wp-content\/uploads\/sites\/19\/2024\/10\/Tablet_Boing_Portfolio_Bis-1024x768.jpg 1024w, https:\/\/kurioworld.com\/es\/wp-content\/uploads\/sites\/19\/2024\/10\/Tablet_Boing_Portfolio_Bis-600x450.jpg 600w, https:\/\/kurioworld.com\/es\/wp-content\/uploads\/sites\/19\/2024\/10\/Tablet_Boing_Portfolio_Bis-768x576.jpg 768w\" sizes=\"auto, (max-width: 1200px) 100vw, 1200px\" \/><\/div><div class=\"w-vwrapper usg_vwrapper_1 grid_arrow_top align_center valign_top\"><h2 class=\"w-post-elm post_title usg_post_title_1 has_text_color entry-title color_link_inherit\">Tablet Boing<\/h2><\/div>\t\t<\/div>\r\n\t\t\t<\/article>\r\n<\/div>\t<div class=\"w-grid-preloader\">\r\n\t\t<div class=\"g-preloader type_1\">\r\n\t\t\t<div><\/div>\r\n\t\t<\/div>\r\n\t<\/div>\r\n\t\t<div class=\"w-grid-json hidden\" onclick='return {&quot;action&quot;:&quot;us_ajax_grid&quot;,&quot;infinite_scroll&quot;:0,&quot;max_num_pages&quot;:4,&quot;pagination&quot;:&quot;none&quot;,&quot;template_vars&quot;:{&quot;columns&quot;:&quot;1&quot;,&quot;exclude_items&quot;:&quot;none&quot;,&quot;img_size&quot;:&quot;full&quot;,&quot;ignore_items_size&quot;:0,&quot;items_layout&quot;:&quot;7664&quot;,&quot;items_offset&quot;:&quot;1&quot;,&quot;load_animation&quot;:&quot;none&quot;,&quot;overriding_link&quot;:&quot;%7B%22type%22%3A%22post%22%7D&quot;,&quot;post_id&quot;:0,&quot;query_args&quot;:{&quot;post_type&quot;:[&quot;us_portfolio&quot;],&quot;tax_query&quot;:[{&quot;taxonomy&quot;:&quot;us_portfolio_category&quot;,&quot;field&quot;:&quot;slug&quot;,&quot;terms&quot;:[&quot;products&quot;]}],&quot;post_status&quot;:[&quot;publish&quot;],&quot;posts_per_page&quot;:&quot;1&quot;},&quot;orderby_query_args&quot;:{&quot;orderby&quot;:{&quot;date&quot;:&quot;DESC&quot;}},&quot;type&quot;:&quot;masonry&quot;,&quot;us_grid_post_type&quot;:&quot;us_portfolio&quot;,&quot;us_grid_ajax_index&quot;:1,&quot;us_grid_filter_query_string&quot;:null,&quot;us_grid_index&quot;:1,&quot;page_args&quot;:[]}}'><\/div>\r\n\t<\/div><\/div><\/div><div class=\"wpb_column vc_column_container\"><div class=\"vc_column-inner\"><div class=\"w-btn-wrapper align_center\"><a class=\"w-btn us-btn-style_6 us_custom_14fc538c icon_atright\" href=\"https:\/\/kurioworld.com\/es\/products\/tablet-boing\/\"><span class=\"w-btn-label\">Aprende m\u00e1s sobre la tableta<\/span><i class=\"fas fa-hand-point-right\"><\/i><\/a><\/div><\/div><\/div><\/div><\/div><\/section><section class=\"l-section wpb_row height_small\" id=\"Our-Mission\"><div class=\"l-section-h i-cf\"><div class=\"g-cols vc_row via_grid cols_1 laptops-cols_inherit tablets-cols_inherit mobiles-cols_1 valign_top type_default stacking_default\"><div class=\"wpb_column vc_column_container\"><div class=\"vc_column-inner\"><div class=\"wpb_text_column\"><div class=\"wpb_wrapper\"><h2>Nuestra Misi\u00f3n<\/h2>\n<\/div><\/div><\/div><\/div><\/div><\/div><\/section><section class=\"l-section wpb_row height_auto\"><div class=\"l-section-h i-cf\"><div class=\"g-cols vc_row via_grid cols_3 laptops-cols_inherit tablets-cols_inherit mobiles-cols_1 valign_top type_boxes stacking_default\"><div class=\"wpb_column vc_column_container\"><div class=\"vc_column-inner\"><div class=\"w-iconbox iconpos_top style_default color_secondary align_center\"><div class=\"w-iconbox-icon\" style=\"font-size:3rem;\"><i class=\"fas fa-tablet-android-alt\"><\/i><\/div><div class=\"w-iconbox-meta\"><h4 class=\"w-iconbox-title\">Ofrecemos<\/h4><div class=\"w-iconbox-text\"><h6>aut\u00e9nticos dispositivos electr\u00f3nicos, no juguetes<\/h6>\n<\/div><\/div><\/div><\/div><\/div><div class=\"wpb_column vc_column_container\"><div class=\"vc_column-inner\"><div class=\"w-iconbox iconpos_top style_default color_secondary align_center\"><div class=\"w-iconbox-icon\" style=\"font-size:3rem;\"><i class=\"fas fa-shield-check\"><\/i><\/div><div class=\"w-iconbox-meta\"><h4 class=\"w-iconbox-title\">Poniendo la seguridad de los ni\u00f1os<\/h4><div class=\"w-iconbox-text\"><h6>por delante de todo tanto a nivel de \u00abhardware\u00bb como de \u00absoftware\u00bb<\/h6>\n<\/div><\/div><\/div><\/div><\/div><div class=\"wpb_column vc_column_container\"><div class=\"vc_column-inner\"><div class=\"w-iconbox iconpos_top style_default color_secondary align_center\"><div class=\"w-iconbox-icon\" style=\"font-size:3rem;\"><i class=\"fas fa-box-open\"><\/i><\/div><div class=\"w-iconbox-meta\"><h4 class=\"w-iconbox-title\">Para una diversi\u00f3n inmediata<\/h4><div class=\"w-iconbox-text\"><h6>con simplemente abrir la caja<\/h6>\n<\/div><\/div><\/div><\/div><\/div><\/div><\/div><\/section><section class=\"l-section wpb_row height_auto\"><div class=\"l-section-h i-cf\"><div class=\"g-cols vc_row via_grid cols_2 laptops-cols_inherit tablets-cols_inherit mobiles-cols_1 valign_middle type_default stacking_default\"><div class=\"wpb_column vc_column_container\"><div class=\"vc_column-inner\"><div class=\"wpb_text_column\"><div class=\"wpb_wrapper\"><h4>Nuestra gama de dispositivos inteligentes y seguros est\u00e1 desarrollada con los m\u00e1s altos est\u00e1ndares de calidad y protecci\u00f3n, garantizando que los ni\u00f1os puedan explorar el mundo digital con total confianza y que los padres puedan disfrutar de una tranquilidad absoluta.<\/h4>\n<\/div><\/div><\/div><\/div><div class=\"wpb_column vc_column_container\"><div class=\"vc_column-inner\"><div class=\"w-image align_none\"><div class=\"w-image-h\"><img decoding=\"async\" width=\"1024\" height=\"683\" src=\"https:\/\/kurioworld.com\/es\/wp-content\/uploads\/sites\/19\/2024\/10\/Home_lifeshot_09_OK-1024x683.jpg\" class=\"attachment-large size-large\" alt=\"\" loading=\"lazy\" srcset=\"https:\/\/kurioworld.com\/es\/wp-content\/uploads\/sites\/19\/2024\/10\/Home_lifeshot_09_OK-1024x683.jpg 1024w, https:\/\/kurioworld.com\/es\/wp-content\/uploads\/sites\/19\/2024\/10\/Home_lifeshot_09_OK-300x200.jpg 300w, https:\/\/kurioworld.com\/es\/wp-content\/uploads\/sites\/19\/2024\/10\/Home_lifeshot_09_OK-600x400.jpg 600w, https:\/\/kurioworld.com\/es\/wp-content\/uploads\/sites\/19\/2024\/10\/Home_lifeshot_09_OK-768x512.jpg 768w, https:\/\/kurioworld.com\/es\/wp-content\/uploads\/sites\/19\/2024\/10\/Home_lifeshot_09_OK.jpg 1900w\" sizes=\"auto, (max-width: 1024px) 100vw, 1024px\" \/><\/div><\/div><\/div><\/div><\/div><\/div><\/section><section class=\"l-section wpb_row height_medium color_secondary with_shape\"><div class=\"l-section-shape type_triangle-2-inv pos_top on_front\" style=\"height:10vh;\"><svg xmlns=\"http:\/\/www.w3.org\/2000\/svg\" viewBox=\"0 0 64 8\" preserveAspectRatio=\"none\" width=\"100%\" height=\"100%\">\r\n\t<path fill=\"currentColor\" d=\"M64 9 L0 9 L0 7.9 L48 0 L64 7.9 Z\"\/>\r\n<\/svg><\/div><div class=\"l-section-h i-cf\"><div class=\"g-cols vc_row via_grid cols_1 laptops-cols_inherit tablets-cols_inherit mobiles-cols_1 valign_top type_default stacking_default\"><div class=\"wpb_column vc_column_container\"><div class=\"vc_column-inner\"><div class=\"wpb_text_column\"><div class=\"wpb_wrapper\"><h2>Nuestros Valores<\/h2>\n<\/div><\/div><div class=\"g-cols wpb_row us_custom_938809ae via_grid cols_4 laptops-cols_inherit tablets-cols_inherit mobiles-cols_1 valign_middle type_default stacking_default\" style=\"--columns-gap:3rem;\"><div class=\"wpb_column vc_column_container\"><div class=\"vc_column-inner\"><div class=\"w-iconbox iconpos_left style_outlined color_custom align_left no_text\"><div class=\"w-iconbox-icon\" style=\"font-size:2rem;--icon-color:#FFED00;\"><i class=\"fas fa-hand-holding-heart\"><\/i><\/div><div class=\"w-iconbox-meta\"><h4 class=\"w-iconbox-title\">\u00a1Nos importa!<\/h4><\/div><\/div><\/div><\/div><div class=\"wpb_column vc_column_container\"><div class=\"vc_column-inner\"><div class=\"w-iconbox iconpos_left style_outlined color_custom align_left no_text\"><div class=\"w-iconbox-icon\" style=\"font-size:2rem;--icon-color:#FFED00;\"><i class=\"fas fa-badge-check\"><\/i><\/div><div class=\"w-iconbox-meta\"><h4 class=\"w-iconbox-title\">Alta calidad<\/h4><\/div><\/div><\/div><\/div><div class=\"wpb_column vc_column_container\"><div class=\"vc_column-inner\"><div class=\"w-iconbox iconpos_left style_outlined color_custom align_left no_text\"><div class=\"w-iconbox-icon\" style=\"font-size:2rem;--icon-color:#FFED00;\"><i class=\"fas fa-life-ring\"><\/i><\/div><div class=\"w-iconbox-meta\"><h4 class=\"w-iconbox-title\">Seguridad<\/h4><\/div><\/div><\/div><\/div><div class=\"wpb_column vc_column_container\"><div class=\"vc_column-inner\"><div class=\"w-iconbox iconpos_left style_outlined color_custom align_left no_text\"><div class=\"w-iconbox-icon\" style=\"font-size:2rem;--icon-color:#FFED00;\"><i class=\"fas fa-bullseye-arrow\"><\/i><\/div><div class=\"w-iconbox-meta\"><h4 class=\"w-iconbox-title\">Confiables<\/h4><\/div><\/div><\/div><\/div><\/div><div class=\"g-cols wpb_row us_custom_938809ae via_grid cols_4 laptops-cols_inherit tablets-cols_inherit mobiles-cols_1 valign_middle type_default stacking_default\" style=\"--columns-gap:3rem;\"><div class=\"wpb_column vc_column_container\"><div class=\"vc_column-inner\"><div class=\"w-iconbox iconpos_left style_outlined color_custom align_left no_text\"><div class=\"w-iconbox-icon\" style=\"font-size:2rem;--icon-color:#FFED00;\"><i class=\"fas fa-recycle\"><\/i><\/div><div class=\"w-iconbox-meta\"><h4 class=\"w-iconbox-title\">Duraderos<\/h4><\/div><\/div><\/div><\/div><div class=\"wpb_column vc_column_container\"><div class=\"vc_column-inner\"><div class=\"w-iconbox iconpos_left style_outlined color_custom align_left no_text\"><div class=\"w-iconbox-icon\" style=\"font-size:2rem;--icon-color:#FFED00;\"><i class=\"fas fa-smile-wink\"><\/i><\/div><div class=\"w-iconbox-meta\"><h4 class=\"w-iconbox-title\">Divertidos<\/h4><\/div><\/div><\/div><\/div><div class=\"wpb_column vc_column_container\"><div class=\"vc_column-inner\"><div class=\"w-iconbox iconpos_left style_outlined color_custom align_left no_text\"><div class=\"w-iconbox-icon\" style=\"font-size:2rem;--icon-color:#FFED00;\"><i class=\"fas fa-users\"><\/i><\/div><div class=\"w-iconbox-meta\"><h4 class=\"w-iconbox-title\">Inclusivos<\/h4><\/div><\/div><\/div><\/div><div class=\"wpb_column vc_column_container\"><div class=\"vc_column-inner\"><div class=\"w-iconbox iconpos_left style_outlined color_custom align_left no_text\"><div class=\"w-iconbox-icon\" style=\"font-size:2rem;--icon-color:#FFED00;\"><i class=\"fas fa-sparkles\"><\/i><\/div><div class=\"w-iconbox-meta\"><h4 class=\"w-iconbox-title\">Modernos<\/h4><\/div><\/div><\/div><\/div><\/div><\/div><\/div><\/div><\/div><\/section><section class=\"l-section wpb_row height_medium\"><div class=\"l-section-h i-cf\"><div class=\"g-cols vc_row via_grid cols_1 laptops-cols_inherit tablets-cols_inherit mobiles-cols_1 valign_middle type_default stacking_default\"><div class=\"wpb_column vc_column_container\"><div class=\"vc_column-inner\"><div class=\"wpb_text_column\"><div class=\"wpb_wrapper\"><h5>\u00danete a nosotros en nuestra misi\u00f3n de crear un entorno digital de juego seguro para los ni\u00f1os.<br \/>\nConoce Kurio, \u00abSafe Tech for Kids\u00bb, y descubre c\u00f3mo trabajamos para construir un futuro m\u00e1s brillante y seguro para tus hijos.<\/h5>\n<\/div><\/div><\/div><\/div><\/div><\/div><\/section>\n","protected":false},"excerpt":{"rendered":"V\u00eddeo de demostraci\u00f3nCaracter\u00edsticas principalesIncluye la BOING App, un m\u00f3nton de juegos BOING y v\u00eddeos de tus juegos favoritos. Y casi un contenido extra ilimitado gracias a su acceso a Google Play y KIDOZ Store. Control Parental KURIO GENIUS Filtrado de sitios web Filtra, categoriza y actualiza m\u00e1s de 38 mil millones de sitios web diariamente...","protected":false},"author":3,"featured_media":0,"parent":0,"menu_order":0,"comment_status":"closed","ping_status":"closed","template":"","meta":{"footnotes":""},"class_list":["post-7639","page","type-page","status-publish","hentry"],"yoast_head":"<!-- This site is optimized with the Yoast SEO plugin v27.5 - https:\/\/yoast.com\/product\/yoast-seo-wordpress\/ -->\n<title>Home - Kurioworld ES<\/title>\n<meta name=\"robots\" content=\"index, follow, max-snippet:-1, max-image-preview:large, max-video-preview:-1\" \/>\n<link rel=\"canonical\" href=\"https:\/\/kurioworld.com\/es\/\" \/>\n<meta property=\"og:locale\" content=\"es_ES\" \/>\n<meta property=\"og:type\" content=\"article\" \/>\n<meta property=\"og:title\" content=\"Home - Kurioworld ES\" \/>\n<meta property=\"og:url\" content=\"https:\/\/kurioworld.com\/es\/\" \/>\n<meta property=\"og:site_name\" content=\"Kurioworld ES\" \/>\n<meta property=\"article:modified_time\" content=\"2024-11-03T20:01:54+00:00\" \/>\n<meta name=\"twitter:card\" content=\"summary_large_image\" \/>\n<meta name=\"twitter:label1\" content=\"Tiempo de lectura\" \/>\n\t<meta name=\"twitter:data1\" content=\"2 minutos\" \/>\n<script type=\"application\/ld+json\" class=\"yoast-schema-graph\">{\"@context\":\"https:\\\/\\\/schema.org\",\"@graph\":[{\"@type\":\"WebPage\",\"@id\":\"https:\\\/\\\/kurioworld.com\\\/es\\\/\",\"url\":\"https:\\\/\\\/kurioworld.com\\\/es\\\/\",\"name\":\"Home - Kurioworld ES\",\"isPartOf\":{\"@id\":\"https:\\\/\\\/kurioworld.com\\\/es\\\/fr\\\/#website\"},\"datePublished\":\"2024-10-16T16:00:27+00:00\",\"dateModified\":\"2024-11-03T20:01:54+00:00\",\"breadcrumb\":{\"@id\":\"https:\\\/\\\/kurioworld.com\\\/es\\\/#breadcrumb\"},\"inLanguage\":\"es\",\"potentialAction\":[{\"@type\":\"ReadAction\",\"target\":[\"https:\\\/\\\/kurioworld.com\\\/es\\\/\"]}]},{\"@type\":\"BreadcrumbList\",\"@id\":\"https:\\\/\\\/kurioworld.com\\\/es\\\/#breadcrumb\",\"itemListElement\":[{\"@type\":\"ListItem\",\"position\":1,\"name\":\"Portada\",\"item\":\"https:\\\/\\\/kurioworld.com\\\/es\\\/\"},{\"@type\":\"ListItem\",\"position\":2,\"name\":\"Home\"}]},{\"@type\":\"WebSite\",\"@id\":\"https:\\\/\\\/kurioworld.com\\\/es\\\/fr\\\/#website\",\"url\":\"https:\\\/\\\/kurioworld.com\\\/es\\\/fr\\\/\",\"name\":\"Kurioworld ES\",\"description\":\"La \u00faltima tecnolog\u00eda creada para los ni\u00f1os\",\"potentialAction\":[{\"@type\":\"SearchAction\",\"target\":{\"@type\":\"EntryPoint\",\"urlTemplate\":\"https:\\\/\\\/kurioworld.com\\\/es\\\/fr\\\/?s={search_term_string}\"},\"query-input\":{\"@type\":\"PropertyValueSpecification\",\"valueRequired\":true,\"valueName\":\"search_term_string\"}}],\"inLanguage\":\"es\"}]}<\/script>\n<!-- \/ Yoast SEO plugin. -->","yoast_head_json":{"title":"Home - Kurioworld ES","robots":{"index":"index","follow":"follow","max-snippet":"max-snippet:-1","max-image-preview":"max-image-preview:large","max-video-preview":"max-video-preview:-1"},"canonical":"https:\/\/kurioworld.com\/es\/","og_locale":"es_ES","og_type":"article","og_title":"Home - Kurioworld ES","og_url":"https:\/\/kurioworld.com\/es\/","og_site_name":"Kurioworld ES","article_modified_time":"2024-11-03T20:01:54+00:00","twitter_card":"summary_large_image","twitter_misc":{"Tiempo de lectura":"2 minutos"},"schema":{"@context":"https:\/\/schema.org","@graph":[{"@type":"WebPage","@id":"https:\/\/kurioworld.com\/es\/","url":"https:\/\/kurioworld.com\/es\/","name":"Home - Kurioworld ES","isPartOf":{"@id":"https:\/\/kurioworld.com\/es\/fr\/#website"},"datePublished":"2024-10-16T16:00:27+00:00","dateModified":"2024-11-03T20:01:54+00:00","breadcrumb":{"@id":"https:\/\/kurioworld.com\/es\/#breadcrumb"},"inLanguage":"es","potentialAction":[{"@type":"ReadAction","target":["https:\/\/kurioworld.com\/es\/"]}]},{"@type":"BreadcrumbList","@id":"https:\/\/kurioworld.com\/es\/#breadcrumb","itemListElement":[{"@type":"ListItem","position":1,"name":"Portada","item":"https:\/\/kurioworld.com\/es\/"},{"@type":"ListItem","position":2,"name":"Home"}]},{"@type":"WebSite","@id":"https:\/\/kurioworld.com\/es\/fr\/#website","url":"https:\/\/kurioworld.com\/es\/fr\/","name":"Kurioworld ES","description":"La \u00faltima tecnolog\u00eda creada para los ni\u00f1os","potentialAction":[{"@type":"SearchAction","target":{"@type":"EntryPoint","urlTemplate":"https:\/\/kurioworld.com\/es\/fr\/?s={search_term_string}"},"query-input":{"@type":"PropertyValueSpecification","valueRequired":true,"valueName":"search_term_string"}}],"inLanguage":"es"}]}},"_links":{"self":[{"href":"https:\/\/kurioworld.com\/es\/wp-json\/wp\/v2\/pages\/7639","targetHints":{"allow":["GET"]}}],"collection":[{"href":"https:\/\/kurioworld.com\/es\/wp-json\/wp\/v2\/pages"}],"about":[{"href":"https:\/\/kurioworld.com\/es\/wp-json\/wp\/v2\/types\/page"}],"author":[{"embeddable":true,"href":"https:\/\/kurioworld.com\/es\/wp-json\/wp\/v2\/users\/3"}],"replies":[{"embeddable":true,"href":"https:\/\/kurioworld.com\/es\/wp-json\/wp\/v2\/comments?post=7639"}],"version-history":[{"count":0,"href":"https:\/\/kurioworld.com\/es\/wp-json\/wp\/v2\/pages\/7639\/revisions"}],"wp:attachment":[{"href":"https:\/\/kurioworld.com\/es\/wp-json\/wp\/v2\/media?parent=7639"}],"curies":[{"name":"wp","href":"https:\/\/api.w.org\/{rel}","templated":true}]}}