{"id":7225,"date":"2017-09-20T08:17:56","date_gmt":"2017-09-20T08:17:56","guid":{"rendered":"http:\/\/kurioworld.com\/es\/?page_id=7225"},"modified":"2022-12-22T09:52:01","modified_gmt":"2022-12-22T08:52:01","slug":"technical-support","status":"publish","type":"page","link":"https:\/\/kurioworld.com\/es\/support\/kurio-snap\/technical-support\/","title":{"rendered":"Soporte T\u00e9cnico"},"content":{"rendered":"<section class=\"l-section wpb_row Features-Left height_medium with_img\"><div class=\"l-section-img\" role=\"img\" aria-label=\"Imagen\" data-img-width=\"1920\" data-img-height=\"1080\" style=\"background-image: url(https:\/\/kurioworld.com\/es\/wp-content\/uploads\/sites\/19\/2017\/05\/TechnicalSupport.jpg);background-position: bottom left;background-repeat: no-repeat;background-size: contain;\"><\/div><div class=\"l-section-h i-cf\"><div class=\"g-cols vc_row via_grid cols_2 laptops-cols_inherit tablets-cols_inherit mobiles-cols_1 valign_top type_default stacking_default\"><div class=\"wpb_column vc_column_container\"><div class=\"vc_column-inner\"><div class=\"wpb_text_column\"><div class=\"wpb_wrapper\"><h2 style=\"text-align: right;\">Llamarnos<\/h2>\n<\/div><\/div><div class=\"w-separator size_medium with_line width_default thick_1 style_solid color_border align_center\"><div class=\"w-separator-h\"><\/div><\/div><div class=\"wpb_text_column\"><div class=\"wpb_wrapper\"><h5 style=\"text-align: right;\">Hotline Kurio\u00a0Tablets<br \/>\nLlama: (+34) 976144606<\/h5>\n<\/div><\/div><\/div><\/div><div class=\"wpb_column vc_column_container\"><div class=\"vc_column-inner\"><div class=\"wpb_text_column\"><div class=\"wpb_wrapper\"><h2>Enviar un email<\/h2>\n<\/div><\/div><div class=\"w-separator size_medium with_line width_default thick_1 style_solid color_border align_center\"><div class=\"w-separator-h\"><\/div><\/div>\n<div class=\"wpcf7 no-js\" id=\"wpcf7-f7226-o1\" lang=\"en-GB\" dir=\"ltr\" data-wpcf7-id=\"7226\">\n<div class=\"screen-reader-response\"><p role=\"status\" aria-live=\"polite\" aria-atomic=\"true\"><\/p> <ul><\/ul><\/div>\n<form action=\"\/es\/wp-json\/wp\/v2\/pages\/7225#wpcf7-f7226-o1\" method=\"post\" class=\"wpcf7-form init\" aria-label=\"Contact form\" novalidate=\"novalidate\" data-status=\"init\">\n<fieldset class=\"hidden-fields-container\"><input type=\"hidden\" name=\"_wpcf7\" value=\"7226\" \/><input type=\"hidden\" name=\"_wpcf7_version\" value=\"6.1.5\" \/><input type=\"hidden\" name=\"_wpcf7_locale\" value=\"en_GB\" \/><input type=\"hidden\" name=\"_wpcf7_unit_tag\" value=\"wpcf7-f7226-o1\" \/><input type=\"hidden\" name=\"_wpcf7_container_post\" value=\"0\" \/><input type=\"hidden\" name=\"_wpcf7_posted_data_hash\" value=\"\" \/><input type=\"hidden\" name=\"_wpcf7_recaptcha_response\" value=\"\" \/>\n<\/fieldset>\n<p><label> Nombre*<br \/>\n<span class=\"wpcf7-form-control-wrap\" data-name=\"your-name\"><input size=\"40\" maxlength=\"400\" class=\"wpcf7-form-control wpcf7-text wpcf7-validates-as-required\" aria-required=\"true\" aria-invalid=\"false\" value=\"\" type=\"text\" name=\"your-name\" \/><\/span> <\/label>\n<\/p>\n<p><label> Email*<br \/>\n<span class=\"wpcf7-form-control-wrap\" data-name=\"your-email\"><input size=\"40\" maxlength=\"400\" class=\"wpcf7-form-control wpcf7-email wpcf7-validates-as-required wpcf7-text wpcf7-validates-as-email\" aria-required=\"true\" aria-invalid=\"false\" value=\"\" type=\"email\" name=\"your-email\" \/><\/span> <\/label>\n<\/p>\n<p><label> Asunto*<br \/>\n<span class=\"wpcf7-form-control-wrap\" data-name=\"your-subject\"><input size=\"40\" maxlength=\"400\" class=\"wpcf7-form-control wpcf7-text wpcf7-validates-as-required\" aria-required=\"true\" aria-invalid=\"false\" value=\"Kurio SNAP\" type=\"text\" name=\"your-subject\" \/><\/span> <\/label>\n<\/p>\n<p><label> Mensaje*<br \/>\n<span class=\"wpcf7-form-control-wrap\" data-name=\"your-message\"><textarea cols=\"40\" rows=\"10\" maxlength=\"2000\" class=\"wpcf7-form-control wpcf7-textarea wpcf7-validates-as-required\" aria-required=\"true\" aria-invalid=\"false\" name=\"your-message\"><\/textarea><\/span> <\/label>\n<\/p>\n<p><input class=\"wpcf7-form-control wpcf7-submit has-spinner\" type=\"submit\" value=\"Enviar\" \/>\n<\/p><div class=\"wpcf7-response-output\" aria-hidden=\"true\"><\/div>\n<\/form>\n<\/div>\n<div class=\"w-separator img_xs size_custom\" style=\"height:200px\"><\/div><\/div><\/div><\/div><\/div><\/section>\n","protected":false},"excerpt":{"rendered":"Llamarnos Hotline Kurio\u00a0Tablets Llama: (+34) 976144606 Enviar un email Nombre* Email* Asunto* Mensaje*","protected":false},"author":2,"featured_media":0,"parent":7216,"menu_order":0,"comment_status":"closed","ping_status":"closed","template":"","meta":{"footnotes":""},"class_list":["post-7225","page","type-page","status-publish","hentry"],"yoast_head":"<!-- This site is optimized with the Yoast SEO plugin v27.2 - https:\/\/yoast.com\/product\/yoast-seo-wordpress\/ -->\n<title>Soporte T\u00e9cnico - Kurioworld ES<\/title>\n<meta name=\"robots\" content=\"index, follow, max-snippet:-1, max-image-preview:large, max-video-preview:-1\" \/>\n<link rel=\"canonical\" href=\"https:\/\/kurioworld.com\/es\/support\/kurio-snap\/technical-support\/\" \/>\n<meta property=\"og:locale\" content=\"es_ES\" \/>\n<meta property=\"og:type\" content=\"article\" \/>\n<meta property=\"og:title\" content=\"Soporte T\u00e9cnico - Kurioworld ES\" \/>\n<meta property=\"og:url\" content=\"https:\/\/kurioworld.com\/es\/support\/kurio-snap\/technical-support\/\" \/>\n<meta property=\"og:site_name\" content=\"Kurioworld ES\" \/>\n<meta property=\"article:modified_time\" content=\"2022-12-22T08:52:01+00:00\" \/>\n<meta name=\"twitter:card\" content=\"summary_large_image\" \/>\n<script type=\"application\/ld+json\" class=\"yoast-schema-graph\">{\"@context\":\"https:\/\/schema.org\",\"@graph\":[{\"@type\":\"WebPage\",\"@id\":\"https:\/\/kurioworld.com\/es\/support\/kurio-snap\/technical-support\/\",\"url\":\"https:\/\/kurioworld.com\/es\/support\/kurio-snap\/technical-support\/\",\"name\":\"Soporte T\u00e9cnico - Kurioworld ES\",\"isPartOf\":{\"@id\":\"https:\/\/kurioworld.com\/es\/fr\/#website\"},\"datePublished\":\"2017-09-20T08:17:56+00:00\",\"dateModified\":\"2022-12-22T08:52:01+00:00\",\"breadcrumb\":{\"@id\":\"https:\/\/kurioworld.com\/es\/support\/kurio-snap\/technical-support\/#breadcrumb\"},\"inLanguage\":\"es\",\"potentialAction\":[{\"@type\":\"ReadAction\",\"target\":[\"https:\/\/kurioworld.com\/es\/support\/kurio-snap\/technical-support\/\"]}]},{\"@type\":\"BreadcrumbList\",\"@id\":\"https:\/\/kurioworld.com\/es\/support\/kurio-snap\/technical-support\/#breadcrumb\",\"itemListElement\":[{\"@type\":\"ListItem\",\"position\":1,\"name\":\"Portada\",\"item\":\"https:\/\/kurioworld.com\/es\/\"},{\"@type\":\"ListItem\",\"position\":2,\"name\":\"Soporte\",\"item\":\"https:\/\/kurioworld.com\/es\/support\/\"},{\"@type\":\"ListItem\",\"position\":3,\"name\":\"Kurio SNAP\",\"item\":\"https:\/\/kurioworld.com\/es\/support\/kurio-snap\/\"},{\"@type\":\"ListItem\",\"position\":4,\"name\":\"Soporte T\u00e9cnico\"}]},{\"@type\":\"WebSite\",\"@id\":\"https:\/\/kurioworld.com\/es\/fr\/#website\",\"url\":\"https:\/\/kurioworld.com\/es\/fr\/\",\"name\":\"Kurioworld ES\",\"description\":\"La \u00faltima tecnolog\u00eda creada para los ni\u00f1os\",\"potentialAction\":[{\"@type\":\"SearchAction\",\"target\":{\"@type\":\"EntryPoint\",\"urlTemplate\":\"https:\/\/kurioworld.com\/es\/fr\/?s={search_term_string}\"},\"query-input\":{\"@type\":\"PropertyValueSpecification\",\"valueRequired\":true,\"valueName\":\"search_term_string\"}}],\"inLanguage\":\"es\"}]}<\/script>\n<!-- \/ Yoast SEO plugin. -->","yoast_head_json":{"title":"Soporte T\u00e9cnico - Kurioworld ES","robots":{"index":"index","follow":"follow","max-snippet":"max-snippet:-1","max-image-preview":"max-image-preview:large","max-video-preview":"max-video-preview:-1"},"canonical":"https:\/\/kurioworld.com\/es\/support\/kurio-snap\/technical-support\/","og_locale":"es_ES","og_type":"article","og_title":"Soporte T\u00e9cnico - Kurioworld ES","og_url":"https:\/\/kurioworld.com\/es\/support\/kurio-snap\/technical-support\/","og_site_name":"Kurioworld ES","article_modified_time":"2022-12-22T08:52:01+00:00","twitter_card":"summary_large_image","schema":{"@context":"https:\/\/schema.org","@graph":[{"@type":"WebPage","@id":"https:\/\/kurioworld.com\/es\/support\/kurio-snap\/technical-support\/","url":"https:\/\/kurioworld.com\/es\/support\/kurio-snap\/technical-support\/","name":"Soporte T\u00e9cnico - Kurioworld ES","isPartOf":{"@id":"https:\/\/kurioworld.com\/es\/fr\/#website"},"datePublished":"2017-09-20T08:17:56+00:00","dateModified":"2022-12-22T08:52:01+00:00","breadcrumb":{"@id":"https:\/\/kurioworld.com\/es\/support\/kurio-snap\/technical-support\/#breadcrumb"},"inLanguage":"es","potentialAction":[{"@type":"ReadAction","target":["https:\/\/kurioworld.com\/es\/support\/kurio-snap\/technical-support\/"]}]},{"@type":"BreadcrumbList","@id":"https:\/\/kurioworld.com\/es\/support\/kurio-snap\/technical-support\/#breadcrumb","itemListElement":[{"@type":"ListItem","position":1,"name":"Portada","item":"https:\/\/kurioworld.com\/es\/"},{"@type":"ListItem","position":2,"name":"Soporte","item":"https:\/\/kurioworld.com\/es\/support\/"},{"@type":"ListItem","position":3,"name":"Kurio SNAP","item":"https:\/\/kurioworld.com\/es\/support\/kurio-snap\/"},{"@type":"ListItem","position":4,"name":"Soporte T\u00e9cnico"}]},{"@type":"WebSite","@id":"https:\/\/kurioworld.com\/es\/fr\/#website","url":"https:\/\/kurioworld.com\/es\/fr\/","name":"Kurioworld ES","description":"La \u00faltima tecnolog\u00eda creada para los ni\u00f1os","potentialAction":[{"@type":"SearchAction","target":{"@type":"EntryPoint","urlTemplate":"https:\/\/kurioworld.com\/es\/fr\/?s={search_term_string}"},"query-input":{"@type":"PropertyValueSpecification","valueRequired":true,"valueName":"search_term_string"}}],"inLanguage":"es"}]}},"_links":{"self":[{"href":"https:\/\/kurioworld.com\/es\/wp-json\/wp\/v2\/pages\/7225","targetHints":{"allow":["GET"]}}],"collection":[{"href":"https:\/\/kurioworld.com\/es\/wp-json\/wp\/v2\/pages"}],"about":[{"href":"https:\/\/kurioworld.com\/es\/wp-json\/wp\/v2\/types\/page"}],"author":[{"embeddable":true,"href":"https:\/\/kurioworld.com\/es\/wp-json\/wp\/v2\/users\/2"}],"replies":[{"embeddable":true,"href":"https:\/\/kurioworld.com\/es\/wp-json\/wp\/v2\/comments?post=7225"}],"version-history":[{"count":0,"href":"https:\/\/kurioworld.com\/es\/wp-json\/wp\/v2\/pages\/7225\/revisions"}],"up":[{"embeddable":true,"href":"https:\/\/kurioworld.com\/es\/wp-json\/wp\/v2\/pages\/7216"}],"wp:attachment":[{"href":"https:\/\/kurioworld.com\/es\/wp-json\/wp\/v2\/media?parent=7225"}],"curies":[{"name":"wp","href":"https:\/\/api.w.org\/{rel}","templated":true}]}}