{"id":6332,"date":"2017-05-22T13:59:50","date_gmt":"2017-05-22T13:59:50","guid":{"rendered":"http:\/\/kurioworld.com\/es\/?page_id=6332"},"modified":"2024-10-29T11:46:30","modified_gmt":"2024-10-29T10:46:30","slug":"support","status":"publish","type":"page","link":"https:\/\/kurioworld.com\/es\/support\/","title":{"rendered":"Soporte"},"content":{"rendered":"<section class=\"l-section wpb_row height_auto color_secondary with_shape\"><div class=\"l-section-shape type_triangle-2 pos_bottom on_front\" style=\"height:15vmin;color:\"><svg xmlns=\"http:\/\/www.w3.org\/2000\/svg\" viewBox=\"0 0 64 8\" preserveAspectRatio=\"none\" width=\"100%\" height=\"100%\">\r\n\t<path fill=\"currentColor\" d=\"M64 8 L0 8 L0 0 L48 7.9 L64 0 Z\"\/>\r\n<\/svg><\/div><div class=\"l-section-h i-cf\"><div class=\"g-cols vc_row via_grid cols_2 laptops-cols_inherit tablets-cols_inherit mobiles-cols_1 valign_top type_default stacking_default\"><div class=\"wpb_column vc_column_container\"><div class=\"vc_column-inner\"><div class=\"wpb_text_column\"><div class=\"wpb_wrapper\"><h4><\/h4>\n<h4 class=\"w-actionbox-title\">\u00bfNecesita ayuda con su Kurio?<\/h4>\n<p class=\"w-actionbox-title\">Preguntas frecuentes, manuales de usuario, resoluci\u00f3n de problemas y mucho m\u00e1s.<\/p>\n<\/div><\/div><div class=\"w-separator us_custom_f6ea7948 has_text_color size_small with_line width_default thick_2 style_solid color_border align_center\"><div class=\"w-separator-h\"><\/div><\/div><div class=\"w-iconbox iconpos_left style_default color_custom align_left no_text\"><div class=\"w-iconbox-icon\" style=\"font-size:2rem;--icon-color:#FFED00;\"><i class=\"fas fa-tablet-android-alt\"><\/i><\/div><div class=\"w-iconbox-meta\"><h4 class=\"w-iconbox-title\">Seleccione un producto<\/h4><\/div><\/div><\/div><\/div><div class=\"wpb_column vc_column_container\"><div class=\"vc_column-inner\"><div class=\"w-image align_none\"><div class=\"w-image-h\"><img decoding=\"async\" width=\"1024\" height=\"683\" src=\"https:\/\/kurioworld.com\/es\/wp-content\/uploads\/sites\/19\/2024\/10\/Home_lifeshot_10-1024x683.jpg\" class=\"attachment-large size-large\" alt=\"\" loading=\"lazy\" srcset=\"https:\/\/kurioworld.com\/es\/wp-content\/uploads\/sites\/19\/2024\/10\/Home_lifeshot_10-1024x683.jpg 1024w, https:\/\/kurioworld.com\/es\/wp-content\/uploads\/sites\/19\/2024\/10\/Home_lifeshot_10-300x200.jpg 300w, https:\/\/kurioworld.com\/es\/wp-content\/uploads\/sites\/19\/2024\/10\/Home_lifeshot_10-600x400.jpg 600w, https:\/\/kurioworld.com\/es\/wp-content\/uploads\/sites\/19\/2024\/10\/Home_lifeshot_10-768x512.jpg 768w, https:\/\/kurioworld.com\/es\/wp-content\/uploads\/sites\/19\/2024\/10\/Home_lifeshot_10.jpg 1900w\" sizes=\"auto, (max-width: 1024px) 100vw, 1024px\" \/><\/div><\/div><\/div><\/div><\/div><\/div><\/section><section class=\"l-section wpb_row height_medium\"><div class=\"l-section-h i-cf\"><div class=\"g-cols vc_row via_grid cols_1-2-1 laptops-cols_inherit tablets-cols_inherit mobiles-cols_1 valign_top type_default stacking_default\"><div class=\"wpb_column vc_column_container\"><div class=\"vc_column-inner\"><\/div><\/div><div class=\"wpb_column vc_column_container\"><div class=\"vc_column-inner\"><div class=\"w-grid us_grid type_grid layout_7512 cols_1 preload_style_spinner ratio_3x2\" id=\"us_grid_1\" style=\"--columns:1;--gap:0px;--item-ratio:0.66667;\" data-filterable=\"true\"><style>@media (min-width:1024px){#us_grid_1 .w-post-elm.post_title{font-size:2em!important}}.layout_7512 .w-grid-item-h{}.layout_7512 .usg_post_image_1{transition-duration:0.4s;transform-origin:50% 50%;transform:scale(1) translate(-8%,0%)}.layout_7512 .w-grid-item-h:focus-within .usg_post_image_1,.layout_7512 .w-grid-item-h:hover .usg_post_image_1{transform:scale(1) translate(0%,0%);opacity:0.1}.layout_7512 .usg_post_title_1{transition-duration:0.3s;transform-origin:50% 50%;transform:scale(1) translate(-33%,0%);opacity:0}.layout_7512 .w-grid-item-h:focus-within .usg_post_title_1,.layout_7512 .w-grid-item-h:hover .usg_post_title_1{transform:scale(1) translate(0%,0%);opacity:1}.layout_7512 .usg_post_content_1{transition-duration:0.3s;transform-origin:50% 50%;transform:scale(1) translate(40%,0%);opacity:0}.layout_7512 .w-grid-item-h:focus-within .usg_post_content_1,.layout_7512 .w-grid-item-h:hover .usg_post_content_1{transform:scale(1) translate(0%,0%);opacity:0.75}.layout_7512 .usg_post_image_1{width:110%!important;position:absolute!important;left:0!important;top:0!important;bottom:0!important;right:0!important}.layout_7512 .usg_vwrapper_1{position:absolute!important;left:0!important;top:0!important;bottom:0!important;right:0!important;padding:2rem!important}.layout_7512 .usg_post_content_1{font-size:1.3em!important;line-height:1.6!important}<\/style><div class=\"w-grid-list\">\t<article class=\"w-grid-item size_1x1 custom-link post-7713 us_portfolio type-us_portfolio status-publish has-post-thumbnail hentry us_portfolio_category-15\" data-id=\"7713\">\r\n\t\t<div class=\"w-grid-item-h\">\r\n\t\t\t\t\t\t\t<a href=\"https:\/\/kurioworld.com\/es\/support\/tablet-boing\/\" class=\"w-grid-item-anchor\" aria-label=\"Tablet Boing\"><\/a>\r\n\t\t\t\t\t\t<div class=\"w-post-elm post_image usg_post_image_1 has_width stretched\"><img loading=\"lazy\" decoding=\"async\" width=\"900\" height=\"600\" src=\"https:\/\/kurioworld.com\/es\/wp-content\/uploads\/sites\/19\/2024\/10\/Tablet_Boing_Support.jpg\" class=\"attachment-full size-full wp-post-image\" alt=\"\" srcset=\"https:\/\/kurioworld.com\/es\/wp-content\/uploads\/sites\/19\/2024\/10\/Tablet_Boing_Support.jpg 900w, https:\/\/kurioworld.com\/es\/wp-content\/uploads\/sites\/19\/2024\/10\/Tablet_Boing_Support-300x200.jpg 300w, https:\/\/kurioworld.com\/es\/wp-content\/uploads\/sites\/19\/2024\/10\/Tablet_Boing_Support-600x400.jpg 600w, https:\/\/kurioworld.com\/es\/wp-content\/uploads\/sites\/19\/2024\/10\/Tablet_Boing_Support-768x512.jpg 768w\" sizes=\"auto, (max-width: 900px) 100vw, 900px\" \/><\/div><div class=\"w-vwrapper usg_vwrapper_1 align_center valign_middle\"><h2 class=\"w-post-elm post_title usg_post_title_1 entry-title color_link_inherit\">Tablet Boing<\/h2><\/div>\t\t<\/div>\r\n\t\t\t<\/article>\r\n<\/div>\t<div class=\"w-grid-preloader\">\r\n\t\t<div class=\"g-preloader type_1\">\r\n\t\t\t<div><\/div>\r\n\t\t<\/div>\r\n\t<\/div>\r\n\t\t<div class=\"w-grid-json hidden\" onclick='return {&quot;action&quot;:&quot;us_ajax_grid&quot;,&quot;infinite_scroll&quot;:0,&quot;max_num_pages&quot;:1,&quot;pagination&quot;:&quot;none&quot;,&quot;template_vars&quot;:{&quot;columns&quot;:&quot;1&quot;,&quot;exclude_items&quot;:&quot;none&quot;,&quot;img_size&quot;:&quot;full&quot;,&quot;ignore_items_size&quot;:0,&quot;items_layout&quot;:&quot;7512&quot;,&quot;items_offset&quot;:&quot;1&quot;,&quot;load_animation&quot;:&quot;none&quot;,&quot;overriding_link&quot;:&quot;%7B%22type%22%3A%22post%22%7D&quot;,&quot;post_id&quot;:0,&quot;query_args&quot;:{&quot;post_type&quot;:[&quot;us_portfolio&quot;],&quot;tax_query&quot;:[{&quot;taxonomy&quot;:&quot;us_portfolio_category&quot;,&quot;field&quot;:&quot;slug&quot;,&quot;terms&quot;:[&quot;2024&quot;]}],&quot;post_status&quot;:[&quot;publish&quot;],&quot;posts_per_page&quot;:999},&quot;orderby_query_args&quot;:{&quot;orderby&quot;:{&quot;date&quot;:&quot;DESC&quot;}},&quot;type&quot;:&quot;grid&quot;,&quot;us_grid_post_type&quot;:&quot;us_portfolio&quot;,&quot;us_grid_ajax_index&quot;:1,&quot;us_grid_filter_query_string&quot;:null,&quot;us_grid_index&quot;:1,&quot;page_args&quot;:[]}}'><\/div>\r\n\t<\/div><\/div><\/div><div class=\"wpb_column vc_column_container\"><div class=\"vc_column-inner\"><\/div><\/div><\/div><\/div><\/section><section class=\"l-section wpb_row height_medium color_footer-top\"><div class=\"l-section-h i-cf\"><div class=\"g-cols vc_row via_grid cols_1 laptops-cols_inherit tablets-cols_inherit mobiles-cols_1 valign_top type_default stacking_default\"><div class=\"wpb_column vc_column_container\"><div class=\"vc_column-inner\"><div class=\"wpb_text_column\"><div class=\"wpb_wrapper\"><h3>Otros productos<\/h3>\n<\/div><\/div><\/div><\/div><\/div><\/div><\/section><section class=\"l-section wpb_row height_medium\"><div class=\"l-section-h i-cf\"><div class=\"g-cols vc_row via_grid cols_1 laptops-cols_inherit tablets-cols_inherit mobiles-cols_1 valign_top type_default stacking_default\"><div class=\"wpb_column vc_column_container\"><div class=\"vc_column-inner\"><div class=\"w-grid us_grid type_grid layout_7512 cols_2 preload_style_spinner ratio_3x2\" id=\"us_grid_2\" style=\"--columns:2;--gap:0px;--item-ratio:0.66667;\" data-filterable=\"true\"><style>@media (max-width:600px){#us_grid_2{--columns:1!important}}@media (min-width:1024px){#us_grid_2 .w-post-elm.post_title{font-size:2em!important}}<\/style><div class=\"w-grid-list\">\t<article class=\"w-grid-item size_1x1 custom-link post-6655 us_portfolio type-us_portfolio status-publish has-post-thumbnail hentry us_portfolio_category-11 us_portfolio_category-support\" data-id=\"6655\">\r\n\t\t<div class=\"w-grid-item-h\">\r\n\t\t\t\t\t\t\t<a href=\"\/es\/support\/kurio-tab-3\/\" class=\"w-grid-item-anchor\" aria-label=\"Tablet Lunnis de Leyenda\"><\/a>\r\n\t\t\t\t\t\t<div class=\"w-post-elm post_image usg_post_image_1 has_width stretched\"><img loading=\"lazy\" decoding=\"async\" width=\"900\" height=\"600\" src=\"https:\/\/kurioworld.com\/es\/wp-content\/uploads\/sites\/19\/2017\/06\/Kurio_TAB3_front_BIG-1.png\" class=\"attachment-full size-full wp-post-image\" alt=\"\" srcset=\"https:\/\/kurioworld.com\/es\/wp-content\/uploads\/sites\/19\/2017\/06\/Kurio_TAB3_front_BIG-1.png 900w, https:\/\/kurioworld.com\/es\/wp-content\/uploads\/sites\/19\/2017\/06\/Kurio_TAB3_front_BIG-1-300x200.png 300w, https:\/\/kurioworld.com\/es\/wp-content\/uploads\/sites\/19\/2017\/06\/Kurio_TAB3_front_BIG-1-600x400.png 600w, https:\/\/kurioworld.com\/es\/wp-content\/uploads\/sites\/19\/2017\/06\/Kurio_TAB3_front_BIG-1-768x512.png 768w\" sizes=\"auto, (max-width: 900px) 100vw, 900px\" \/><\/div><div class=\"w-vwrapper usg_vwrapper_1 align_center valign_middle\"><h2 class=\"w-post-elm post_title usg_post_title_1 entry-title color_link_inherit\">Tablet Lunnis de Leyenda<\/h2><div class=\"w-post-elm post_content usg_post_content_1\"><p>Elige<\/p>\n<\/div><\/div>\t\t<\/div>\r\n\t\t\t<\/article>\r\n\t<article class=\"w-grid-item size_1x1 custom-link post-7215 us_portfolio type-us_portfolio status-publish has-post-thumbnail hentry us_portfolio_category-11 us_portfolio_category-support\" data-id=\"7215\">\r\n\t\t<div class=\"w-grid-item-h\">\r\n\t\t\t\t\t\t\t<a href=\"\/es\/support\/kurio-snap\/\" class=\"w-grid-item-anchor\" aria-label=\"Kurio SNAP\"><\/a>\r\n\t\t\t\t\t\t<div class=\"w-post-elm post_image usg_post_image_1 has_width stretched\"><img loading=\"lazy\" decoding=\"async\" width=\"900\" height=\"600\" src=\"https:\/\/kurioworld.com\/es\/wp-content\/uploads\/sites\/19\/2017\/06\/Kurio_SNAP_front_BIG.png\" class=\"attachment-full size-full wp-post-image\" alt=\"\" srcset=\"https:\/\/kurioworld.com\/es\/wp-content\/uploads\/sites\/19\/2017\/06\/Kurio_SNAP_front_BIG.png 900w, https:\/\/kurioworld.com\/es\/wp-content\/uploads\/sites\/19\/2017\/06\/Kurio_SNAP_front_BIG-300x200.png 300w, https:\/\/kurioworld.com\/es\/wp-content\/uploads\/sites\/19\/2017\/06\/Kurio_SNAP_front_BIG-600x400.png 600w, https:\/\/kurioworld.com\/es\/wp-content\/uploads\/sites\/19\/2017\/06\/Kurio_SNAP_front_BIG-768x512.png 768w\" sizes=\"auto, (max-width: 900px) 100vw, 900px\" \/><\/div><div class=\"w-vwrapper usg_vwrapper_1 align_center valign_middle\"><h2 class=\"w-post-elm post_title usg_post_title_1 entry-title color_link_inherit\">Kurio SNAP<\/h2><div class=\"w-post-elm post_content usg_post_content_1\"><p>Elige <\/p>\n<\/div><\/div>\t\t<\/div>\r\n\t\t\t<\/article>\r\n<\/div>\t<div class=\"w-grid-preloader\">\r\n\t\t<div class=\"g-preloader type_1\">\r\n\t\t\t<div><\/div>\r\n\t\t<\/div>\r\n\t<\/div>\r\n\t\t<div class=\"w-grid-json hidden\" onclick='return {&quot;action&quot;:&quot;us_ajax_grid&quot;,&quot;infinite_scroll&quot;:0,&quot;max_num_pages&quot;:1,&quot;pagination&quot;:&quot;none&quot;,&quot;template_vars&quot;:{&quot;columns&quot;:&quot;2&quot;,&quot;exclude_items&quot;:&quot;none&quot;,&quot;img_size&quot;:&quot;full&quot;,&quot;ignore_items_size&quot;:0,&quot;items_layout&quot;:&quot;7512&quot;,&quot;items_offset&quot;:&quot;1&quot;,&quot;load_animation&quot;:&quot;none&quot;,&quot;overriding_link&quot;:&quot;%7B%22type%22%3A%22post%22%7D&quot;,&quot;post_id&quot;:0,&quot;query_args&quot;:{&quot;post_type&quot;:[&quot;us_portfolio&quot;],&quot;tax_query&quot;:[{&quot;taxonomy&quot;:&quot;us_portfolio_category&quot;,&quot;field&quot;:&quot;slug&quot;,&quot;terms&quot;:[&quot;2017&quot;]}],&quot;post_status&quot;:[&quot;publish&quot;],&quot;posts_per_page&quot;:999},&quot;orderby_query_args&quot;:{&quot;orderby&quot;:{&quot;date&quot;:&quot;DESC&quot;}},&quot;type&quot;:&quot;grid&quot;,&quot;us_grid_post_type&quot;:&quot;us_portfolio&quot;,&quot;us_grid_ajax_index&quot;:2,&quot;us_grid_filter_query_string&quot;:null,&quot;us_grid_index&quot;:2,&quot;page_args&quot;:[]}}'><\/div>\r\n\t<\/div><\/div><\/div><\/div><\/div><\/section>\n","protected":false},"excerpt":{"rendered":"","protected":false},"author":2,"featured_media":0,"parent":0,"menu_order":0,"comment_status":"closed","ping_status":"closed","template":"","meta":{"footnotes":""},"class_list":["post-6332","page","type-page","status-publish","hentry"],"yoast_head":"<!-- This site is optimized with the Yoast SEO plugin v27.5 - https:\/\/yoast.com\/product\/yoast-seo-wordpress\/ -->\n<title>Soporte - Kurioworld ES<\/title>\n<meta name=\"robots\" content=\"index, follow, max-snippet:-1, max-image-preview:large, max-video-preview:-1\" \/>\n<link rel=\"canonical\" href=\"https:\/\/kurioworld.com\/es\/support\/\" \/>\n<meta property=\"og:locale\" content=\"es_ES\" \/>\n<meta property=\"og:type\" content=\"article\" \/>\n<meta property=\"og:title\" content=\"Soporte - Kurioworld ES\" \/>\n<meta property=\"og:url\" content=\"https:\/\/kurioworld.com\/es\/support\/\" \/>\n<meta property=\"og:site_name\" content=\"Kurioworld ES\" \/>\n<meta property=\"article:modified_time\" content=\"2024-10-29T10:46:30+00:00\" \/>\n<meta name=\"twitter:card\" content=\"summary_large_image\" \/>\n<meta name=\"twitter:label1\" content=\"Tiempo de lectura\" \/>\n\t<meta name=\"twitter:data1\" content=\"1 minuto\" \/>\n<script type=\"application\/ld+json\" class=\"yoast-schema-graph\">{\"@context\":\"https:\\\/\\\/schema.org\",\"@graph\":[{\"@type\":\"WebPage\",\"@id\":\"https:\\\/\\\/kurioworld.com\\\/es\\\/support\\\/\",\"url\":\"https:\\\/\\\/kurioworld.com\\\/es\\\/support\\\/\",\"name\":\"Soporte - Kurioworld ES\",\"isPartOf\":{\"@id\":\"https:\\\/\\\/kurioworld.com\\\/es\\\/fr\\\/#website\"},\"datePublished\":\"2017-05-22T13:59:50+00:00\",\"dateModified\":\"2024-10-29T10:46:30+00:00\",\"breadcrumb\":{\"@id\":\"https:\\\/\\\/kurioworld.com\\\/es\\\/support\\\/#breadcrumb\"},\"inLanguage\":\"es\",\"potentialAction\":[{\"@type\":\"ReadAction\",\"target\":[\"https:\\\/\\\/kurioworld.com\\\/es\\\/support\\\/\"]}]},{\"@type\":\"BreadcrumbList\",\"@id\":\"https:\\\/\\\/kurioworld.com\\\/es\\\/support\\\/#breadcrumb\",\"itemListElement\":[{\"@type\":\"ListItem\",\"position\":1,\"name\":\"Portada\",\"item\":\"https:\\\/\\\/kurioworld.com\\\/es\\\/\"},{\"@type\":\"ListItem\",\"position\":2,\"name\":\"Soporte\"}]},{\"@type\":\"WebSite\",\"@id\":\"https:\\\/\\\/kurioworld.com\\\/es\\\/fr\\\/#website\",\"url\":\"https:\\\/\\\/kurioworld.com\\\/es\\\/fr\\\/\",\"name\":\"Kurioworld ES\",\"description\":\"La \u00faltima tecnolog\u00eda creada para los ni\u00f1os\",\"potentialAction\":[{\"@type\":\"SearchAction\",\"target\":{\"@type\":\"EntryPoint\",\"urlTemplate\":\"https:\\\/\\\/kurioworld.com\\\/es\\\/fr\\\/?s={search_term_string}\"},\"query-input\":{\"@type\":\"PropertyValueSpecification\",\"valueRequired\":true,\"valueName\":\"search_term_string\"}}],\"inLanguage\":\"es\"}]}<\/script>\n<!-- \/ Yoast SEO plugin. -->","yoast_head_json":{"title":"Soporte - Kurioworld ES","robots":{"index":"index","follow":"follow","max-snippet":"max-snippet:-1","max-image-preview":"max-image-preview:large","max-video-preview":"max-video-preview:-1"},"canonical":"https:\/\/kurioworld.com\/es\/support\/","og_locale":"es_ES","og_type":"article","og_title":"Soporte - Kurioworld ES","og_url":"https:\/\/kurioworld.com\/es\/support\/","og_site_name":"Kurioworld ES","article_modified_time":"2024-10-29T10:46:30+00:00","twitter_card":"summary_large_image","twitter_misc":{"Tiempo de lectura":"1 minuto"},"schema":{"@context":"https:\/\/schema.org","@graph":[{"@type":"WebPage","@id":"https:\/\/kurioworld.com\/es\/support\/","url":"https:\/\/kurioworld.com\/es\/support\/","name":"Soporte - Kurioworld ES","isPartOf":{"@id":"https:\/\/kurioworld.com\/es\/fr\/#website"},"datePublished":"2017-05-22T13:59:50+00:00","dateModified":"2024-10-29T10:46:30+00:00","breadcrumb":{"@id":"https:\/\/kurioworld.com\/es\/support\/#breadcrumb"},"inLanguage":"es","potentialAction":[{"@type":"ReadAction","target":["https:\/\/kurioworld.com\/es\/support\/"]}]},{"@type":"BreadcrumbList","@id":"https:\/\/kurioworld.com\/es\/support\/#breadcrumb","itemListElement":[{"@type":"ListItem","position":1,"name":"Portada","item":"https:\/\/kurioworld.com\/es\/"},{"@type":"ListItem","position":2,"name":"Soporte"}]},{"@type":"WebSite","@id":"https:\/\/kurioworld.com\/es\/fr\/#website","url":"https:\/\/kurioworld.com\/es\/fr\/","name":"Kurioworld ES","description":"La \u00faltima tecnolog\u00eda creada para los ni\u00f1os","potentialAction":[{"@type":"SearchAction","target":{"@type":"EntryPoint","urlTemplate":"https:\/\/kurioworld.com\/es\/fr\/?s={search_term_string}"},"query-input":{"@type":"PropertyValueSpecification","valueRequired":true,"valueName":"search_term_string"}}],"inLanguage":"es"}]}},"_links":{"self":[{"href":"https:\/\/kurioworld.com\/es\/wp-json\/wp\/v2\/pages\/6332","targetHints":{"allow":["GET"]}}],"collection":[{"href":"https:\/\/kurioworld.com\/es\/wp-json\/wp\/v2\/pages"}],"about":[{"href":"https:\/\/kurioworld.com\/es\/wp-json\/wp\/v2\/types\/page"}],"author":[{"embeddable":true,"href":"https:\/\/kurioworld.com\/es\/wp-json\/wp\/v2\/users\/2"}],"replies":[{"embeddable":true,"href":"https:\/\/kurioworld.com\/es\/wp-json\/wp\/v2\/comments?post=6332"}],"version-history":[{"count":0,"href":"https:\/\/kurioworld.com\/es\/wp-json\/wp\/v2\/pages\/6332\/revisions"}],"wp:attachment":[{"href":"https:\/\/kurioworld.com\/es\/wp-json\/wp\/v2\/media?parent=6332"}],"curies":[{"name":"wp","href":"https:\/\/api.w.org\/{rel}","templated":true}]}}