{"id":39,"date":"2013-05-31T12:09:26","date_gmt":"2013-05-31T12:09:26","guid":{"rendered":"http:\/\/impreza3.us-themes.com\/portfolio\/"},"modified":"2022-12-16T12:56:28","modified_gmt":"2022-12-16T11:56:28","slug":"products","status":"publish","type":"page","link":"https:\/\/kurioworld.com\/es\/products\/","title":{"rendered":"Productos"},"content":{"rendered":"<section class=\"l-section wpb_row height_auto width_full color_alternate\"><div class=\"l-section-h i-cf\"><div class=\"g-cols vc_row via_grid cols_1 laptops-cols_inherit tablets-cols_inherit mobiles-cols_1 valign_top type_default stacking_default\"><div class=\"wpb_column vc_column_container\"><div class=\"vc_column-inner\"><div class=\"w-grid us_grid type_masonry layout_7528 cols_3 preload_style_spinner with_isotope ratio_3x2\" id=\"us_grid_1\" style=\"--columns:3;--gap:0px;--item-ratio:0.66667;\" data-filterable=\"true\"><style>@media (max-width:1024px){#us_grid_1{--columns:2!important}}@media (max-width:600px){#us_grid_1{--columns:1!important}}@media (min-width:1024px){#us_grid_1 .w-post-elm.post_title{font-size:30px!important}}.layout_7528 .w-grid-item-h{background:#ffffff;color:#5d6770}.layout_7528 .usg_post_image_1{transition-duration:0.35s;transform-origin:50% 50%;transform:scale(1) translate(0%,0%)}.layout_7528 .w-grid-item-h:focus-within .usg_post_image_1,.layout_7528 .w-grid-item-h:hover .usg_post_image_1{transform:scale(1) translate(0%,-10%);opacity:1}.layout_7528 .usg_vwrapper_1{transition-duration:0.35s;transform-origin:50% 50%;transform:scale(1) translate(0%,101%)}.layout_7528 .w-grid-item-h:focus-within .usg_vwrapper_1,.layout_7528 .w-grid-item-h:hover .usg_vwrapper_1{transform:scale(1) translate(0%,0%);opacity:1}.layout_7528 .usg_post_custom_field_1{transition-duration:0.35s;transform-origin:50% 50%;transform:scale(1) translate(0%,100%)}.layout_7528 .w-grid-item-h:focus-within .usg_post_custom_field_1,.layout_7528 .w-grid-item-h:hover .usg_post_custom_field_1{transform:scale(1) translate(0%,0%);opacity:1}.layout_7528 .usg_post_image_1{position:absolute!important;left:0!important;top:0!important;bottom:0!important;right:0!important}.layout_7528 .usg_vwrapper_1{position:absolute!important;left:0!important;bottom:-1px!important;right:0!important;background:inherit!important;padding:1.2rem 1.5rem 1.2rem 1.5rem!important}.layout_7528 .usg_post_title_1{color:inherit!important}.layout_7528 .usg_post_custom_field_1{position:absolute!important;left:0!important;top:0!important;bottom:-1px!important;right:0!important}<\/style><div class=\"w-grid-list\">\t<article class=\"w-grid-item size_1x1 post-7662 us_portfolio type-us_portfolio status-publish has-post-thumbnail hentry us_portfolio_category-products\" data-id=\"7662\">\r\n\t\t<div class=\"w-grid-item-h\" style=\"background:#52a7dd;color:#ffffff;\">\r\n\t\t\t\t\t\t\t<a href=\"https:\/\/kurioworld.com\/es\/products\/tablet-boing\/\" class=\"w-grid-item-anchor\" aria-label=\"Tablet Boing\"><\/a>\r\n\t\t\t\t\t\t<div class=\"w-post-elm post_image usg_post_image_1 stretched\"><img loading=\"lazy\" decoding=\"async\" width=\"1200\" height=\"900\" src=\"https:\/\/kurioworld.com\/es\/wp-content\/uploads\/sites\/19\/2024\/10\/Tablet_Boing_Portfolio-1.jpg\" class=\"attachment-full size-full wp-post-image\" alt=\"\" srcset=\"https:\/\/kurioworld.com\/es\/wp-content\/uploads\/sites\/19\/2024\/10\/Tablet_Boing_Portfolio-1.jpg 1200w, https:\/\/kurioworld.com\/es\/wp-content\/uploads\/sites\/19\/2024\/10\/Tablet_Boing_Portfolio-1-300x225.jpg 300w, https:\/\/kurioworld.com\/es\/wp-content\/uploads\/sites\/19\/2024\/10\/Tablet_Boing_Portfolio-1-1024x768.jpg 1024w, https:\/\/kurioworld.com\/es\/wp-content\/uploads\/sites\/19\/2024\/10\/Tablet_Boing_Portfolio-1-600x450.jpg 600w, https:\/\/kurioworld.com\/es\/wp-content\/uploads\/sites\/19\/2024\/10\/Tablet_Boing_Portfolio-1-768x576.jpg 768w\" sizes=\"auto, (max-width: 1200px) 100vw, 1200px\" \/><\/div><div class=\"w-post-elm post_custom_field usg_post_custom_field_1 type_image us_tile_additional_image color_link_inherit\"><img loading=\"lazy\" decoding=\"async\" width=\"1200\" height=\"900\" src=\"https:\/\/kurioworld.com\/es\/wp-content\/uploads\/sites\/19\/2024\/10\/Tablet_Boing_Portfolio_Bis.jpg\" class=\"attachment-full size-full\" alt=\"\" srcset=\"https:\/\/kurioworld.com\/es\/wp-content\/uploads\/sites\/19\/2024\/10\/Tablet_Boing_Portfolio_Bis.jpg 1200w, https:\/\/kurioworld.com\/es\/wp-content\/uploads\/sites\/19\/2024\/10\/Tablet_Boing_Portfolio_Bis-300x225.jpg 300w, https:\/\/kurioworld.com\/es\/wp-content\/uploads\/sites\/19\/2024\/10\/Tablet_Boing_Portfolio_Bis-1024x768.jpg 1024w, https:\/\/kurioworld.com\/es\/wp-content\/uploads\/sites\/19\/2024\/10\/Tablet_Boing_Portfolio_Bis-600x450.jpg 600w, https:\/\/kurioworld.com\/es\/wp-content\/uploads\/sites\/19\/2024\/10\/Tablet_Boing_Portfolio_Bis-768x576.jpg 768w\" sizes=\"auto, (max-width: 1200px) 100vw, 1200px\" \/><\/div><div class=\"w-vwrapper usg_vwrapper_1 grid_arrow_top align_center valign_top\"><h2 class=\"w-post-elm post_title usg_post_title_1 has_text_color entry-title color_link_inherit\">Tablet Boing<\/h2><\/div>\t\t<\/div>\r\n\t\t\t<\/article>\r\n\t<article class=\"w-grid-item size_2x1 post-6020 us_portfolio type-us_portfolio status-publish has-post-thumbnail hentry us_portfolio_category-products\" data-id=\"6020\">\r\n\t\t<div class=\"w-grid-item-h\" style=\"background:#c13681;color:#ffffff;\">\r\n\t\t\t\t\t\t\t<a href=\"https:\/\/kurioworld.com\/es\/products\/kurio-tab-advance\/\" class=\"w-grid-item-anchor\" aria-label=\"Tablet Lunnis de Leyenda\"><\/a>\r\n\t\t\t\t\t\t<div class=\"w-post-elm post_image usg_post_image_1 stretched\"><img loading=\"lazy\" decoding=\"async\" width=\"1600\" height=\"1200\" src=\"https:\/\/kurioworld.com\/es\/wp-content\/uploads\/sites\/19\/2017\/05\/Kurio_TAB_portfolio_ES-1.jpg\" class=\"attachment-full size-full wp-post-image\" alt=\"\" srcset=\"https:\/\/kurioworld.com\/es\/wp-content\/uploads\/sites\/19\/2017\/05\/Kurio_TAB_portfolio_ES-1.jpg 1600w, https:\/\/kurioworld.com\/es\/wp-content\/uploads\/sites\/19\/2017\/05\/Kurio_TAB_portfolio_ES-1-300x225.jpg 300w, https:\/\/kurioworld.com\/es\/wp-content\/uploads\/sites\/19\/2017\/05\/Kurio_TAB_portfolio_ES-1-1024x768.jpg 1024w, https:\/\/kurioworld.com\/es\/wp-content\/uploads\/sites\/19\/2017\/05\/Kurio_TAB_portfolio_ES-1-600x450.jpg 600w, https:\/\/kurioworld.com\/es\/wp-content\/uploads\/sites\/19\/2017\/05\/Kurio_TAB_portfolio_ES-1-768x576.jpg 768w\" sizes=\"auto, (max-width: 1600px) 100vw, 1600px\" \/><\/div><div class=\"w-post-elm post_custom_field usg_post_custom_field_1 type_image us_tile_additional_image color_link_inherit\"><img loading=\"lazy\" decoding=\"async\" width=\"1920\" height=\"1080\" src=\"https:\/\/kurioworld.com\/es\/wp-content\/uploads\/sites\/19\/2017\/05\/Kurio_TAB_portfolio_ES_Bis.jpg\" class=\"attachment-full size-full\" alt=\"\" srcset=\"https:\/\/kurioworld.com\/es\/wp-content\/uploads\/sites\/19\/2017\/05\/Kurio_TAB_portfolio_ES_Bis.jpg 1920w, https:\/\/kurioworld.com\/es\/wp-content\/uploads\/sites\/19\/2017\/05\/Kurio_TAB_portfolio_ES_Bis-300x169.jpg 300w, https:\/\/kurioworld.com\/es\/wp-content\/uploads\/sites\/19\/2017\/05\/Kurio_TAB_portfolio_ES_Bis-1024x576.jpg 1024w, https:\/\/kurioworld.com\/es\/wp-content\/uploads\/sites\/19\/2017\/05\/Kurio_TAB_portfolio_ES_Bis-600x338.jpg 600w, https:\/\/kurioworld.com\/es\/wp-content\/uploads\/sites\/19\/2017\/05\/Kurio_TAB_portfolio_ES_Bis-768x432.jpg 768w\" sizes=\"auto, (max-width: 1920px) 100vw, 1920px\" \/><\/div><div class=\"w-vwrapper usg_vwrapper_1 grid_arrow_top align_center valign_top\"><h2 class=\"w-post-elm post_title usg_post_title_1 has_text_color entry-title color_link_inherit\">Tablet Lunnis de Leyenda<\/h2><div class=\"w-post-elm post_content usg_post_content_1\"><p>El tablet AndroidTM pensado para toda la famila!<\/p>\n<\/div><\/div>\t\t<\/div>\r\n\t\t\t<\/article>\r\n\t<article class=\"w-grid-item size_1x2 post-7403 us_portfolio type-us_portfolio status-publish has-post-thumbnail hentry us_portfolio_category-products\" data-id=\"7403\">\r\n\t\t<div class=\"w-grid-item-h\" style=\"background:#00a6c3;color:#ffffff;\">\r\n\t\t\t\t\t\t\t<a href=\"https:\/\/kurioworld.com\/es\/products\/kurio-watch\/\" class=\"w-grid-item-anchor\" aria-label=\"Clan WATCH\"><\/a>\r\n\t\t\t\t\t\t<div class=\"w-post-elm post_image usg_post_image_1 stretched\"><img loading=\"lazy\" decoding=\"async\" width=\"1200\" height=\"1200\" src=\"https:\/\/kurioworld.com\/es\/wp-content\/uploads\/sites\/19\/2017\/05\/Kurio_SNAP_Portfolio_ES-1.jpg\" class=\"attachment-full size-full wp-post-image\" alt=\"\" srcset=\"https:\/\/kurioworld.com\/es\/wp-content\/uploads\/sites\/19\/2017\/05\/Kurio_SNAP_Portfolio_ES-1.jpg 1200w, https:\/\/kurioworld.com\/es\/wp-content\/uploads\/sites\/19\/2017\/05\/Kurio_SNAP_Portfolio_ES-1-300x300.jpg 300w, https:\/\/kurioworld.com\/es\/wp-content\/uploads\/sites\/19\/2017\/05\/Kurio_SNAP_Portfolio_ES-1-1024x1024.jpg 1024w, https:\/\/kurioworld.com\/es\/wp-content\/uploads\/sites\/19\/2017\/05\/Kurio_SNAP_Portfolio_ES-1-150x150.jpg 150w, https:\/\/kurioworld.com\/es\/wp-content\/uploads\/sites\/19\/2017\/05\/Kurio_SNAP_Portfolio_ES-1-350x350.jpg 350w, https:\/\/kurioworld.com\/es\/wp-content\/uploads\/sites\/19\/2017\/05\/Kurio_SNAP_Portfolio_ES-1-600x600.jpg 600w, https:\/\/kurioworld.com\/es\/wp-content\/uploads\/sites\/19\/2017\/05\/Kurio_SNAP_Portfolio_ES-1-768x768.jpg 768w\" sizes=\"auto, (max-width: 1200px) 100vw, 1200px\" \/><\/div><div class=\"w-post-elm post_custom_field usg_post_custom_field_1 type_image us_tile_additional_image color_link_inherit\"><img loading=\"lazy\" decoding=\"async\" width=\"1200\" height=\"1200\" src=\"https:\/\/kurioworld.com\/es\/wp-content\/uploads\/sites\/19\/2017\/11\/Kurio_WATCH1_Portfolio_ES_Bis.jpg\" class=\"attachment-full size-full\" alt=\"\" srcset=\"https:\/\/kurioworld.com\/es\/wp-content\/uploads\/sites\/19\/2017\/11\/Kurio_WATCH1_Portfolio_ES_Bis.jpg 1200w, https:\/\/kurioworld.com\/es\/wp-content\/uploads\/sites\/19\/2017\/11\/Kurio_WATCH1_Portfolio_ES_Bis-300x300.jpg 300w, https:\/\/kurioworld.com\/es\/wp-content\/uploads\/sites\/19\/2017\/11\/Kurio_WATCH1_Portfolio_ES_Bis-1024x1024.jpg 1024w, https:\/\/kurioworld.com\/es\/wp-content\/uploads\/sites\/19\/2017\/11\/Kurio_WATCH1_Portfolio_ES_Bis-150x150.jpg 150w, https:\/\/kurioworld.com\/es\/wp-content\/uploads\/sites\/19\/2017\/11\/Kurio_WATCH1_Portfolio_ES_Bis-350x350.jpg 350w, https:\/\/kurioworld.com\/es\/wp-content\/uploads\/sites\/19\/2017\/11\/Kurio_WATCH1_Portfolio_ES_Bis-600x600.jpg 600w, https:\/\/kurioworld.com\/es\/wp-content\/uploads\/sites\/19\/2017\/11\/Kurio_WATCH1_Portfolio_ES_Bis-768x768.jpg 768w\" sizes=\"auto, (max-width: 1200px) 100vw, 1200px\" \/><\/div><div class=\"w-vwrapper usg_vwrapper_1 grid_arrow_top align_center valign_top\"><h2 class=\"w-post-elm post_title usg_post_title_1 has_text_color entry-title color_link_inherit\">Clan WATCH<\/h2><div class=\"w-post-elm post_content usg_post_content_1\"><p>El reloj inteligente para ni\u00f1@s<\/p>\n<\/div><\/div>\t\t<\/div>\r\n\t\t\t<\/article>\r\n\t<article class=\"w-grid-item size_2x1 post-6031 us_portfolio type-us_portfolio status-publish has-post-thumbnail hentry us_portfolio_category-products\" data-id=\"6031\">\r\n\t\t<div class=\"w-grid-item-h\">\r\n\t\t\t\t\t\t\t<a href=\"https:\/\/kurioworld.com\/es\/products\/kurio-snap\/\" class=\"w-grid-item-anchor\" aria-label=\"Disney Emoji Cam\"><\/a>\r\n\t\t\t\t\t\t<div class=\"w-post-elm post_image usg_post_image_1 stretched\"><img loading=\"lazy\" decoding=\"async\" width=\"1600\" height=\"1200\" src=\"https:\/\/kurioworld.com\/es\/wp-content\/uploads\/sites\/19\/2017\/05\/Kurio_SNAP_Portfolio_ES.jpg\" class=\"attachment-full size-full wp-post-image\" alt=\"\" srcset=\"https:\/\/kurioworld.com\/es\/wp-content\/uploads\/sites\/19\/2017\/05\/Kurio_SNAP_Portfolio_ES.jpg 1600w, https:\/\/kurioworld.com\/es\/wp-content\/uploads\/sites\/19\/2017\/05\/Kurio_SNAP_Portfolio_ES-300x225.jpg 300w, https:\/\/kurioworld.com\/es\/wp-content\/uploads\/sites\/19\/2017\/05\/Kurio_SNAP_Portfolio_ES-1024x768.jpg 1024w, https:\/\/kurioworld.com\/es\/wp-content\/uploads\/sites\/19\/2017\/05\/Kurio_SNAP_Portfolio_ES-600x450.jpg 600w, https:\/\/kurioworld.com\/es\/wp-content\/uploads\/sites\/19\/2017\/05\/Kurio_SNAP_Portfolio_ES-768x576.jpg 768w\" sizes=\"auto, (max-width: 1600px) 100vw, 1600px\" \/><\/div><div class=\"w-post-elm post_custom_field usg_post_custom_field_1 type_image us_tile_additional_image color_link_inherit\"><img loading=\"lazy\" decoding=\"async\" width=\"1920\" height=\"1080\" src=\"https:\/\/kurioworld.com\/es\/wp-content\/uploads\/sites\/19\/2017\/05\/Kurio_SNAP_Portfolio_Bis_ES.jpg\" class=\"attachment-full size-full\" alt=\"\" srcset=\"https:\/\/kurioworld.com\/es\/wp-content\/uploads\/sites\/19\/2017\/05\/Kurio_SNAP_Portfolio_Bis_ES.jpg 1920w, https:\/\/kurioworld.com\/es\/wp-content\/uploads\/sites\/19\/2017\/05\/Kurio_SNAP_Portfolio_Bis_ES-300x169.jpg 300w, https:\/\/kurioworld.com\/es\/wp-content\/uploads\/sites\/19\/2017\/05\/Kurio_SNAP_Portfolio_Bis_ES-1024x576.jpg 1024w, https:\/\/kurioworld.com\/es\/wp-content\/uploads\/sites\/19\/2017\/05\/Kurio_SNAP_Portfolio_Bis_ES-600x338.jpg 600w, https:\/\/kurioworld.com\/es\/wp-content\/uploads\/sites\/19\/2017\/05\/Kurio_SNAP_Portfolio_Bis_ES-768x432.jpg 768w\" sizes=\"auto, (max-width: 1920px) 100vw, 1920px\" \/><\/div><div class=\"w-vwrapper usg_vwrapper_1 grid_arrow_top align_center valign_top\"><h2 class=\"w-post-elm post_title usg_post_title_1 has_text_color entry-title color_link_inherit\">Disney Emoji Cam<\/h2><div class=\"w-post-elm post_content usg_post_content_1\"><p>\u00a1Sacate estilosas fotos en cualquier momento y lugar!<\/p>\n<\/div><\/div>\t\t<\/div>\r\n\t\t\t<\/article>\r\n<\/div>\t<div class=\"w-grid-preloader\">\r\n\t\t<div class=\"g-preloader type_1\">\r\n\t\t\t<div><\/div>\r\n\t\t<\/div>\r\n\t<\/div>\r\n\t\t<div class=\"w-grid-json hidden\" onclick='return {&quot;action&quot;:&quot;us_ajax_grid&quot;,&quot;infinite_scroll&quot;:0,&quot;max_num_pages&quot;:1,&quot;pagination&quot;:&quot;none&quot;,&quot;template_vars&quot;:{&quot;columns&quot;:&quot;3&quot;,&quot;exclude_items&quot;:&quot;none&quot;,&quot;img_size&quot;:&quot;default&quot;,&quot;ignore_items_size&quot;:0,&quot;items_layout&quot;:&quot;7528&quot;,&quot;items_offset&quot;:&quot;1&quot;,&quot;load_animation&quot;:&quot;none&quot;,&quot;overriding_link&quot;:&quot;%7B%22type%22%3A%22post%22%7D&quot;,&quot;post_id&quot;:0,&quot;query_args&quot;:{&quot;post_type&quot;:[&quot;us_portfolio&quot;],&quot;tax_query&quot;:[{&quot;taxonomy&quot;:&quot;us_portfolio_category&quot;,&quot;field&quot;:&quot;slug&quot;,&quot;terms&quot;:[&quot;products&quot;]}],&quot;post_status&quot;:[&quot;publish&quot;],&quot;posts_per_page&quot;:999},&quot;orderby_query_args&quot;:{&quot;orderby&quot;:{&quot;date&quot;:&quot;DESC&quot;}},&quot;type&quot;:&quot;masonry&quot;,&quot;us_grid_post_type&quot;:&quot;us_portfolio&quot;,&quot;us_grid_ajax_index&quot;:1,&quot;us_grid_filter_query_string&quot;:null,&quot;us_grid_index&quot;:1,&quot;page_args&quot;:[]}}'><\/div>\r\n\t<\/div><\/div><\/div><\/div><\/div><\/section>\n","protected":false},"excerpt":{"rendered":"Cam Personaliza tus mejores fotos con los personajes de Disney Caracter\u00edsticas principales\u00a1Mira este v\u00eddeo!Caracter\u00edsticas principales C\u00c1MARA DE 3MPcolor_lensDECORA FOTOSCon m\u00e1s de 100 pegatinas y marcos Disney slideshowHAZ UNA PRESENTACI\u00d3N DE DIAPOSITIVASREPRODUCTOR DE MP3photo_albumFOTOMAT\u00d3Nslow_motion_videoFOTOS CON EFECTO BOOMERANGCOMPARTE E IMPRIMEFUNCIONES DE LA C\u00c1MARA Elige la resoluci\u00f3n de las fotos y v\u00eddeos y hazte unas fotos con divertidas...","protected":false},"author":2,"featured_media":0,"parent":0,"menu_order":0,"comment_status":"closed","ping_status":"closed","template":"","meta":{"footnotes":""},"class_list":["post-39","page","type-page","status-publish","hentry"],"yoast_head":"<!-- This site is optimized with the Yoast SEO plugin v27.2 - https:\/\/yoast.com\/product\/yoast-seo-wordpress\/ -->\n<title>Productos - Kurioworld ES<\/title>\n<meta name=\"robots\" content=\"index, follow, max-snippet:-1, max-image-preview:large, max-video-preview:-1\" \/>\n<link rel=\"canonical\" href=\"https:\/\/kurioworld.com\/es\/products\/\" \/>\n<meta property=\"og:locale\" content=\"es_ES\" \/>\n<meta property=\"og:type\" content=\"article\" \/>\n<meta property=\"og:title\" content=\"Productos - Kurioworld ES\" \/>\n<meta property=\"og:url\" content=\"https:\/\/kurioworld.com\/es\/products\/\" \/>\n<meta property=\"og:site_name\" content=\"Kurioworld ES\" \/>\n<meta property=\"article:modified_time\" content=\"2022-12-16T11:56:28+00:00\" \/>\n<meta name=\"twitter:card\" content=\"summary_large_image\" \/>\n<script type=\"application\/ld+json\" class=\"yoast-schema-graph\">{\"@context\":\"https:\/\/schema.org\",\"@graph\":[{\"@type\":\"WebPage\",\"@id\":\"https:\/\/kurioworld.com\/es\/products\/\",\"url\":\"https:\/\/kurioworld.com\/es\/products\/\",\"name\":\"Productos - Kurioworld ES\",\"isPartOf\":{\"@id\":\"https:\/\/kurioworld.com\/es\/fr\/#website\"},\"datePublished\":\"2013-05-31T12:09:26+00:00\",\"dateModified\":\"2022-12-16T11:56:28+00:00\",\"breadcrumb\":{\"@id\":\"https:\/\/kurioworld.com\/es\/products\/#breadcrumb\"},\"inLanguage\":\"es\",\"potentialAction\":[{\"@type\":\"ReadAction\",\"target\":[\"https:\/\/kurioworld.com\/es\/products\/\"]}]},{\"@type\":\"BreadcrumbList\",\"@id\":\"https:\/\/kurioworld.com\/es\/products\/#breadcrumb\",\"itemListElement\":[{\"@type\":\"ListItem\",\"position\":1,\"name\":\"Portada\",\"item\":\"https:\/\/kurioworld.com\/es\/\"},{\"@type\":\"ListItem\",\"position\":2,\"name\":\"Productos\"}]},{\"@type\":\"WebSite\",\"@id\":\"https:\/\/kurioworld.com\/es\/fr\/#website\",\"url\":\"https:\/\/kurioworld.com\/es\/fr\/\",\"name\":\"Kurioworld ES\",\"description\":\"La \u00faltima tecnolog\u00eda creada para los ni\u00f1os\",\"potentialAction\":[{\"@type\":\"SearchAction\",\"target\":{\"@type\":\"EntryPoint\",\"urlTemplate\":\"https:\/\/kurioworld.com\/es\/fr\/?s={search_term_string}\"},\"query-input\":{\"@type\":\"PropertyValueSpecification\",\"valueRequired\":true,\"valueName\":\"search_term_string\"}}],\"inLanguage\":\"es\"}]}<\/script>\n<!-- \/ Yoast SEO plugin. -->","yoast_head_json":{"title":"Productos - Kurioworld ES","robots":{"index":"index","follow":"follow","max-snippet":"max-snippet:-1","max-image-preview":"max-image-preview:large","max-video-preview":"max-video-preview:-1"},"canonical":"https:\/\/kurioworld.com\/es\/products\/","og_locale":"es_ES","og_type":"article","og_title":"Productos - Kurioworld ES","og_url":"https:\/\/kurioworld.com\/es\/products\/","og_site_name":"Kurioworld ES","article_modified_time":"2022-12-16T11:56:28+00:00","twitter_card":"summary_large_image","schema":{"@context":"https:\/\/schema.org","@graph":[{"@type":"WebPage","@id":"https:\/\/kurioworld.com\/es\/products\/","url":"https:\/\/kurioworld.com\/es\/products\/","name":"Productos - Kurioworld ES","isPartOf":{"@id":"https:\/\/kurioworld.com\/es\/fr\/#website"},"datePublished":"2013-05-31T12:09:26+00:00","dateModified":"2022-12-16T11:56:28+00:00","breadcrumb":{"@id":"https:\/\/kurioworld.com\/es\/products\/#breadcrumb"},"inLanguage":"es","potentialAction":[{"@type":"ReadAction","target":["https:\/\/kurioworld.com\/es\/products\/"]}]},{"@type":"BreadcrumbList","@id":"https:\/\/kurioworld.com\/es\/products\/#breadcrumb","itemListElement":[{"@type":"ListItem","position":1,"name":"Portada","item":"https:\/\/kurioworld.com\/es\/"},{"@type":"ListItem","position":2,"name":"Productos"}]},{"@type":"WebSite","@id":"https:\/\/kurioworld.com\/es\/fr\/#website","url":"https:\/\/kurioworld.com\/es\/fr\/","name":"Kurioworld ES","description":"La \u00faltima tecnolog\u00eda creada para los ni\u00f1os","potentialAction":[{"@type":"SearchAction","target":{"@type":"EntryPoint","urlTemplate":"https:\/\/kurioworld.com\/es\/fr\/?s={search_term_string}"},"query-input":{"@type":"PropertyValueSpecification","valueRequired":true,"valueName":"search_term_string"}}],"inLanguage":"es"}]}},"_links":{"self":[{"href":"https:\/\/kurioworld.com\/es\/wp-json\/wp\/v2\/pages\/39","targetHints":{"allow":["GET"]}}],"collection":[{"href":"https:\/\/kurioworld.com\/es\/wp-json\/wp\/v2\/pages"}],"about":[{"href":"https:\/\/kurioworld.com\/es\/wp-json\/wp\/v2\/types\/page"}],"author":[{"embeddable":true,"href":"https:\/\/kurioworld.com\/es\/wp-json\/wp\/v2\/users\/2"}],"replies":[{"embeddable":true,"href":"https:\/\/kurioworld.com\/es\/wp-json\/wp\/v2\/comments?post=39"}],"version-history":[{"count":0,"href":"https:\/\/kurioworld.com\/es\/wp-json\/wp\/v2\/pages\/39\/revisions"}],"wp:attachment":[{"href":"https:\/\/kurioworld.com\/es\/wp-json\/wp\/v2\/media?parent=39"}],"curies":[{"name":"wp","href":"https:\/\/api.w.org\/{rel}","templated":true}]}}