{"id":8158,"date":"2013-05-31T08:44:43","date_gmt":"2013-05-31T08:44:43","guid":{"rendered":"http:\/\/impreza3.us-themes.com\/"},"modified":"2025-10-15T07:41:51","modified_gmt":"2025-10-15T07:41:51","slug":"home-2","status":"publish","type":"page","link":"https:\/\/kurioworld.com\/de\/","title":{"rendered":"Startseite"},"content":{"rendered":"<section class=\"l-section wpb_row height_auto width_full with_shape\"><div class=\"l-section-shape type_triangle-2 pos_bottom on_front\" style=\"height:15vmin;color:\"><svg xmlns=\"http:\/\/www.w3.org\/2000\/svg\" viewBox=\"0 0 64 8\" preserveAspectRatio=\"none\" width=\"100%\" height=\"100%\">\r\n\t<path fill=\"currentColor\" d=\"M64 8 L0 8 L0 0 L48 7.9 L64 0 Z\"\/>\r\n<\/svg><\/div><div class=\"l-section-h i-cf\"><div class=\"g-cols vc_row via_flex valign_middle type_default stacking_default\"><div class=\"vc_col-sm-12 wpb_column vc_column_container\"><div class=\"vc_column-inner\"><div class=\"wpb_wrapper\"><div class=\"w-image align_none\"><div class=\"w-image-h\"><img decoding=\"async\" width=\"2114\" height=\"1300\" src=\"https:\/\/kurioworld.com\/de\/wp-content\/uploads\/sites\/27\/2024\/10\/Home_lifeshot_08_Black_WATCH.jpg\" class=\"attachment-full size-full\" alt=\"\" loading=\"lazy\" srcset=\"https:\/\/kurioworld.com\/de\/wp-content\/uploads\/sites\/27\/2024\/10\/Home_lifeshot_08_Black_WATCH.jpg 2114w, https:\/\/kurioworld.com\/de\/wp-content\/uploads\/sites\/27\/2024\/10\/Home_lifeshot_08_Black_WATCH-300x184.jpg 300w, https:\/\/kurioworld.com\/de\/wp-content\/uploads\/sites\/27\/2024\/10\/Home_lifeshot_08_Black_WATCH-1024x630.jpg 1024w, https:\/\/kurioworld.com\/de\/wp-content\/uploads\/sites\/27\/2024\/10\/Home_lifeshot_08_Black_WATCH-600x369.jpg 600w, https:\/\/kurioworld.com\/de\/wp-content\/uploads\/sites\/27\/2024\/10\/Home_lifeshot_08_Black_WATCH-768x472.jpg 768w\" sizes=\"auto, (max-width: 2114px) 100vw, 2114px\" \/><\/div><\/div><\/div><\/div><\/div><\/div><\/div><\/section><section class=\"l-section wpb_row height_medium\" id=\"features\"><div class=\"l-section-h i-cf\"><div class=\"g-cols vc_row via_flex valign_top type_default stacking_default\"><div class=\"vc_col-sm-12 wpb_column vc_column_container\"><div class=\"vc_column-inner\"><div class=\"wpb_wrapper\"><div class=\"wpb_text_column\"><div class=\"wpb_wrapper\"><h5 style=\"text-align: left;\">Kurio ist der f\u00fchrende Anbieter preisgekr\u00f6nter, kindersicherer Technologieger\u00e4te. Das Unternehmen hat es sich zum Ziel gesetzt, interaktive Erlebnisse zu schaffen, die einen aktiven Lebensstil f\u00f6rdern, auf Hardware und Software in Erwachsenqualit\u00e4t, jedoch speziell im Hinblick auf Kindersicherheit entwickelt und mit kindgerechten Inhalten ausgestattet.<\/h5>\n<\/div><\/div><\/div><\/div><\/div><\/div><\/div><\/section><section class=\"l-section wpb_row height_medium color_footer-top\" id=\"products\"><div class=\"l-section-h i-cf\"><div class=\"g-cols vc_row via_flex valign_top type_default stacking_default\"><div class=\"vc_col-sm-12 wpb_column vc_column_container us_animate_fade\"><div class=\"vc_column-inner\"><div class=\"wpb_wrapper\"><div class=\"w-grid us_grid us_custom_5c579657 type_masonry layout_8620 cols_2 preload_style_spinner with_isotope ratio_4x3\" id=\"us_grid_1\" style=\"--columns:2;--gap:2rem;--item-ratio:0.75;\" data-filterable=\"true\"><style>@media (max-width:600px){#us_grid_1{--columns:1!important}}@media (min-width:1024px){#us_grid_1 .w-post-elm.post_title{font-size:30px!important}}.layout_8620 .w-grid-item-h{background:#edf0f2;color:#5d6770;border-radius:0.6000000000000001;box-shadow:0 0.06rem 0.12rem rgba(0,0,0,0.1),0 0.2rem 0.6rem rgba(0,0,0,0.1);transition-duration:0.3s}.no-touch .layout_8620 .w-grid-item-h:hover{box-shadow:0 0.12rem 0.24rem rgba(0,0,0,0.1),0 0.4rem 1.2rem rgba(0,0,0,0.15);z-index:4}.layout_8620 .usg_post_image_1{transition-duration:0.35s;transform-origin:50% 50%;transform:scale(1) translate(0%,0%)}.layout_8620 .w-grid-item-h:focus-within .usg_post_image_1,.layout_8620 .w-grid-item-h:hover .usg_post_image_1{transform:scale(1) translate(0%,-20%);opacity:0.5}.layout_8620 .usg_vwrapper_1{transition-duration:0.35s;transform-origin:50% 50%;transform:scale(1) translate(0%,101%);opacity:0.5}.layout_8620 .w-grid-item-h:focus-within .usg_vwrapper_1,.layout_8620 .w-grid-item-h:hover .usg_vwrapper_1{transform:scale(1) translate(0%,0%);opacity:1}.layout_8620 .usg_post_custom_field_1{transition-duration:0.35s;transform-origin:50% 50%;transform:scale(1) translate(0%,100%);opacity:0}.layout_8620 .w-grid-item-h:focus-within .usg_post_custom_field_1,.layout_8620 .w-grid-item-h:hover .usg_post_custom_field_1{transform:scale(1) translate(0%,0%);opacity:1}.layout_8620 .usg_post_image_1{position:absolute!important;left:0!important;top:0!important;bottom:0!important;right:0!important}.layout_8620 .usg_vwrapper_1{position:absolute!important;left:0!important;bottom:-1px!important;right:0!important;background:inherit!important;padding:1.2rem 1.5rem 1.2rem 1.5rem!important}.layout_8620 .usg_post_title_1{font-family:var(--h1-font-family)!important;font-weight:700!important;color:inherit!important}.layout_8620 .usg_post_custom_field_1{position:absolute!important;left:0!important;top:0!important;bottom:0!important;right:0!important}<\/style><div class=\"w-grid-list\">\t<article class=\"w-grid-item size_1x1 post-8684 us_portfolio type-us_portfolio status-publish has-post-thumbnail hentry us_portfolio_category-products us_portfolio_category-products-de\" data-id=\"8684\">\r\n\t\t<div class=\"w-grid-item-h\">\r\n\t\t\t\t\t\t\t<a href=\"https:\/\/kurioworld.com\/de\/products\/tablet-7-zoll-kika\/\" class=\"w-grid-item-anchor\" aria-label=\"Tablet 7 zoll Kika\"><\/a>\r\n\t\t\t\t\t\t<div class=\"w-post-elm post_image usg_post_image_1 stretched\"><img loading=\"lazy\" decoding=\"async\" width=\"1024\" height=\"768\" src=\"https:\/\/kurioworld.com\/de\/wp-content\/uploads\/sites\/27\/2025\/09\/2025_Tablette_Kika_Portfolio.png\" class=\"attachment-large size-large wp-post-image\" alt=\"\" srcset=\"https:\/\/kurioworld.com\/de\/wp-content\/uploads\/sites\/27\/2025\/09\/2025_Tablette_Kika_Portfolio.png 1024w, https:\/\/kurioworld.com\/de\/wp-content\/uploads\/sites\/27\/2025\/09\/2025_Tablette_Kika_Portfolio-300x225.png 300w, https:\/\/kurioworld.com\/de\/wp-content\/uploads\/sites\/27\/2025\/09\/2025_Tablette_Kika_Portfolio-600x450.png 600w, https:\/\/kurioworld.com\/de\/wp-content\/uploads\/sites\/27\/2025\/09\/2025_Tablette_Kika_Portfolio-768x576.png 768w\" sizes=\"auto, (max-width: 1024px) 100vw, 1024px\" \/><\/div><div class=\"w-post-elm post_custom_field usg_post_custom_field_1 type_image us_tile_additional_image color_link_inherit\"><img loading=\"lazy\" decoding=\"async\" width=\"1024\" height=\"768\" src=\"https:\/\/kurioworld.com\/de\/wp-content\/uploads\/sites\/27\/2025\/09\/2025_Tablette_Kika_Portfolio_Bis.png\" class=\"attachment-large size-large\" alt=\"\" srcset=\"https:\/\/kurioworld.com\/de\/wp-content\/uploads\/sites\/27\/2025\/09\/2025_Tablette_Kika_Portfolio_Bis.png 1024w, https:\/\/kurioworld.com\/de\/wp-content\/uploads\/sites\/27\/2025\/09\/2025_Tablette_Kika_Portfolio_Bis-300x225.png 300w, https:\/\/kurioworld.com\/de\/wp-content\/uploads\/sites\/27\/2025\/09\/2025_Tablette_Kika_Portfolio_Bis-600x450.png 600w, https:\/\/kurioworld.com\/de\/wp-content\/uploads\/sites\/27\/2025\/09\/2025_Tablette_Kika_Portfolio_Bis-768x576.png 768w\" sizes=\"auto, (max-width: 1024px) 100vw, 1024px\" \/><\/div><div class=\"w-vwrapper usg_vwrapper_1 grid_arrow_top align_center valign_top\"><h2 class=\"w-post-elm post_title usg_post_title_1 has_text_color entry-title color_link_inherit\">Tablet 7 zoll Kika<\/h2><\/div>\t\t<\/div>\r\n\t\t\t<\/article>\r\n\t<article class=\"w-grid-item size_1x1 post-8525 us_portfolio type-us_portfolio status-publish has-post-thumbnail hentry us_portfolio_category-products\" data-id=\"8525\">\r\n\t\t<div class=\"w-grid-item-h\">\r\n\t\t\t\t\t\t\t<a href=\"https:\/\/kurioworld.com\/de\/products\/kurio-smart-watch-3\/\" class=\"w-grid-item-anchor\" aria-label=\"Kurio SMART WATCH\"><\/a>\r\n\t\t\t\t\t\t<div class=\"w-post-elm post_image usg_post_image_1 stretched\"><img loading=\"lazy\" decoding=\"async\" width=\"1024\" height=\"768\" src=\"https:\/\/kurioworld.com\/de\/wp-content\/uploads\/sites\/27\/2024\/10\/Kurio_SMART_WATCH_Portfolio_CH.jpg\" class=\"attachment-large size-large wp-post-image\" alt=\"\" srcset=\"https:\/\/kurioworld.com\/de\/wp-content\/uploads\/sites\/27\/2024\/10\/Kurio_SMART_WATCH_Portfolio_CH.jpg 1024w, https:\/\/kurioworld.com\/de\/wp-content\/uploads\/sites\/27\/2024\/10\/Kurio_SMART_WATCH_Portfolio_CH-300x225.jpg 300w, https:\/\/kurioworld.com\/de\/wp-content\/uploads\/sites\/27\/2024\/10\/Kurio_SMART_WATCH_Portfolio_CH-600x450.jpg 600w, https:\/\/kurioworld.com\/de\/wp-content\/uploads\/sites\/27\/2024\/10\/Kurio_SMART_WATCH_Portfolio_CH-768x576.jpg 768w\" sizes=\"auto, (max-width: 1024px) 100vw, 1024px\" \/><\/div><div class=\"w-post-elm post_custom_field usg_post_custom_field_1 type_image us_tile_additional_image color_link_inherit\"><img loading=\"lazy\" decoding=\"async\" width=\"1024\" height=\"768\" src=\"https:\/\/kurioworld.com\/de\/wp-content\/uploads\/sites\/27\/2024\/10\/Kurio_SMART_WATCH_Portfolio_Bis_CH.jpg\" class=\"attachment-large size-large\" alt=\"\" srcset=\"https:\/\/kurioworld.com\/de\/wp-content\/uploads\/sites\/27\/2024\/10\/Kurio_SMART_WATCH_Portfolio_Bis_CH.jpg 1024w, https:\/\/kurioworld.com\/de\/wp-content\/uploads\/sites\/27\/2024\/10\/Kurio_SMART_WATCH_Portfolio_Bis_CH-300x225.jpg 300w, https:\/\/kurioworld.com\/de\/wp-content\/uploads\/sites\/27\/2024\/10\/Kurio_SMART_WATCH_Portfolio_Bis_CH-600x450.jpg 600w, https:\/\/kurioworld.com\/de\/wp-content\/uploads\/sites\/27\/2024\/10\/Kurio_SMART_WATCH_Portfolio_Bis_CH-768x576.jpg 768w\" sizes=\"auto, (max-width: 1024px) 100vw, 1024px\" \/><\/div><div class=\"w-vwrapper usg_vwrapper_1 grid_arrow_top align_center valign_top\"><h2 class=\"w-post-elm post_title usg_post_title_1 has_text_color entry-title color_link_inherit\">Kurio SMART WATCH<\/h2><\/div>\t\t<\/div>\r\n\t\t\t<\/article>\r\n<\/div>\t<div class=\"w-grid-preloader\">\r\n\t\t<div class=\"g-preloader type_1\">\r\n\t\t\t<div><\/div>\r\n\t\t<\/div>\r\n\t<\/div>\r\n\t\t<div class=\"w-grid-json hidden\" onclick='return {&quot;action&quot;:&quot;us_ajax_grid&quot;,&quot;infinite_scroll&quot;:0,&quot;max_num_pages&quot;:3,&quot;pagination&quot;:&quot;none&quot;,&quot;template_vars&quot;:{&quot;columns&quot;:&quot;2&quot;,&quot;exclude_items&quot;:&quot;none&quot;,&quot;img_size&quot;:&quot;default&quot;,&quot;ignore_items_size&quot;:0,&quot;items_layout&quot;:&quot;8620&quot;,&quot;items_offset&quot;:&quot;1&quot;,&quot;load_animation&quot;:&quot;none&quot;,&quot;overriding_link&quot;:&quot;%7B%22type%22%3A%22post%22%7D&quot;,&quot;post_id&quot;:0,&quot;query_args&quot;:{&quot;post_type&quot;:[&quot;us_portfolio&quot;],&quot;tax_query&quot;:[{&quot;taxonomy&quot;:&quot;us_portfolio_category&quot;,&quot;field&quot;:&quot;slug&quot;,&quot;terms&quot;:[&quot;products&quot;]}],&quot;post_status&quot;:[&quot;publish&quot;],&quot;posts_per_page&quot;:&quot;2&quot;},&quot;orderby_query_args&quot;:{&quot;orderby&quot;:{&quot;date&quot;:&quot;DESC&quot;}},&quot;type&quot;:&quot;masonry&quot;,&quot;us_grid_post_type&quot;:&quot;us_portfolio&quot;,&quot;us_grid_ajax_index&quot;:1,&quot;us_grid_filter_query_string&quot;:null,&quot;us_grid_index&quot;:1,&quot;page_args&quot;:[]}}'><\/div>\r\n\t<\/div><\/div><\/div><\/div><\/div><\/div><\/section><section class=\"l-section wpb_row height_small\" id=\"Our-Mission\"><div class=\"l-section-h i-cf\"><div class=\"g-cols vc_row via_flex valign_top type_default stacking_default\"><div class=\"vc_col-sm-12 wpb_column vc_column_container\"><div class=\"vc_column-inner\"><div class=\"wpb_wrapper\"><div class=\"wpb_text_column\"><div class=\"wpb_wrapper\"><h2>Unsere Mission<\/h2>\n<\/div><\/div><\/div><\/div><\/div><\/div><\/div><\/section><section class=\"l-section wpb_row height_small\"><div class=\"l-section-h i-cf\"><div class=\"g-cols vc_row via_flex valign_top type_default stacking_default\"><div class=\"vc_col-sm-4 wpb_column vc_column_container\"><div class=\"vc_column-inner\"><div class=\"wpb_wrapper\"><div class=\"w-iconbox iconpos_left style_default color_secondary align_left\"><div class=\"w-iconbox-icon\" style=\"font-size:3rem;\"><i class=\"fas fa-tablet-android-alt\"><\/i><\/div><div class=\"w-iconbox-meta\"><h4 class=\"w-iconbox-title\">Wir bieten elektronische Produkte in Top Qualit\u00e4t<\/h4><div class=\"w-iconbox-text\"><p>und nicht nur ein Spielzeug<\/p>\n<\/div><\/div><\/div><\/div><\/div><\/div><div class=\"vc_col-sm-4 wpb_column vc_column_container\"><div class=\"vc_column-inner\"><div class=\"wpb_wrapper\"><div class=\"w-iconbox iconpos_left style_default color_secondary align_left\"><div class=\"w-iconbox-icon\" style=\"font-size:3rem;\"><i class=\"fas fa-shield-check\"><\/i><\/div><div class=\"w-iconbox-meta\"><h4 class=\"w-iconbox-title\">Sicherheit steht an erster Stelle<\/h4><div class=\"w-iconbox-text\"><p>Sowohl in Bezug auf Software als auch auf Hardware<\/p>\n<\/div><\/div><\/div><\/div><\/div><\/div><div class=\"vc_col-sm-4 wpb_column vc_column_container\"><div class=\"vc_column-inner\"><div class=\"wpb_wrapper\"><div class=\"w-iconbox iconpos_left style_default color_secondary align_left\"><div class=\"w-iconbox-icon\" style=\"font-size:3rem;\"><i class=\"fas fa-shield-check\"><\/i><\/div><div class=\"w-iconbox-meta\"><h4 class=\"w-iconbox-title\">Mit einer Out-of-the-Box-Erfahrung<\/h4><div class=\"w-iconbox-text\"><p>f\u00fcr sofortigen Spa\u00df<\/p>\n<\/div><\/div><\/div><\/div><\/div><\/div><\/div><\/div><\/section><section class=\"l-section wpb_row Text_Left height_auto\"><div class=\"l-section-h i-cf\"><div class=\"g-cols vc_row via_flex valign_middle type_default stacking_default\"><div class=\"vc_col-sm-6 wpb_column vc_column_container\"><div class=\"vc_column-inner\"><div class=\"wpb_wrapper\"><\/div><\/div><\/div><div class=\"vc_col-sm-6 wpb_column vc_column_container\"><div class=\"vc_column-inner\"><div class=\"wpb_wrapper\"><\/div><\/div><\/div><\/div><\/div><\/section><section class=\"l-section wpb_row Text_Left height_auto\"><div class=\"l-section-h i-cf\"><div class=\"g-cols vc_row via_flex valign_middle type_default stacking_default\"><div class=\"vc_col-sm-6 wpb_column vc_column_container\"><div class=\"vc_column-inner\"><div class=\"wpb_wrapper\"><div class=\"wpb_text_column\"><div class=\"wpb_wrapper\"><h5>Unsere smarten und sicheren Ger\u00e4te werden mit h\u00f6chstem Qualit\u00e4tsanspruch und gr\u00f6\u00dfter Sorgfalt entwickelt. So k\u00f6nnen Kinder die digitale Welt selbstbewusst entdecken, w\u00e4hrend Eltern sich auf ein gutes Gef\u00fchl der Sicherheit verlassen k\u00f6nnen.<\/h5>\n<\/div><\/div><\/div><\/div><\/div><div class=\"vc_col-sm-6 wpb_column vc_column_container\"><div class=\"vc_column-inner\"><div class=\"wpb_wrapper\"><div class=\"w-image align_none\"><div class=\"w-image-h\"><img decoding=\"async\" width=\"1024\" height=\"683\" src=\"https:\/\/kurioworld.com\/de\/wp-content\/uploads\/sites\/27\/2024\/10\/Home_lifeshot_09_OK-1024x683.jpg\" class=\"attachment-large size-large\" alt=\"\" loading=\"lazy\" srcset=\"https:\/\/kurioworld.com\/de\/wp-content\/uploads\/sites\/27\/2024\/10\/Home_lifeshot_09_OK-1024x683.jpg 1024w, https:\/\/kurioworld.com\/de\/wp-content\/uploads\/sites\/27\/2024\/10\/Home_lifeshot_09_OK-300x200.jpg 300w, https:\/\/kurioworld.com\/de\/wp-content\/uploads\/sites\/27\/2024\/10\/Home_lifeshot_09_OK-600x400.jpg 600w, https:\/\/kurioworld.com\/de\/wp-content\/uploads\/sites\/27\/2024\/10\/Home_lifeshot_09_OK-768x512.jpg 768w, https:\/\/kurioworld.com\/de\/wp-content\/uploads\/sites\/27\/2024\/10\/Home_lifeshot_09_OK.jpg 1900w\" sizes=\"auto, (max-width: 1024px) 100vw, 1024px\" \/><\/div><\/div><\/div><\/div><\/div><\/div><\/div><\/section><section class=\"l-section wpb_row height_medium color_secondary with_shape\"><div class=\"l-section-shape type_triangle-2-inv pos_top on_front\" style=\"height:5vh;\"><svg xmlns=\"http:\/\/www.w3.org\/2000\/svg\" viewBox=\"0 0 64 8\" preserveAspectRatio=\"none\" width=\"100%\" height=\"100%\">\r\n\t<path fill=\"currentColor\" d=\"M64 9 L0 9 L0 7.9 L48 0 L64 7.9 Z\"\/>\r\n<\/svg><\/div><div class=\"l-section-h i-cf\"><div class=\"g-cols vc_row via_flex valign_top type_default stacking_default\"><div class=\"vc_col-sm-12 wpb_column vc_column_container\"><div class=\"vc_column-inner\"><div class=\"wpb_wrapper\"><div class=\"w-separator size_large\"><\/div><div class=\"wpb_text_column\"><div class=\"wpb_wrapper\"><h2>Unsere Werte<\/h2>\n<\/div><\/div><div class=\"g-cols wpb_row us_custom_938809ae via_flex valign_middle type_default stacking_default\"><div class=\"vc_col-sm-3 wpb_column vc_column_container\"><div class=\"vc_column-inner\"><div class=\"wpb_wrapper\"><div class=\"w-iconbox iconpos_left style_outlined color_custom align_left no_text\"><div class=\"w-iconbox-icon\" style=\"font-size:2rem;--icon-color:#FFED00;\"><i class=\"fas fa-hand-holding-heart\"><\/i><\/div><div class=\"w-iconbox-meta\"><h5 class=\"w-iconbox-title\">Das ist uns wichtig!<\/h5><\/div><\/div><\/div><\/div><\/div><div class=\"vc_col-sm-3 wpb_column vc_column_container\"><div class=\"vc_column-inner\"><div class=\"wpb_wrapper\"><div class=\"w-iconbox iconpos_left style_outlined color_custom align_left no_text\"><div class=\"w-iconbox-icon\" style=\"font-size:2rem;--icon-color:#FFED00;\"><i class=\"fas fa-badge-check\"><\/i><\/div><div class=\"w-iconbox-meta\"><h5 class=\"w-iconbox-title\">H\u00f6chster Qaulit\u00e4tsstandard<\/h5><\/div><\/div><\/div><\/div><\/div><div class=\"vc_col-sm-3 wpb_column vc_column_container\"><div class=\"vc_column-inner\"><div class=\"wpb_wrapper\"><div class=\"w-iconbox iconpos_left style_outlined color_custom align_left no_text\"><div class=\"w-iconbox-icon\" style=\"font-size:2rem;--icon-color:#FFED00;\"><i class=\"fas fa-life-ring\"><\/i><\/div><div class=\"w-iconbox-meta\"><h5 class=\"w-iconbox-title\">Sicherheit<\/h5><\/div><\/div><\/div><\/div><\/div><div class=\"vc_col-sm-3 wpb_column vc_column_container\"><div class=\"vc_column-inner\"><div class=\"wpb_wrapper\"><div class=\"w-iconbox iconpos_left style_outlined color_custom align_left no_text\"><div class=\"w-iconbox-icon\" style=\"font-size:2rem;--icon-color:#FFED00;\"><i class=\"fas fa-bullseye-arrow\"><\/i><\/div><div class=\"w-iconbox-meta\"><h5 class=\"w-iconbox-title\">Zuverl\u00e4ssigkeit<\/h5><\/div><\/div><\/div><\/div><\/div><\/div><div class=\"g-cols wpb_row us_custom_938809ae via_flex valign_middle type_default stacking_default\"><div class=\"vc_col-sm-3 wpb_column vc_column_container\"><div class=\"vc_column-inner\"><div class=\"wpb_wrapper\"><div class=\"w-iconbox iconpos_left style_outlined color_custom align_left no_text\"><div class=\"w-iconbox-icon\" style=\"font-size:2rem;--icon-color:#FFED00;\"><i class=\"fas fa-recycle\"><\/i><\/div><div class=\"w-iconbox-meta\"><h5 class=\"w-iconbox-title\">Langlebigkeit<\/h5><\/div><\/div><\/div><\/div><\/div><div class=\"vc_col-sm-3 wpb_column vc_column_container\"><div class=\"vc_column-inner\"><div class=\"wpb_wrapper\"><div class=\"w-iconbox iconpos_left style_outlined color_custom align_left no_text\"><div class=\"w-iconbox-icon\" style=\"font-size:2rem;--icon-color:#FFED00;\"><i class=\"fas fa-smile-wink\"><\/i><\/div><div class=\"w-iconbox-meta\"><h5 class=\"w-iconbox-title\">Spa\u00df am Produkt<\/h5><\/div><\/div><\/div><\/div><\/div><div class=\"vc_col-sm-3 wpb_column vc_column_container\"><div class=\"vc_column-inner\"><div class=\"wpb_wrapper\"><div class=\"w-iconbox iconpos_left style_outlined color_custom align_left no_text\"><div class=\"w-iconbox-icon\" style=\"font-size:2rem;--icon-color:#FFED00;\"><i class=\"fas fa-users\"><\/i><\/div><div class=\"w-iconbox-meta\"><h5 class=\"w-iconbox-title\">Alles Inklusive<\/h5><\/div><\/div><\/div><\/div><\/div><div class=\"vc_col-sm-3 wpb_column vc_column_container\"><div class=\"vc_column-inner\"><div class=\"wpb_wrapper\"><div class=\"w-iconbox iconpos_left style_outlined color_custom align_left no_text\"><div class=\"w-iconbox-icon\" style=\"font-size:2rem;--icon-color:#FFED00;\"><i class=\"fas fa-sparkles\"><\/i><\/div><div class=\"w-iconbox-meta\"><h5 class=\"w-iconbox-title\">Modernit\u00e4t<\/h5><\/div><\/div><\/div><\/div><\/div><\/div><\/div><\/div><\/div><\/div><\/div><\/section><section class=\"l-section wpb_row height_medium\"><div class=\"l-section-h i-cf\"><div class=\"g-cols vc_row via_flex valign_middle type_default stacking_default\"><div class=\"vc_col-sm-12 wpb_column vc_column_container\"><div class=\"vc_column-inner\"><div class=\"wpb_wrapper\"><div class=\"wpb_text_column\"><div class=\"wpb_wrapper\"><h5>Unterst\u00fctzen Sie unsere Mission, einen sicheren digitalen Raum f\u00fcr Kinder zu schaffen. Entdecken Sie Kurio Safe Tech for Kids und erfahren Sie, wie wir eine sichere und intelligente Zukunft f\u00fcr Ihre Kinder gestalten.<\/h5>\n<\/div><\/div><\/div><\/div><\/div><\/div><\/div><\/section><section class=\"l-section wpb_row height_large color_primary\"><div class=\"l-section-h i-cf\"><div class=\"g-cols vc_row via_flex valign_top type_default stacking_default\"><div class=\"vc_col-sm-12 wpb_column vc_column_container\"><div class=\"vc_column-inner\"><div class=\"wpb_wrapper\"><div class=\"w-actionbox color_primary controls_right\"><div class=\"w-actionbox-text\"><h2 class=\"w-actionbox-title\">Ben\u00f6tigen Sie Hilfe?<\/h2><div class=\"w-actionbox-description\"><p>Klicken Sie hier f\u00fcr technischen Support<\/p>\n<\/div><\/div><div class=\"w-actionbox-controls\"><a class=\"w-btn us-btn-style_3 icon_atleft\" style=\"font-size:22px\" href=\"https:\/\/kurioworld.com\/de\/support\/\"><i class=\"fas fa-question\"><\/i><span class=\"w-btn-label\">Technischer Support<\/span><\/a><\/div><\/div><\/div><\/div><\/div><\/div><\/div><\/section>\n","protected":false},"excerpt":{"rendered":"Die vernetzte Uhr F\u00dcR AKTIVE KINDER! Willkommen bei der KURIO SMARTWATCH Wo Fitness auf Spa\u00df f\u00fcr Kinder trifft! Wir bei Kurio glauben an die F\u00f6rderung eines aktiven Lebensstils durch innovative Technologie, die speziell f\u00fcr Kinder entwickelt wurde. Unsere Fitness-Smartwatch kombiniert fortschrittliche Sport-Tracking-Funktionen mit einem ansprechenden, kinderfreundlichen Design und Spielen, was sie zum perfekten Begleiter f\u00fcr...","protected":false},"author":2,"featured_media":0,"parent":0,"menu_order":0,"comment_status":"closed","ping_status":"closed","template":"","meta":{"footnotes":""},"class_list":["post-8158","page","type-page","status-publish","hentry"],"yoast_head":"<!-- This site is optimized with the Yoast SEO plugin v27.3 - https:\/\/yoast.com\/product\/yoast-seo-wordpress\/ -->\n<title>Startseite - Kurioworld DE<\/title>\n<meta name=\"robots\" content=\"noindex, follow, max-snippet:-1, max-image-preview:large, max-video-preview:-1\" \/>\n<meta property=\"og:locale\" content=\"de_DE\" \/>\n<meta property=\"og:type\" content=\"article\" \/>\n<meta property=\"og:title\" content=\"Startseite - Kurioworld DE\" \/>\n<meta property=\"og:url\" content=\"https:\/\/kurioworld.com\/de\/\" \/>\n<meta property=\"og:site_name\" content=\"Kurioworld DE\" \/>\n<meta property=\"article:modified_time\" content=\"2025-10-15T07:41:51+00:00\" \/>\n<meta name=\"twitter:card\" content=\"summary_large_image\" \/>\n<meta name=\"twitter:label1\" content=\"Gesch\u00e4tzte Lesezeit\" \/>\n\t<meta name=\"twitter:data1\" content=\"2 Minuten\" \/>\n<script type=\"application\/ld+json\" class=\"yoast-schema-graph\">{\"@context\":\"https:\\\/\\\/schema.org\",\"@graph\":[{\"@type\":\"WebPage\",\"@id\":\"https:\\\/\\\/kurioworld.com\\\/de\\\/\",\"url\":\"https:\\\/\\\/kurioworld.com\\\/de\\\/\",\"name\":\"Startseite - Kurioworld DE\",\"isPartOf\":{\"@id\":\"https:\\\/\\\/kurioworld.com\\\/de\\\/#website\"},\"datePublished\":\"2013-05-31T08:44:43+00:00\",\"dateModified\":\"2025-10-15T07:41:51+00:00\",\"breadcrumb\":{\"@id\":\"https:\\\/\\\/kurioworld.com\\\/de\\\/#breadcrumb\"},\"inLanguage\":\"de-DE\",\"potentialAction\":[{\"@type\":\"ReadAction\",\"target\":[\"https:\\\/\\\/kurioworld.com\\\/de\\\/\"]}]},{\"@type\":\"BreadcrumbList\",\"@id\":\"https:\\\/\\\/kurioworld.com\\\/de\\\/#breadcrumb\",\"itemListElement\":[{\"@type\":\"ListItem\",\"position\":1,\"name\":\"Portada\",\"item\":\"https:\\\/\\\/kurioworld.com\\\/de\\\/\"},{\"@type\":\"ListItem\",\"position\":2,\"name\":\"Startseite\"}]},{\"@type\":\"WebSite\",\"@id\":\"https:\\\/\\\/kurioworld.com\\\/de\\\/#website\",\"url\":\"https:\\\/\\\/kurioworld.com\\\/de\\\/\",\"name\":\"Kurioworld DE\",\"description\":\"Ultimate Devices Built for Kids\",\"potentialAction\":[{\"@type\":\"SearchAction\",\"target\":{\"@type\":\"EntryPoint\",\"urlTemplate\":\"https:\\\/\\\/kurioworld.com\\\/de\\\/?s={search_term_string}\"},\"query-input\":{\"@type\":\"PropertyValueSpecification\",\"valueRequired\":true,\"valueName\":\"search_term_string\"}}],\"inLanguage\":\"de-DE\"}]}<\/script>\n<!-- \/ Yoast SEO plugin. -->","yoast_head_json":{"title":"Startseite - Kurioworld DE","robots":{"index":"noindex","follow":"follow","max-snippet":"max-snippet:-1","max-image-preview":"max-image-preview:large","max-video-preview":"max-video-preview:-1"},"og_locale":"de_DE","og_type":"article","og_title":"Startseite - Kurioworld DE","og_url":"https:\/\/kurioworld.com\/de\/","og_site_name":"Kurioworld DE","article_modified_time":"2025-10-15T07:41:51+00:00","twitter_card":"summary_large_image","twitter_misc":{"Gesch\u00e4tzte Lesezeit":"2 Minuten"},"schema":{"@context":"https:\/\/schema.org","@graph":[{"@type":"WebPage","@id":"https:\/\/kurioworld.com\/de\/","url":"https:\/\/kurioworld.com\/de\/","name":"Startseite - Kurioworld DE","isPartOf":{"@id":"https:\/\/kurioworld.com\/de\/#website"},"datePublished":"2013-05-31T08:44:43+00:00","dateModified":"2025-10-15T07:41:51+00:00","breadcrumb":{"@id":"https:\/\/kurioworld.com\/de\/#breadcrumb"},"inLanguage":"de-DE","potentialAction":[{"@type":"ReadAction","target":["https:\/\/kurioworld.com\/de\/"]}]},{"@type":"BreadcrumbList","@id":"https:\/\/kurioworld.com\/de\/#breadcrumb","itemListElement":[{"@type":"ListItem","position":1,"name":"Portada","item":"https:\/\/kurioworld.com\/de\/"},{"@type":"ListItem","position":2,"name":"Startseite"}]},{"@type":"WebSite","@id":"https:\/\/kurioworld.com\/de\/#website","url":"https:\/\/kurioworld.com\/de\/","name":"Kurioworld DE","description":"Ultimate Devices Built for Kids","potentialAction":[{"@type":"SearchAction","target":{"@type":"EntryPoint","urlTemplate":"https:\/\/kurioworld.com\/de\/?s={search_term_string}"},"query-input":{"@type":"PropertyValueSpecification","valueRequired":true,"valueName":"search_term_string"}}],"inLanguage":"de-DE"}]}},"_links":{"self":[{"href":"https:\/\/kurioworld.com\/de\/wp-json\/wp\/v2\/pages\/8158","targetHints":{"allow":["GET"]}}],"collection":[{"href":"https:\/\/kurioworld.com\/de\/wp-json\/wp\/v2\/pages"}],"about":[{"href":"https:\/\/kurioworld.com\/de\/wp-json\/wp\/v2\/types\/page"}],"author":[{"embeddable":true,"href":"https:\/\/kurioworld.com\/de\/wp-json\/wp\/v2\/users\/2"}],"replies":[{"embeddable":true,"href":"https:\/\/kurioworld.com\/de\/wp-json\/wp\/v2\/comments?post=8158"}],"version-history":[{"count":0,"href":"https:\/\/kurioworld.com\/de\/wp-json\/wp\/v2\/pages\/8158\/revisions"}],"wp:attachment":[{"href":"https:\/\/kurioworld.com\/de\/wp-json\/wp\/v2\/media?parent=8158"}],"curies":[{"name":"wp","href":"https:\/\/api.w.org\/{rel}","templated":true}]}}