{"id":4307,"date":"2015-10-21T09:31:45","date_gmt":"2015-10-21T09:31:45","guid":{"rendered":"http:\/\/impreza3.us-themes.com\/?page_id=4307"},"modified":"2015-10-21T09:31:45","modified_gmt":"2015-10-21T09:31:45","slug":"about-us","status":"publish","type":"page","link":"https:\/\/kurioworld.com\/de\/about-us\/","title":{"rendered":"Qui sommes nous"},"content":{"rendered":"<section class=\"l-section wpb_row height_medium full_height valign_center color_secondary with_img\"><div class=\"l-section-img\" role=\"img\" aria-label=\"Bild\" data-img-width=\"1528\" data-img-height=\"992\" style=\"background-image: url(https:\/\/kurioworld.com\/de\/wp-content\/uploads\/sites\/27\/2015\/10\/Kurio_Watch_life-shot.jpg);\"><\/div><div class=\"l-section-h i-cf\"><div class=\"g-cols vc_row via_flex valign_bottom type_default stacking_default\"><div class=\"vc_col-sm-6 wpb_column vc_column_container\"><div class=\"vc_column-inner\"><div class=\"wpb_wrapper\"><div class=\"w-separator size_custom\" style=\"height:300px\"><\/div><div class=\"wpb_text_column TextShadow\"><div class=\"wpb_wrapper\"><h2 style=\"text-align: center\"><strong>All about kids<\/strong><\/h2>\n<\/div><\/div><div class=\"w-iconbox iconpos_top style_circle color_secondary align_center no_text no_title\"><a href=\"#who-we-are\" class=\"w-iconbox-link\" aria-label=\"material|keyboard arrow down\"><div class=\"w-iconbox-icon\" style=\"font-size:2rem;\"><i class=\"material-icons\">keyboard_arrow_down<\/i><\/div><\/a><div class=\"w-iconbox-meta\"><\/div><\/div><\/div><\/div><\/div><div class=\"vc_col-sm-6 wpb_column vc_column_container\"><div class=\"vc_column-inner\"><div class=\"wpb_wrapper\"><\/div><\/div><\/div><\/div><\/div><\/section><section class=\"l-section wpb_row height_medium with_img\" id=\"who-we-are\"><div class=\"l-section-img\" role=\"img\" aria-label=\"Bild\" data-img-width=\"965\" data-img-height=\"543\" style=\"background-image: url(https:\/\/kurioworld.com\/de\/wp-content\/uploads\/sites\/27\/2015\/10\/BG_White-drawings.jpg);background-position: top left;background-size: auto;\"><\/div><div class=\"l-section-h i-cf\"><div class=\"g-cols vc_row via_flex valign_middle type_default stacking_default\"><div class=\"vc_col-sm-6 wpb_column vc_column_container\"><div class=\"vc_column-inner\"><div class=\"wpb_wrapper\"><div class=\"wpb_text_column Orange\"><div class=\"wpb_wrapper\"><h1 style=\"text-align: right\">QUI SOMMES NOUS<\/h1>\n<p style=\"text-align: right\">Cr\u00e9e en 1996, KD Group est une entreprise internationale qui\u00a0 vend, commercialise et distribue ses produits, avec une pr\u00e9sence en Europe, Asie, Am\u00e9rique du Nord et au-del\u00e0.<\/p>\n<\/div><\/div><\/div><\/div><\/div><div class=\"vc_col-sm-6 wpb_column vc_column_container\"><div class=\"vc_column-inner\"><div class=\"wpb_wrapper\"><div class=\"w-separator size_custom\" style=\"height:100px\"><\/div><div class=\"wpb_text_column\"><div class=\"wpb_wrapper\"><p>Nous avons plus de 20 ans d&#8217;exp\u00e9rience dans le d\u00e9veloppement de jouets interactifs et de technologies pour les enfants de tous les \u00e2ges! Notre but premier est de d\u00e9velopper et lancer des jouets innovants et bas\u00e9s sur une technologie s\u00fbre, ainsi que des tablettes et produits pour les jeunes enfants allant du premier \u00e2ge aux adolescents.<\/p>\n<p>Avec nos 100 collaborateurs \u00e0 travers le monde, nous participons\u00a0 au divertissement, \u00e0 l&#8217;enrichissement et l&#8217;\u00e9volution des enfants et m\u00eame de leurs parents. En plus de\u00a0ses propres marques, KD Group poss\u00e8de un portefeuille\u00a0comptant les licenses les plus appr\u00e9ci\u00e9es par les enfants, comme\u00a0la license pat&#8217;Patrouille, Disney, Peppa Pig ou Sam le Pompier et plus encore&#8230;<\/p>\n<\/div><\/div><\/div><\/div><\/div><\/div><\/div><\/section><section class=\"l-section wpb_row height_huge with_img parallax_ver parallaxdir_reversed\" id=\"building\"><div class=\"l-section-img\" role=\"img\" aria-label=\"Bild\" data-img-width=\"1920\" data-img-height=\"1280\" style=\"background-image: url(https:\/\/kurioworld.com\/de\/wp-content\/uploads\/sites\/27\/2015\/10\/AboutUs-1.jpg);background-repeat: no-repeat;\"><\/div><div class=\"l-section-h i-cf\"><div class=\"g-cols vc_row via_flex valign_top type_default stacking_default\"><div class=\"vc_col-sm-12 wpb_column vc_column_container\"><div class=\"vc_column-inner\"><div class=\"wpb_wrapper\"><div class=\"w-separator size_custom\" style=\"height:200px\"><\/div><\/div><\/div><\/div><\/div><\/div><\/section><section class=\"l-section wpb_row height_medium with_img parallax_fixed\"><div class=\"l-section-img\" role=\"img\" aria-label=\"Bild\" data-img-width=\"965\" data-img-height=\"543\" style=\"background-image: url(https:\/\/kurioworld.com\/de\/wp-content\/uploads\/sites\/27\/2015\/10\/BG_White-drawings.jpg);background-position: top left;background-size: auto;\"><\/div><div class=\"l-section-h i-cf\"><div class=\"g-cols vc_row via_flex valign_top type_default stacking_default\"><div class=\"vc_col-sm-12 wpb_column vc_column_container\"><div class=\"vc_column-inner\"><div class=\"wpb_wrapper\"><div class=\"g-cols wpb_row via_flex valign_top type_default stacking_default\"><div class=\"vc_col-sm-2 wpb_column vc_column_container\"><div class=\"vc_column-inner\"><div class=\"wpb_wrapper\"><\/div><\/div><\/div><div class=\"vc_col-sm-8 wpb_column vc_column_container us_animate_aft\" style=\"animation-delay:0.2s\"><div class=\"vc_column-inner\"><div class=\"wpb_wrapper\"><\/div><\/div><\/div><div class=\"vc_col-sm-2 wpb_column vc_column_container\"><div class=\"vc_column-inner\"><div class=\"wpb_wrapper\"><\/div><\/div><\/div><\/div><div class=\"g-cols wpb_row via_flex valign_top type_default stacking_default\" style=\"--additional-gap:30;\"><div class=\"vc_col-sm-6 wpb_column vc_column_container us_animate_afl\"><div class=\"vc_column-inner\"><div class=\"wpb_wrapper\"><div class=\"wpb_text_column us_custom_4de3ce74 Green\"><div class=\"wpb_wrapper\"><h1>MISSION &amp; VALEURS<\/h1>\n<\/div><\/div><\/div><\/div><\/div><div class=\"vc_col-sm-6 wpb_column vc_column_container us_animate_afr\"><div class=\"vc_column-inner\"><div class=\"wpb_wrapper\"><div class=\"wpb_text_column us_custom_4de3ce74\"><div class=\"wpb_wrapper\"><p>Our mission is to provide children and families around the world with educational and fun products that perfectly combine innovation, safety and technology to provide a truly one-of-a-kind experience!<\/p>\n<\/div><\/div><\/div><\/div><\/div><\/div><div class=\"g-cols wpb_row via_flex valign_top type_default stacking_default\" style=\"--additional-gap:30;\"><div class=\"vc_col-sm-6 wpb_column vc_column_container us_animate_afl\" style=\"animation-delay:0.2s\"><div class=\"vc_column-inner\"><div class=\"wpb_wrapper\"><div class=\"w-iconbox Green iconpos_left style_circle color_custom align_left\"><div class=\"w-iconbox-icon\" style=\"font-size:1.5em;--icon-color:#ffffff;\"><i class=\"far fa-lightbulb\"><\/i><\/div><div class=\"w-iconbox-meta\"><h4 class=\"w-iconbox-title\">INNOVATION<\/h4><div class=\"w-iconbox-text\"><p>Sur chaque produit que nous d\u00e9veloppons, nous essayons tant que possible d&#8217;impl\u00e9menter la toute derni\u00e8re technologie \u00e0 nos logiciels, mat\u00e9riels informatiques et contenus. <\/p>\n<\/div><\/div><\/div><\/div><\/div><\/div><div class=\"vc_col-sm-6 wpb_column vc_column_container us_animate_afr\" style=\"animation-delay:0.2s\"><div class=\"vc_column-inner\"><div class=\"wpb_wrapper\"><div class=\"w-iconbox Green iconpos_left style_circle color_custom align_left\"><div class=\"w-iconbox-icon\" style=\"font-size:1.5em;--icon-color:#ffffff;\"><i class=\"material-icons\">verified_user<\/i><\/div><div class=\"w-iconbox-meta\"><h4 class=\"w-iconbox-title\">QUALITE<\/h4><div class=\"w-iconbox-text\"><p>Notre priorit\u00e9 absolue est de s&#8217;assurer que nos produits soient de la meilleure qualit\u00e9 possible en respectant et d\u00e9passant m\u00eame les standards de s\u00e9curit\u00e9.<\/p>\n<\/div><\/div><\/div><\/div><\/div><\/div><\/div><div class=\"g-cols wpb_row via_flex valign_top type_default stacking_default\" style=\"--additional-gap:30;\"><div class=\"vc_col-sm-6 wpb_column vc_column_container us_animate_afl\" style=\"animation-delay:0.4s\"><div class=\"vc_column-inner\"><div class=\"wpb_wrapper\"><div class=\"w-iconbox Green iconpos_left style_circle color_custom align_left\"><div class=\"w-iconbox-icon\" style=\"font-size:1.5em;--icon-color:#ffffff;\"><i class=\"material-icons\">security<\/i><\/div><div class=\"w-iconbox-meta\"><h4 class=\"w-iconbox-title\">S\u00dbRETE<\/h4><div class=\"w-iconbox-text\"><p>Nous sommes conformes \u00e0 la COPPA (Children&#8217;s Online Privacy Protection Act, loi des Etats Unis sur la protection de la vie priv\u00e9e des enfants sur internet) et la CE. Nous cr\u00e9ons les appareils les plus s\u00fbrs destin\u00e9s aux enfants. <\/p>\n<\/div><\/div><\/div><\/div><\/div><\/div><div class=\"vc_col-sm-6 wpb_column vc_column_container us_animate_afr\" style=\"animation-delay:0.4s\"><div class=\"vc_column-inner\"><div class=\"wpb_wrapper\"><div class=\"w-iconbox Green iconpos_left style_circle color_custom align_left\"><div class=\"w-iconbox-icon\" style=\"font-size:1.5em;--icon-color:#ffffff;\"><i class=\"material-icons\">brush<\/i><\/div><div class=\"w-iconbox-meta\"><h4 class=\"w-iconbox-title\">CREATION<\/h4><div class=\"w-iconbox-text\"><p>Nous sommes engag\u00e9s \u00e0 cr\u00e9er les meilleurs produits pour les enfants. Nous sommes constamment en train d&#8217;ajouter une touche &#8222;magique&#8220; \u00e0 nos produits!<\/p>\n<\/div><\/div><\/div><\/div><\/div><\/div><\/div><div class=\"g-cols wpb_row via_flex valign_top type_default stacking_default\" style=\"--additional-gap:30;\"><div class=\"vc_col-sm-6 wpb_column vc_column_container us_animate_afl\" style=\"animation-delay:0.6s\"><div class=\"vc_column-inner\"><div class=\"wpb_wrapper\"><div class=\"w-iconbox Green iconpos_left style_circle color_custom align_left\"><div class=\"w-iconbox-icon\" style=\"font-size:1.5em;--icon-color:#ffffff;\"><i class=\"fas fa-cogs\"><\/i><\/div><div class=\"w-iconbox-meta\"><h4 class=\"w-iconbox-title\">TECHNOLOGIE<\/h4><div class=\"w-iconbox-text\"><p>Nous sommes en capacit\u00e9 de r\u00e9agir rapidement aux nouvelles technologies, aux derni\u00e8res tendances et au changement constant des besoins et valeurs des familles et enfants. <\/p>\n<\/div><\/div><\/div><\/div><\/div><\/div><div class=\"vc_col-sm-6 wpb_column vc_column_container us_animate_afr\" style=\"animation-delay:0.6s\"><div class=\"vc_column-inner\"><div class=\"wpb_wrapper\"><div class=\"w-iconbox Green iconpos_left style_circle color_custom align_left\"><div class=\"w-iconbox-icon\" style=\"font-size:1.5em;--icon-color:#ffffff;\"><i class=\"fas fa-fighter-jet\"><\/i><\/div><div class=\"w-iconbox-meta\"><h4 class=\"w-iconbox-title\">EFFICACITE<\/h4><div class=\"w-iconbox-text\"><p>Nous sommes extr\u00eamement efficaces et flexibles lorsqu&#8217;il s&#8217;agit de r\u00e9pondre \u00e0 la demande vari\u00e9e de nos clients en respectant les d\u00e9lais de production et distribution.<\/p>\n<\/div><\/div><\/div><\/div><\/div><\/div><\/div><\/div><\/div><\/div><\/div><\/div><\/section><section class=\"l-section wpb_row height_small color_secondary with_img\"><div class=\"l-section-img\" role=\"img\" aria-label=\"Bild\" style=\"background-image: url(https:\/\/kurioworld.com\/de\/wp-content\/plugins\/us-core\/assets\/images\/placeholder.svg);background-position: center left;background-repeat: no-repeat;background-size: auto;\"><\/div><div class=\"l-section-h i-cf\"><div class=\"g-cols vc_row via_flex valign_top type_default stacking_default\"><div class=\"vc_col-sm-12 wpb_column vc_column_container\"><div class=\"vc_column-inner\"><div class=\"wpb_wrapper\"><div class=\"w-actionbox color_secondary controls_right\"><div class=\"w-actionbox-text\"><h3 class=\"w-actionbox-title\" style=\"font-size:h3\">En savoir plus&#8230;<\/h3><\/div><div class=\"w-actionbox-controls\"><a class=\"w-btn us-btn-style_3 icon_atleft\" style=\"font-size:18px\" target=\" _blank\" rel=\"nofollow\" href=\"http:\/\/www.group-kd.com\"><i class=\"material-icons\">open_in_browser<\/i><span class=\"w-btn-label\">www.group-kd.com<\/span><\/a><\/div><\/div><\/div><\/div><\/div><\/div><\/div><\/section>\n","protected":false},"excerpt":{"rendered":"All about kids keyboard_arrow_downQUI SOMMES NOUS Cr\u00e9e en 1996, KD Group est une entreprise internationale qui\u00a0 vend, commercialise et distribue ses produits, avec une pr\u00e9sence en Europe, Asie, Am\u00e9rique du Nord et au-del\u00e0. Nous avons plus de 20 ans d&#8217;exp\u00e9rience dans le d\u00e9veloppement de jouets interactifs et de technologies pour les enfants de tous les...","protected":false},"author":2,"featured_media":0,"parent":0,"menu_order":0,"comment_status":"closed","ping_status":"closed","template":"","meta":{"footnotes":""},"class_list":["post-4307","page","type-page","status-publish","hentry"],"yoast_head":"<!-- This site is optimized with the Yoast SEO plugin v27.2 - https:\/\/yoast.com\/product\/yoast-seo-wordpress\/ -->\n<title>Qui sommes nous - Kurioworld DE<\/title>\n<meta name=\"robots\" content=\"noindex, follow, max-snippet:-1, max-image-preview:large, max-video-preview:-1\" \/>\n<meta property=\"og:locale\" content=\"de_DE\" \/>\n<meta property=\"og:type\" content=\"article\" \/>\n<meta property=\"og:title\" content=\"Qui sommes nous - Kurioworld DE\" \/>\n<meta property=\"og:url\" content=\"https:\/\/kurioworld.com\/de\/about-us\/\" \/>\n<meta property=\"og:site_name\" content=\"Kurioworld DE\" \/>\n<meta name=\"twitter:card\" content=\"summary_large_image\" \/>\n<meta name=\"twitter:label1\" content=\"Gesch\u00e4tzte Lesezeit\" \/>\n\t<meta name=\"twitter:data1\" content=\"5 Minuten\" \/>\n<script type=\"application\/ld+json\" class=\"yoast-schema-graph\">{\"@context\":\"https:\/\/schema.org\",\"@graph\":[{\"@type\":\"WebPage\",\"@id\":\"https:\/\/kurioworld.com\/de\/about-us\/\",\"url\":\"https:\/\/kurioworld.com\/de\/about-us\/\",\"name\":\"Qui sommes nous - Kurioworld DE\",\"isPartOf\":{\"@id\":\"https:\/\/kurioworld.com\/de\/#website\"},\"datePublished\":\"2015-10-21T09:31:45+00:00\",\"breadcrumb\":{\"@id\":\"https:\/\/kurioworld.com\/de\/about-us\/#breadcrumb\"},\"inLanguage\":\"de-DE\",\"potentialAction\":[{\"@type\":\"ReadAction\",\"target\":[\"https:\/\/kurioworld.com\/de\/about-us\/\"]}]},{\"@type\":\"BreadcrumbList\",\"@id\":\"https:\/\/kurioworld.com\/de\/about-us\/#breadcrumb\",\"itemListElement\":[{\"@type\":\"ListItem\",\"position\":1,\"name\":\"Portada\",\"item\":\"https:\/\/kurioworld.com\/de\/\"},{\"@type\":\"ListItem\",\"position\":2,\"name\":\"Qui sommes nous\"}]},{\"@type\":\"WebSite\",\"@id\":\"https:\/\/kurioworld.com\/de\/#website\",\"url\":\"https:\/\/kurioworld.com\/de\/\",\"name\":\"Kurioworld DE\",\"description\":\"Ultimate Devices Built for Kids\",\"potentialAction\":[{\"@type\":\"SearchAction\",\"target\":{\"@type\":\"EntryPoint\",\"urlTemplate\":\"https:\/\/kurioworld.com\/de\/?s={search_term_string}\"},\"query-input\":{\"@type\":\"PropertyValueSpecification\",\"valueRequired\":true,\"valueName\":\"search_term_string\"}}],\"inLanguage\":\"de-DE\"}]}<\/script>\n<!-- \/ Yoast SEO plugin. -->","yoast_head_json":{"title":"Qui sommes nous - Kurioworld DE","robots":{"index":"noindex","follow":"follow","max-snippet":"max-snippet:-1","max-image-preview":"max-image-preview:large","max-video-preview":"max-video-preview:-1"},"og_locale":"de_DE","og_type":"article","og_title":"Qui sommes nous - Kurioworld DE","og_url":"https:\/\/kurioworld.com\/de\/about-us\/","og_site_name":"Kurioworld DE","twitter_card":"summary_large_image","twitter_misc":{"Gesch\u00e4tzte Lesezeit":"5 Minuten"},"schema":{"@context":"https:\/\/schema.org","@graph":[{"@type":"WebPage","@id":"https:\/\/kurioworld.com\/de\/about-us\/","url":"https:\/\/kurioworld.com\/de\/about-us\/","name":"Qui sommes nous - Kurioworld DE","isPartOf":{"@id":"https:\/\/kurioworld.com\/de\/#website"},"datePublished":"2015-10-21T09:31:45+00:00","breadcrumb":{"@id":"https:\/\/kurioworld.com\/de\/about-us\/#breadcrumb"},"inLanguage":"de-DE","potentialAction":[{"@type":"ReadAction","target":["https:\/\/kurioworld.com\/de\/about-us\/"]}]},{"@type":"BreadcrumbList","@id":"https:\/\/kurioworld.com\/de\/about-us\/#breadcrumb","itemListElement":[{"@type":"ListItem","position":1,"name":"Portada","item":"https:\/\/kurioworld.com\/de\/"},{"@type":"ListItem","position":2,"name":"Qui sommes nous"}]},{"@type":"WebSite","@id":"https:\/\/kurioworld.com\/de\/#website","url":"https:\/\/kurioworld.com\/de\/","name":"Kurioworld DE","description":"Ultimate Devices Built for Kids","potentialAction":[{"@type":"SearchAction","target":{"@type":"EntryPoint","urlTemplate":"https:\/\/kurioworld.com\/de\/?s={search_term_string}"},"query-input":{"@type":"PropertyValueSpecification","valueRequired":true,"valueName":"search_term_string"}}],"inLanguage":"de-DE"}]}},"_links":{"self":[{"href":"https:\/\/kurioworld.com\/de\/wp-json\/wp\/v2\/pages\/4307","targetHints":{"allow":["GET"]}}],"collection":[{"href":"https:\/\/kurioworld.com\/de\/wp-json\/wp\/v2\/pages"}],"about":[{"href":"https:\/\/kurioworld.com\/de\/wp-json\/wp\/v2\/types\/page"}],"author":[{"embeddable":true,"href":"https:\/\/kurioworld.com\/de\/wp-json\/wp\/v2\/users\/2"}],"replies":[{"embeddable":true,"href":"https:\/\/kurioworld.com\/de\/wp-json\/wp\/v2\/comments?post=4307"}],"version-history":[{"count":0,"href":"https:\/\/kurioworld.com\/de\/wp-json\/wp\/v2\/pages\/4307\/revisions"}],"wp:attachment":[{"href":"https:\/\/kurioworld.com\/de\/wp-json\/wp\/v2\/media?parent=4307"}],"curies":[{"name":"wp","href":"https:\/\/api.w.org\/{rel}","templated":true}]}}