{"id":39,"date":"2013-05-31T12:09:26","date_gmt":"2013-05-31T12:09:26","guid":{"rendered":"http:\/\/impreza3.us-themes.com\/portfolio\/"},"modified":"2023-01-25T11:57:08","modified_gmt":"2023-01-25T11:57:08","slug":"products","status":"publish","type":"page","link":"https:\/\/kurioworld.com\/ch\/products\/","title":{"rendered":"Produits"},"content":{"rendered":"<section class=\"l-section wpb_row height_auto full_height valign_center color_footer-top\"><div class=\"l-section-h i-cf\"><div class=\"g-cols vc_row via_flex valign_top type_default stacking_default\"><div class=\"vc_col-sm-12 wpb_column vc_column_container\"><div class=\"vc_column-inner\"><div class=\"wpb_wrapper\"><div class=\"w-grid us_grid type_grid layout_7568 cols_2 preload_style_spinner ratio_4x3\" id=\"us_grid_1\" style=\"--columns:2;--gap:10px;--item-ratio:0.75;\" data-filterable=\"true\"><style>@media (max-width:600px){#us_grid_1{--columns:1!important}}@media (min-width:1024px){#us_grid_1 .w-post-elm.post_title{font-size:30px!important}}.layout_7568 .w-grid-item-h{background:#ffffff;color:#676f7c;border-radius:0.6rem;box-shadow:0 0.06rem 0.12rem rgba(0,0,0,0.1),0 0.2rem 0.6rem rgba(0,0,0,0.1);transition-duration:0.3s}.no-touch .layout_7568 .w-grid-item-h:hover{box-shadow:0 0.12rem 0.24rem rgba(0,0,0,0.1),0 0.4rem 1.2rem rgba(0,0,0,0.15);z-index:4}.layout_7568 .usg_post_image_1{transition-duration:0.35s}.layout_7568 .w-grid-item-h:focus-within .usg_post_image_1,.layout_7568 .w-grid-item-h:hover .usg_post_image_1{}.layout_7568 .usg_vwrapper_1{transition-duration:0.35s}.layout_7568 .w-grid-item-h:focus-within .usg_vwrapper_1,.layout_7568 .w-grid-item-h:hover .usg_vwrapper_1{}.layout_7568 .usg_post_custom_field_1{transition-duration:0.35s}.layout_7568 .w-grid-item-h:focus-within .usg_post_custom_field_1,.layout_7568 .w-grid-item-h:hover .usg_post_custom_field_1{}.layout_7568 .usg_post_image_1{position:absolute!important;top:0!important;right:0!important;bottom:0!important;left:0!important}.layout_7568 .usg_vwrapper_1{position:absolute!important;right:0!important;bottom:-1px!important;left:0!important;background:inherit!important;padding:1.2rem 1.5rem 1.2rem 1.5rem!important}.layout_7568 .usg_post_title_1{font-family:var(--h1-font-family)!important;font-size:1.2rem!important;color:inherit!important}.layout_7568 .usg_post_custom_field_1{position:absolute!important;top:0!important;right:0!important;bottom:0!important;left:0!important;font-family:var(--font-family)!important}<\/style><div class=\"w-grid-list\">\t<article class=\"w-grid-item size_1x1 post-8525 us_portfolio type-us_portfolio status-publish has-post-thumbnail hentry us_portfolio_category-products\" data-id=\"8525\">\r\n\t\t<div class=\"w-grid-item-h\">\r\n\t\t\t\t\t\t\t<a href=\"https:\/\/kurioworld.com\/ch\/products\/kurio-smart-watch\/\" class=\"w-grid-item-anchor\" aria-label=\"Kurio SMART WATCH\"><\/a>\r\n\t\t\t\t\t\t<div class=\"w-post-elm post_image usg_post_image_1 stretched\"><img loading=\"lazy\" decoding=\"async\" width=\"1024\" height=\"768\" src=\"https:\/\/kurioworld.com\/ch\/wp-content\/uploads\/sites\/6\/2024\/10\/Kurio_SMART_WATCH_Portfolio_CH.jpg\" class=\"attachment-full size-full wp-post-image\" alt=\"\" srcset=\"https:\/\/kurioworld.com\/ch\/wp-content\/uploads\/sites\/6\/2024\/10\/Kurio_SMART_WATCH_Portfolio_CH.jpg 1024w, https:\/\/kurioworld.com\/ch\/wp-content\/uploads\/sites\/6\/2024\/10\/Kurio_SMART_WATCH_Portfolio_CH-300x225.jpg 300w, https:\/\/kurioworld.com\/ch\/wp-content\/uploads\/sites\/6\/2024\/10\/Kurio_SMART_WATCH_Portfolio_CH-600x450.jpg 600w, https:\/\/kurioworld.com\/ch\/wp-content\/uploads\/sites\/6\/2024\/10\/Kurio_SMART_WATCH_Portfolio_CH-768x576.jpg 768w\" sizes=\"auto, (max-width: 1024px) 100vw, 1024px\" \/><\/div><div class=\"w-post-elm post_custom_field usg_post_custom_field_1 type_image us_tile_additional_image color_link_inherit\"><img loading=\"lazy\" decoding=\"async\" width=\"1024\" height=\"768\" src=\"https:\/\/kurioworld.com\/ch\/wp-content\/uploads\/sites\/6\/2024\/10\/Kurio_SMART_WATCH_Portfolio_Bis_CH.jpg\" class=\"attachment-full size-full\" alt=\"\" srcset=\"https:\/\/kurioworld.com\/ch\/wp-content\/uploads\/sites\/6\/2024\/10\/Kurio_SMART_WATCH_Portfolio_Bis_CH.jpg 1024w, https:\/\/kurioworld.com\/ch\/wp-content\/uploads\/sites\/6\/2024\/10\/Kurio_SMART_WATCH_Portfolio_Bis_CH-300x225.jpg 300w, https:\/\/kurioworld.com\/ch\/wp-content\/uploads\/sites\/6\/2024\/10\/Kurio_SMART_WATCH_Portfolio_Bis_CH-600x450.jpg 600w, https:\/\/kurioworld.com\/ch\/wp-content\/uploads\/sites\/6\/2024\/10\/Kurio_SMART_WATCH_Portfolio_Bis_CH-768x576.jpg 768w\" sizes=\"auto, (max-width: 1024px) 100vw, 1024px\" \/><\/div><div class=\"w-vwrapper usg_vwrapper_1 grid_arrow_top align_center\"><h2 class=\"w-post-elm post_title usg_post_title_1 has_text_color entry-title color_link_inherit\">Kurio SMART WATCH<\/h2><\/div>\t\t<\/div>\r\n\t\t\t<\/article>\r\n\t<article class=\"w-grid-item size_1x1 post-8301 us_portfolio type-us_portfolio status-publish has-post-thumbnail hentry us_portfolio_category-products\" data-id=\"8301\">\r\n\t\t<div class=\"w-grid-item-h\">\r\n\t\t\t\t\t\t\t<a href=\"https:\/\/kurioworld.com\/ch\/products\/kurio-tablet-7-inch\/\" class=\"w-grid-item-anchor\" aria-label=\"Kurio Tablet 7 inch\"><\/a>\r\n\t\t\t\t\t\t<div class=\"w-post-elm post_image usg_post_image_1 stretched\"><img loading=\"lazy\" decoding=\"async\" width=\"1024\" height=\"768\" src=\"https:\/\/kurioworld.com\/ch\/wp-content\/uploads\/sites\/6\/2024\/01\/Tablette_7_Portfolio.jpg\" class=\"attachment-full size-full wp-post-image\" alt=\"\" srcset=\"https:\/\/kurioworld.com\/ch\/wp-content\/uploads\/sites\/6\/2024\/01\/Tablette_7_Portfolio.jpg 1024w, https:\/\/kurioworld.com\/ch\/wp-content\/uploads\/sites\/6\/2024\/01\/Tablette_7_Portfolio-300x225.jpg 300w, https:\/\/kurioworld.com\/ch\/wp-content\/uploads\/sites\/6\/2024\/01\/Tablette_7_Portfolio-600x450.jpg 600w, https:\/\/kurioworld.com\/ch\/wp-content\/uploads\/sites\/6\/2024\/01\/Tablette_7_Portfolio-768x576.jpg 768w\" sizes=\"auto, (max-width: 1024px) 100vw, 1024px\" \/><\/div><div class=\"w-post-elm post_custom_field usg_post_custom_field_1 type_image us_tile_additional_image color_link_inherit\"><img loading=\"lazy\" decoding=\"async\" width=\"1024\" height=\"768\" src=\"https:\/\/kurioworld.com\/ch\/wp-content\/uploads\/sites\/6\/2024\/01\/Tablette_7_Portfolio_Bis.jpg\" class=\"attachment-full size-full\" alt=\"\" srcset=\"https:\/\/kurioworld.com\/ch\/wp-content\/uploads\/sites\/6\/2024\/01\/Tablette_7_Portfolio_Bis.jpg 1024w, https:\/\/kurioworld.com\/ch\/wp-content\/uploads\/sites\/6\/2024\/01\/Tablette_7_Portfolio_Bis-300x225.jpg 300w, https:\/\/kurioworld.com\/ch\/wp-content\/uploads\/sites\/6\/2024\/01\/Tablette_7_Portfolio_Bis-600x450.jpg 600w, https:\/\/kurioworld.com\/ch\/wp-content\/uploads\/sites\/6\/2024\/01\/Tablette_7_Portfolio_Bis-768x576.jpg 768w\" sizes=\"auto, (max-width: 1024px) 100vw, 1024px\" \/><\/div><div class=\"w-vwrapper usg_vwrapper_1 grid_arrow_top align_center\"><h2 class=\"w-post-elm post_title usg_post_title_1 has_text_color entry-title color_link_inherit\">Kurio Tablet 7 inch<\/h2><\/div>\t\t<\/div>\r\n\t\t\t<\/article>\r\n<\/div>\t<div class=\"w-grid-preloader\">\r\n\t\t<div class=\"g-preloader type_1\">\r\n\t\t\t<div><\/div>\r\n\t\t<\/div>\r\n\t<\/div>\r\n\t\t<div class=\"w-grid-json hidden\" onclick='return {&quot;action&quot;:&quot;us_ajax_grid&quot;,&quot;infinite_scroll&quot;:0,&quot;max_num_pages&quot;:2,&quot;pagination&quot;:&quot;none&quot;,&quot;template_vars&quot;:{&quot;columns&quot;:&quot;2&quot;,&quot;exclude_items&quot;:&quot;none&quot;,&quot;img_size&quot;:&quot;full&quot;,&quot;ignore_items_size&quot;:0,&quot;items_layout&quot;:&quot;7568&quot;,&quot;items_offset&quot;:&quot;1&quot;,&quot;load_animation&quot;:&quot;none&quot;,&quot;overriding_link&quot;:&quot;%7B%22type%22%3A%22post%22%7D&quot;,&quot;post_id&quot;:0,&quot;query_args&quot;:{&quot;post_type&quot;:[&quot;us_portfolio&quot;],&quot;tax_query&quot;:[{&quot;taxonomy&quot;:&quot;us_portfolio_category&quot;,&quot;field&quot;:&quot;slug&quot;,&quot;terms&quot;:[&quot;products&quot;]}],&quot;post_status&quot;:[&quot;publish&quot;],&quot;posts_per_page&quot;:&quot;2&quot;},&quot;orderby_query_args&quot;:{&quot;orderby&quot;:{&quot;date&quot;:&quot;DESC&quot;}},&quot;type&quot;:&quot;grid&quot;,&quot;us_grid_post_type&quot;:&quot;us_portfolio&quot;,&quot;us_grid_ajax_index&quot;:1,&quot;us_grid_filter_query_string&quot;:null,&quot;us_grid_index&quot;:1,&quot;page_args&quot;:[]}}'><\/div>\r\n\t<\/div><\/div><\/div><\/div><\/div><\/div><\/section>\n","protected":false},"excerpt":{"rendered":"Key FeaturesDemo VideoContr\u00f4le parental Kurio Genius Filtre Web Plus de 38 milliards de page Internet filtr\u00e9es,\u00a0cat\u00e9goris\u00e9es et mis \u00e0 jour quotidiennement (avec mise \u00e0 jour automatique). Diff\u00e9rents profils de filtrage pr\u00e9d\u00e9finis \u00e0 choisir ou \u00e0 personnaliser. Des listes de sites bloqu\u00e9s ou autoris\u00e9s faciles \u00e0 g\u00e9rer afin d\u2019\u00e9viter tout contenu inappropri\u00e9. L\u2019intensit\u00e9 du filtre parental...","protected":false},"author":2,"featured_media":0,"parent":0,"menu_order":0,"comment_status":"closed","ping_status":"closed","template":"","meta":{"footnotes":""},"class_list":["post-39","page","type-page","status-publish","hentry"],"yoast_head":"<!-- This site is optimized with the Yoast SEO plugin v27.3 - https:\/\/yoast.com\/product\/yoast-seo-wordpress\/ -->\n<title>Produits - Kurioworld CH<\/title>\n<meta name=\"robots\" content=\"noindex, follow, max-snippet:-1, max-image-preview:large, max-video-preview:-1\" \/>\n<meta property=\"og:locale\" content=\"fr_FR\" \/>\n<meta property=\"og:type\" content=\"article\" \/>\n<meta property=\"og:title\" content=\"Produits - Kurioworld CH\" \/>\n<meta property=\"og:url\" content=\"https:\/\/kurioworld.com\/ch\/products\/\" \/>\n<meta property=\"og:site_name\" content=\"Kurioworld CH\" \/>\n<meta property=\"article:modified_time\" content=\"2023-01-25T11:57:08+00:00\" \/>\n<meta name=\"twitter:card\" content=\"summary_large_image\" \/>\n<meta name=\"twitter:label1\" content=\"Dur\u00e9e de lecture estim\u00e9e\" \/>\n\t<meta name=\"twitter:data1\" content=\"1 minute\" \/>\n<script type=\"application\/ld+json\" class=\"yoast-schema-graph\">{\"@context\":\"https:\\\/\\\/schema.org\",\"@graph\":[{\"@type\":\"WebPage\",\"@id\":\"https:\\\/\\\/kurioworld.com\\\/ch\\\/products\\\/\",\"url\":\"https:\\\/\\\/kurioworld.com\\\/ch\\\/products\\\/\",\"name\":\"Produits - Kurioworld CH\",\"isPartOf\":{\"@id\":\"https:\\\/\\\/kurioworld.com\\\/ch\\\/#website\"},\"datePublished\":\"2013-05-31T12:09:26+00:00\",\"dateModified\":\"2023-01-25T11:57:08+00:00\",\"breadcrumb\":{\"@id\":\"https:\\\/\\\/kurioworld.com\\\/ch\\\/products\\\/#breadcrumb\"},\"inLanguage\":\"fr-FR\",\"potentialAction\":[{\"@type\":\"ReadAction\",\"target\":[\"https:\\\/\\\/kurioworld.com\\\/ch\\\/products\\\/\"]}]},{\"@type\":\"BreadcrumbList\",\"@id\":\"https:\\\/\\\/kurioworld.com\\\/ch\\\/products\\\/#breadcrumb\",\"itemListElement\":[{\"@type\":\"ListItem\",\"position\":1,\"name\":\"Portada\",\"item\":\"https:\\\/\\\/kurioworld.com\\\/ch\\\/\"},{\"@type\":\"ListItem\",\"position\":2,\"name\":\"Produits\"}]},{\"@type\":\"WebSite\",\"@id\":\"https:\\\/\\\/kurioworld.com\\\/ch\\\/#website\",\"url\":\"https:\\\/\\\/kurioworld.com\\\/ch\\\/\",\"name\":\"Kurioworld CH\",\"description\":\"Ultimate Devices Built for Kids\",\"potentialAction\":[{\"@type\":\"SearchAction\",\"target\":{\"@type\":\"EntryPoint\",\"urlTemplate\":\"https:\\\/\\\/kurioworld.com\\\/ch\\\/?s={search_term_string}\"},\"query-input\":{\"@type\":\"PropertyValueSpecification\",\"valueRequired\":true,\"valueName\":\"search_term_string\"}}],\"inLanguage\":\"fr-FR\"}]}<\/script>\n<!-- \/ Yoast SEO plugin. -->","yoast_head_json":{"title":"Produits - Kurioworld CH","robots":{"index":"noindex","follow":"follow","max-snippet":"max-snippet:-1","max-image-preview":"max-image-preview:large","max-video-preview":"max-video-preview:-1"},"og_locale":"fr_FR","og_type":"article","og_title":"Produits - Kurioworld CH","og_url":"https:\/\/kurioworld.com\/ch\/products\/","og_site_name":"Kurioworld CH","article_modified_time":"2023-01-25T11:57:08+00:00","twitter_card":"summary_large_image","twitter_misc":{"Dur\u00e9e de lecture estim\u00e9e":"1 minute"},"schema":{"@context":"https:\/\/schema.org","@graph":[{"@type":"WebPage","@id":"https:\/\/kurioworld.com\/ch\/products\/","url":"https:\/\/kurioworld.com\/ch\/products\/","name":"Produits - Kurioworld CH","isPartOf":{"@id":"https:\/\/kurioworld.com\/ch\/#website"},"datePublished":"2013-05-31T12:09:26+00:00","dateModified":"2023-01-25T11:57:08+00:00","breadcrumb":{"@id":"https:\/\/kurioworld.com\/ch\/products\/#breadcrumb"},"inLanguage":"fr-FR","potentialAction":[{"@type":"ReadAction","target":["https:\/\/kurioworld.com\/ch\/products\/"]}]},{"@type":"BreadcrumbList","@id":"https:\/\/kurioworld.com\/ch\/products\/#breadcrumb","itemListElement":[{"@type":"ListItem","position":1,"name":"Portada","item":"https:\/\/kurioworld.com\/ch\/"},{"@type":"ListItem","position":2,"name":"Produits"}]},{"@type":"WebSite","@id":"https:\/\/kurioworld.com\/ch\/#website","url":"https:\/\/kurioworld.com\/ch\/","name":"Kurioworld CH","description":"Ultimate Devices Built for Kids","potentialAction":[{"@type":"SearchAction","target":{"@type":"EntryPoint","urlTemplate":"https:\/\/kurioworld.com\/ch\/?s={search_term_string}"},"query-input":{"@type":"PropertyValueSpecification","valueRequired":true,"valueName":"search_term_string"}}],"inLanguage":"fr-FR"}]}},"_links":{"self":[{"href":"https:\/\/kurioworld.com\/ch\/wp-json\/wp\/v2\/pages\/39","targetHints":{"allow":["GET"]}}],"collection":[{"href":"https:\/\/kurioworld.com\/ch\/wp-json\/wp\/v2\/pages"}],"about":[{"href":"https:\/\/kurioworld.com\/ch\/wp-json\/wp\/v2\/types\/page"}],"author":[{"embeddable":true,"href":"https:\/\/kurioworld.com\/ch\/wp-json\/wp\/v2\/users\/2"}],"replies":[{"embeddable":true,"href":"https:\/\/kurioworld.com\/ch\/wp-json\/wp\/v2\/comments?post=39"}],"version-history":[{"count":0,"href":"https:\/\/kurioworld.com\/ch\/wp-json\/wp\/v2\/pages\/39\/revisions"}],"wp:attachment":[{"href":"https:\/\/kurioworld.com\/ch\/wp-json\/wp\/v2\/media?parent=39"}],"curies":[{"name":"wp","href":"https:\/\/api.w.org\/{rel}","templated":true}]}}